{"id":9636,"date":"2025-04-16T09:39:55","date_gmt":"2025-04-16T07:39:55","guid":{"rendered":"https:\/\/dev.freiwerk.de\/hawi\/produkte\/wieszak-na-ramki-do-zdjec-z-gladkim-polkolem-2\/"},"modified":"2025-04-16T09:39:55","modified_gmt":"2025-04-16T07:39:55","slug":"wieszak-na-ramki-do-zdjec-z-gladkim-polkolem-2","status":"publish","type":"product","link":"https:\/\/ha-wi.com\/pl\/produkte\/wieszak-na-ramki-do-zdjec-z-gladkim-polkolem-2\/","title":{"rendered":"Wieszak na ramki do zdj\u0119\u0107 z g\u0142adkim p\u00f3\u0142kolem"},"content":{"rendered":"<p>Wieszak na ramki do zdj\u0119\u0107 z g\u0142adkim p\u00f3\u0142kolem<\/p>\n","protected":false},"excerpt":{"rendered":"<p>Wieszak na ramki do zdj\u0119\u0107 z g\u0142adkim p\u00f3\u0142kolem<\/p>\n","protected":false},"featured_media":5004,"template":"","meta":{"_et_pb_use_builder":"","_et_pb_old_content":"","_et_gb_content_width":""},"product_brand":[],"product_cat":[3308],"product_tag":[],"class_list":{"0":"post-9636","1":"product","2":"type-product","3":"status-publish","4":"has-post-thumbnail","6":"product_cat-wieszak","8":"first","9":"instock","10":"shipping-taxable","11":"purchasable","12":"product-type-variable"},"yoast_head":"<!-- This site is optimized with the Yoast SEO plugin v27.2 - https:\/\/yoast.com\/product\/yoast-seo-wordpress\/ -->\n<title>Wieszak na ramki do zdj\u0119\u0107 z g\u0142adkim p\u00f3\u0142kolem - HA-WI Kunststoffe<\/title>\n<meta name=\"robots\" content=\"index, follow, max-snippet:-1, max-image-preview:large, max-video-preview:-1\" \/>\n<link rel=\"canonical\" href=\"https:\/\/ha-wi.com\/pl\/produkte\/wieszak-na-ramki-do-zdjec-z-gladkim-polkolem-2\/\" \/>\n<meta property=\"og:locale\" content=\"pl_PL\" \/>\n<meta property=\"og:type\" content=\"article\" \/>\n<meta property=\"og:title\" content=\"Wieszak na ramki do zdj\u0119\u0107 z g\u0142adkim p\u00f3\u0142kolem - HA-WI Kunststoffe\" \/>\n<meta property=\"og:description\" content=\"Wieszak na ramki do zdj\u0119\u0107 z g\u0142adkim p\u00f3\u0142kolem\" \/>\n<meta property=\"og:url\" content=\"https:\/\/ha-wi.com\/pl\/produkte\/wieszak-na-ramki-do-zdjec-z-gladkim-polkolem-2\/\" \/>\n<meta property=\"og:site_name\" content=\"HA-WI Kunststoffe\" \/>\n<meta property=\"og:image\" content=\"https:\/\/ha-wi.com\/wp-content\/uploads\/2025\/04\/41625_vorab.jpg\" \/>\n\t<meta property=\"og:image:width\" content=\"2128\" \/>\n\t<meta property=\"og:image:height\" content=\"1590\" \/>\n\t<meta property=\"og:image:type\" content=\"image\/jpeg\" \/>\n<script type=\"application\/ld+json\" class=\"yoast-schema-graph\">{\"@context\":\"https:\/\/schema.org\",\"@graph\":[{\"@type\":\"WebPage\",\"@id\":\"https:\/\/ha-wi.com\/pl\/produkte\/wieszak-na-ramki-do-zdjec-z-gladkim-polkolem-2\/\",\"url\":\"https:\/\/ha-wi.com\/pl\/produkte\/wieszak-na-ramki-do-zdjec-z-gladkim-polkolem-2\/\",\"name\":\"Wieszak na ramki do zdj\u0119\u0107 z g\u0142adkim p\u00f3\u0142kolem - HA-WI Kunststoffe\",\"isPartOf\":{\"@id\":\"https:\/\/ha-wi.com\/pl\/#website\"},\"primaryImageOfPage\":{\"@id\":\"https:\/\/ha-wi.com\/pl\/produkte\/wieszak-na-ramki-do-zdjec-z-gladkim-polkolem-2\/#primaryimage\"},\"image\":{\"@id\":\"https:\/\/ha-wi.com\/pl\/produkte\/wieszak-na-ramki-do-zdjec-z-gladkim-polkolem-2\/#primaryimage\"},\"thumbnailUrl\":\"https:\/\/ha-wi.com\/wp-content\/uploads\/2025\/04\/41625_vorab.jpg\",\"datePublished\":\"2025-04-16T07:39:55+00:00\",\"breadcrumb\":{\"@id\":\"https:\/\/ha-wi.com\/pl\/produkte\/wieszak-na-ramki-do-zdjec-z-gladkim-polkolem-2\/#breadcrumb\"},\"inLanguage\":\"pl-PL\",\"potentialAction\":[{\"@type\":\"ReadAction\",\"target\":[\"https:\/\/ha-wi.com\/pl\/produkte\/wieszak-na-ramki-do-zdjec-z-gladkim-polkolem-2\/\"]}]},{\"@type\":\"ImageObject\",\"inLanguage\":\"pl-PL\",\"@id\":\"https:\/\/ha-wi.com\/pl\/produkte\/wieszak-na-ramki-do-zdjec-z-gladkim-polkolem-2\/#primaryimage\",\"url\":\"https:\/\/ha-wi.com\/wp-content\/uploads\/2025\/04\/41625_vorab.jpg\",\"contentUrl\":\"https:\/\/ha-wi.com\/wp-content\/uploads\/2025\/04\/41625_vorab.jpg\",\"width\":2128,\"height\":1590},{\"@type\":\"BreadcrumbList\",\"@id\":\"https:\/\/ha-wi.com\/pl\/produkte\/wieszak-na-ramki-do-zdjec-z-gladkim-polkolem-2\/#breadcrumb\",\"itemListElement\":[{\"@type\":\"ListItem\",\"position\":1,\"name\":\"Startseite\",\"item\":\"https:\/\/ha-wi.com\/pl\/strona-glowna\/\"},{\"@type\":\"ListItem\",\"position\":2,\"name\":\"Produkty\",\"item\":\"https:\/\/ha-wi.com\/pl\/produkty\/\"},{\"@type\":\"ListItem\",\"position\":3,\"name\":\"Wieszak na ramki do zdj\u0119\u0107 z g\u0142adkim p\u00f3\u0142kolem\"}]},{\"@type\":\"WebSite\",\"@id\":\"https:\/\/ha-wi.com\/pl\/#website\",\"url\":\"https:\/\/ha-wi.com\/pl\/\",\"name\":\"HA-WI Kunststoffe: pr\u00e4zise Spritzgussteile aus Bad Laasphe\",\"description\":\"\",\"publisher\":{\"@id\":\"https:\/\/ha-wi.com\/pl\/#organization\"},\"potentialAction\":[{\"@type\":\"SearchAction\",\"target\":{\"@type\":\"EntryPoint\",\"urlTemplate\":\"https:\/\/ha-wi.com\/pl\/?s={search_term_string}\"},\"query-input\":{\"@type\":\"PropertyValueSpecification\",\"valueRequired\":true,\"valueName\":\"search_term_string\"}}],\"inLanguage\":\"pl-PL\"},{\"@type\":\"Organization\",\"@id\":\"https:\/\/ha-wi.com\/pl\/#organization\",\"name\":\"HA-WI Kunststoffe GmbH & Co. KG\",\"url\":\"https:\/\/ha-wi.com\/pl\/\",\"logo\":{\"@type\":\"ImageObject\",\"inLanguage\":\"pl-PL\",\"@id\":\"https:\/\/ha-wi.com\/pl\/#\/schema\/logo\/image\/\",\"url\":\"https:\/\/ha-wi.com\/wp-content\/uploads\/2024\/08\/logo-hawi-kunststoffe.svg\",\"contentUrl\":\"https:\/\/ha-wi.com\/wp-content\/uploads\/2024\/08\/logo-hawi-kunststoffe.svg\",\"width\":1,\"height\":1,\"caption\":\"HA-WI Kunststoffe GmbH & Co. KG\"},\"image\":{\"@id\":\"https:\/\/ha-wi.com\/pl\/#\/schema\/logo\/image\/\"}}]}<\/script>\n<!-- \/ Yoast SEO plugin. -->","yoast_head_json":{"title":"Wieszak na ramki do zdj\u0119\u0107 z g\u0142adkim p\u00f3\u0142kolem - HA-WI Kunststoffe","robots":{"index":"index","follow":"follow","max-snippet":"max-snippet:-1","max-image-preview":"max-image-preview:large","max-video-preview":"max-video-preview:-1"},"canonical":"https:\/\/ha-wi.com\/pl\/produkte\/wieszak-na-ramki-do-zdjec-z-gladkim-polkolem-2\/","og_locale":"pl_PL","og_type":"article","og_title":"Wieszak na ramki do zdj\u0119\u0107 z g\u0142adkim p\u00f3\u0142kolem - HA-WI Kunststoffe","og_description":"Wieszak na ramki do zdj\u0119\u0107 z g\u0142adkim p\u00f3\u0142kolem","og_url":"https:\/\/ha-wi.com\/pl\/produkte\/wieszak-na-ramki-do-zdjec-z-gladkim-polkolem-2\/","og_site_name":"HA-WI Kunststoffe","og_image":[{"width":2128,"height":1590,"url":"https:\/\/ha-wi.com\/wp-content\/uploads\/2025\/04\/41625_vorab.jpg","type":"image\/jpeg"}],"schema":{"@context":"https:\/\/schema.org","@graph":[{"@type":"WebPage","@id":"https:\/\/ha-wi.com\/pl\/produkte\/wieszak-na-ramki-do-zdjec-z-gladkim-polkolem-2\/","url":"https:\/\/ha-wi.com\/pl\/produkte\/wieszak-na-ramki-do-zdjec-z-gladkim-polkolem-2\/","name":"Wieszak na ramki do zdj\u0119\u0107 z g\u0142adkim p\u00f3\u0142kolem - HA-WI Kunststoffe","isPartOf":{"@id":"https:\/\/ha-wi.com\/pl\/#website"},"primaryImageOfPage":{"@id":"https:\/\/ha-wi.com\/pl\/produkte\/wieszak-na-ramki-do-zdjec-z-gladkim-polkolem-2\/#primaryimage"},"image":{"@id":"https:\/\/ha-wi.com\/pl\/produkte\/wieszak-na-ramki-do-zdjec-z-gladkim-polkolem-2\/#primaryimage"},"thumbnailUrl":"https:\/\/ha-wi.com\/wp-content\/uploads\/2025\/04\/41625_vorab.jpg","datePublished":"2025-04-16T07:39:55+00:00","breadcrumb":{"@id":"https:\/\/ha-wi.com\/pl\/produkte\/wieszak-na-ramki-do-zdjec-z-gladkim-polkolem-2\/#breadcrumb"},"inLanguage":"pl-PL","potentialAction":[{"@type":"ReadAction","target":["https:\/\/ha-wi.com\/pl\/produkte\/wieszak-na-ramki-do-zdjec-z-gladkim-polkolem-2\/"]}]},{"@type":"ImageObject","inLanguage":"pl-PL","@id":"https:\/\/ha-wi.com\/pl\/produkte\/wieszak-na-ramki-do-zdjec-z-gladkim-polkolem-2\/#primaryimage","url":"https:\/\/ha-wi.com\/wp-content\/uploads\/2025\/04\/41625_vorab.jpg","contentUrl":"https:\/\/ha-wi.com\/wp-content\/uploads\/2025\/04\/41625_vorab.jpg","width":2128,"height":1590},{"@type":"BreadcrumbList","@id":"https:\/\/ha-wi.com\/pl\/produkte\/wieszak-na-ramki-do-zdjec-z-gladkim-polkolem-2\/#breadcrumb","itemListElement":[{"@type":"ListItem","position":1,"name":"Startseite","item":"https:\/\/ha-wi.com\/pl\/strona-glowna\/"},{"@type":"ListItem","position":2,"name":"Produkty","item":"https:\/\/ha-wi.com\/pl\/produkty\/"},{"@type":"ListItem","position":3,"name":"Wieszak na ramki do zdj\u0119\u0107 z g\u0142adkim p\u00f3\u0142kolem"}]},{"@type":"WebSite","@id":"https:\/\/ha-wi.com\/pl\/#website","url":"https:\/\/ha-wi.com\/pl\/","name":"HA-WI Kunststoffe: pr\u00e4zise Spritzgussteile aus Bad Laasphe","description":"","publisher":{"@id":"https:\/\/ha-wi.com\/pl\/#organization"},"potentialAction":[{"@type":"SearchAction","target":{"@type":"EntryPoint","urlTemplate":"https:\/\/ha-wi.com\/pl\/?s={search_term_string}"},"query-input":{"@type":"PropertyValueSpecification","valueRequired":true,"valueName":"search_term_string"}}],"inLanguage":"pl-PL"},{"@type":"Organization","@id":"https:\/\/ha-wi.com\/pl\/#organization","name":"HA-WI Kunststoffe GmbH & Co. KG","url":"https:\/\/ha-wi.com\/pl\/","logo":{"@type":"ImageObject","inLanguage":"pl-PL","@id":"https:\/\/ha-wi.com\/pl\/#\/schema\/logo\/image\/","url":"https:\/\/ha-wi.com\/wp-content\/uploads\/2024\/08\/logo-hawi-kunststoffe.svg","contentUrl":"https:\/\/ha-wi.com\/wp-content\/uploads\/2024\/08\/logo-hawi-kunststoffe.svg","width":1,"height":1,"caption":"HA-WI Kunststoffe GmbH & Co. KG"},"image":{"@id":"https:\/\/ha-wi.com\/pl\/#\/schema\/logo\/image\/"}}]}},"_links":{"self":[{"href":"https:\/\/ha-wi.com\/pl\/wp-json\/wp\/v2\/product\/9636","targetHints":{"allow":["GET"]}}],"collection":[{"href":"https:\/\/ha-wi.com\/pl\/wp-json\/wp\/v2\/product"}],"about":[{"href":"https:\/\/ha-wi.com\/pl\/wp-json\/wp\/v2\/types\/product"}],"wp:featuredmedia":[{"embeddable":true,"href":"https:\/\/ha-wi.com\/pl\/wp-json\/wp\/v2\/media\/5004"}],"wp:attachment":[{"href":"https:\/\/ha-wi.com\/pl\/wp-json\/wp\/v2\/media?parent=9636"}],"wp:term":[{"taxonomy":"product_brand","embeddable":true,"href":"https:\/\/ha-wi.com\/pl\/wp-json\/wp\/v2\/product_brand?post=9636"},{"taxonomy":"product_cat","embeddable":true,"href":"https:\/\/ha-wi.com\/pl\/wp-json\/wp\/v2\/product_cat?post=9636"},{"taxonomy":"product_tag","embeddable":true,"href":"https:\/\/ha-wi.com\/pl\/wp-json\/wp\/v2\/product_tag?post=9636"}],"curies":[{"name":"wp","href":"https:\/\/api.w.org\/{rel}","templated":true}]}}