{"id":9104,"date":"2025-03-17T08:59:13","date_gmt":"2025-03-17T07:59:13","guid":{"rendered":"https:\/\/dev.freiwerk.de\/hawi\/produkte\/nasadka-z-plaskim-lbem-do-zakrywania-srub-z-lbem-walcowym\/"},"modified":"2025-03-17T08:59:13","modified_gmt":"2025-03-17T07:59:13","slug":"nasadka-z-plaskim-lbem-do-zakrywania-srub-z-lbem-walcowym","status":"publish","type":"product","link":"https:\/\/ha-wi.com\/pl\/produkte\/nasadka-z-plaskim-lbem-do-zakrywania-srub-z-lbem-walcowym\/","title":{"rendered":"Nasadka z p\u0142askim \u0142bem do zakrywania \u015brub z \u0142bem walcowym"},"content":{"rendered":"<p>Do zakrywania \u015brub g\u0142owicy z g\u0142owic\u0105 obiektywu lub konstrukcj\u0105 podobn\u0105 do g\u0142owicy obiektywu<\/p>\n","protected":false},"excerpt":{"rendered":"<p>Do zakrywania \u015brub g\u0142owicy z g\u0142owic\u0105 obiektywu lub konstrukcj\u0105 podobn\u0105 do g\u0142owicy obiektywu<\/p>\n","protected":false},"featured_media":4473,"template":"","meta":{"_et_pb_use_builder":"","_et_pb_old_content":"","_et_gb_content_width":""},"product_brand":[],"product_cat":[1075],"product_tag":[],"class_list":{"0":"post-9104","1":"product","2":"type-product","3":"status-publish","4":"has-post-thumbnail","6":"product_cat-zaslepki-oslonowe-plaskie-ochronne-i-ozdobne","7":"pa_durchmesser-1-d-in-mm-10-5-pl","8":"pa_durchmesser-1-d-in-mm-11-pl","9":"pa_durchmesser-1-d-in-mm-11-5-pl","10":"pa_durchmesser-1-d-in-mm-11-6-pl","11":"pa_durchmesser-1-d-in-mm-12-pl","12":"pa_durchmesser-1-d-in-mm-15-pl","13":"pa_durchmesser-1-d-in-mm-16-7-pl","14":"pa_durchmesser-1-d-in-mm-22-pl","15":"pa_durchmesser-1-d-in-mm-6-pl","16":"pa_durchmesser-1-d-in-mm-7-pl","17":"pa_durchmesser-1-d-in-mm-8-2-pl","18":"pa_durchmesser-1-d-in-mm-9-pl","19":"pa_durchmesser-2-d-in-mm-10-pl","20":"pa_durchmesser-2-d-in-mm-10-5-pl","21":"pa_durchmesser-2-d-in-mm-12-pl","22":"pa_durchmesser-2-d-in-mm-14-pl","23":"pa_durchmesser-2-d-in-mm-14-5-pl","24":"pa_durchmesser-2-d-in-mm-15-pl","25":"pa_durchmesser-2-d-in-mm-16-pl","26":"pa_durchmesser-2-d-in-mm-16-4-pl","27":"pa_durchmesser-2-d-in-mm-17-pl","28":"pa_durchmesser-2-d-in-mm-18-pl","29":"pa_durchmesser-2-d-in-mm-19-pl","30":"pa_durchmesser-2-d-in-mm-19-3-pl","31":"pa_durchmesser-2-d-in-mm-25-pl","32":"pa_durchmesser-2-d-in-mm-9-pl","33":"pa_durchmesser-2-d-in-mm-9-2-pl","35":"first","36":"instock","37":"shipping-taxable","38":"purchasable","39":"product-type-variable"},"yoast_head":"<!-- This site is optimized with the Yoast SEO plugin v27.2 - https:\/\/yoast.com\/product\/yoast-seo-wordpress\/ -->\n<title>Nasadka z p\u0142askim \u0142bem do zakrywania \u015brub z \u0142bem walcowym - HA-WI Kunststoffe<\/title>\n<meta name=\"robots\" content=\"index, follow, max-snippet:-1, max-image-preview:large, max-video-preview:-1\" \/>\n<link rel=\"canonical\" href=\"https:\/\/ha-wi.com\/pl\/produkte\/nasadka-z-plaskim-lbem-do-zakrywania-srub-z-lbem-walcowym\/\" \/>\n<meta property=\"og:locale\" content=\"pl_PL\" \/>\n<meta property=\"og:type\" content=\"article\" \/>\n<meta property=\"og:title\" content=\"Nasadka z p\u0142askim \u0142bem do zakrywania \u015brub z \u0142bem walcowym - HA-WI Kunststoffe\" \/>\n<meta property=\"og:description\" content=\"Do zakrywania \u015brub g\u0142owicy z g\u0142owic\u0105 obiektywu lub konstrukcj\u0105 podobn\u0105 do g\u0142owicy obiektywu\" \/>\n<meta property=\"og:url\" content=\"https:\/\/ha-wi.com\/pl\/produkte\/nasadka-z-plaskim-lbem-do-zakrywania-srub-z-lbem-walcowym\/\" \/>\n<meta property=\"og:site_name\" content=\"HA-WI Kunststoffe\" \/>\n<meta property=\"og:image\" content=\"https:\/\/ha-wi.com\/wp-content\/uploads\/2025\/02\/20400.jpg\" \/>\n\t<meta property=\"og:image:width\" content=\"2128\" \/>\n\t<meta property=\"og:image:height\" content=\"1590\" \/>\n\t<meta property=\"og:image:type\" content=\"image\/jpeg\" \/>\n<script type=\"application\/ld+json\" class=\"yoast-schema-graph\">{\"@context\":\"https:\/\/schema.org\",\"@graph\":[{\"@type\":\"WebPage\",\"@id\":\"https:\/\/ha-wi.com\/pl\/produkte\/nasadka-z-plaskim-lbem-do-zakrywania-srub-z-lbem-walcowym\/\",\"url\":\"https:\/\/ha-wi.com\/pl\/produkte\/nasadka-z-plaskim-lbem-do-zakrywania-srub-z-lbem-walcowym\/\",\"name\":\"Nasadka z p\u0142askim \u0142bem do zakrywania \u015brub z \u0142bem walcowym - HA-WI Kunststoffe\",\"isPartOf\":{\"@id\":\"https:\/\/ha-wi.com\/pl\/#website\"},\"primaryImageOfPage\":{\"@id\":\"https:\/\/ha-wi.com\/pl\/produkte\/nasadka-z-plaskim-lbem-do-zakrywania-srub-z-lbem-walcowym\/#primaryimage\"},\"image\":{\"@id\":\"https:\/\/ha-wi.com\/pl\/produkte\/nasadka-z-plaskim-lbem-do-zakrywania-srub-z-lbem-walcowym\/#primaryimage\"},\"thumbnailUrl\":\"https:\/\/ha-wi.com\/wp-content\/uploads\/2025\/02\/20400.jpg\",\"datePublished\":\"2025-03-17T07:59:13+00:00\",\"breadcrumb\":{\"@id\":\"https:\/\/ha-wi.com\/pl\/produkte\/nasadka-z-plaskim-lbem-do-zakrywania-srub-z-lbem-walcowym\/#breadcrumb\"},\"inLanguage\":\"pl-PL\",\"potentialAction\":[{\"@type\":\"ReadAction\",\"target\":[\"https:\/\/ha-wi.com\/pl\/produkte\/nasadka-z-plaskim-lbem-do-zakrywania-srub-z-lbem-walcowym\/\"]}]},{\"@type\":\"ImageObject\",\"inLanguage\":\"pl-PL\",\"@id\":\"https:\/\/ha-wi.com\/pl\/produkte\/nasadka-z-plaskim-lbem-do-zakrywania-srub-z-lbem-walcowym\/#primaryimage\",\"url\":\"https:\/\/ha-wi.com\/wp-content\/uploads\/2025\/02\/20400.jpg\",\"contentUrl\":\"https:\/\/ha-wi.com\/wp-content\/uploads\/2025\/02\/20400.jpg\",\"width\":2128,\"height\":1590},{\"@type\":\"BreadcrumbList\",\"@id\":\"https:\/\/ha-wi.com\/pl\/produkte\/nasadka-z-plaskim-lbem-do-zakrywania-srub-z-lbem-walcowym\/#breadcrumb\",\"itemListElement\":[{\"@type\":\"ListItem\",\"position\":1,\"name\":\"Startseite\",\"item\":\"https:\/\/ha-wi.com\/pl\/strona-glowna\/\"},{\"@type\":\"ListItem\",\"position\":2,\"name\":\"Produkty\",\"item\":\"https:\/\/ha-wi.com\/pl\/produkty\/\"},{\"@type\":\"ListItem\",\"position\":3,\"name\":\"Nasadka z p\u0142askim \u0142bem do zakrywania \u015brub z \u0142bem walcowym\"}]},{\"@type\":\"WebSite\",\"@id\":\"https:\/\/ha-wi.com\/pl\/#website\",\"url\":\"https:\/\/ha-wi.com\/pl\/\",\"name\":\"HA-WI Kunststoffe: pr\u00e4zise Spritzgussteile aus Bad Laasphe\",\"description\":\"\",\"publisher\":{\"@id\":\"https:\/\/ha-wi.com\/pl\/#organization\"},\"potentialAction\":[{\"@type\":\"SearchAction\",\"target\":{\"@type\":\"EntryPoint\",\"urlTemplate\":\"https:\/\/ha-wi.com\/pl\/?s={search_term_string}\"},\"query-input\":{\"@type\":\"PropertyValueSpecification\",\"valueRequired\":true,\"valueName\":\"search_term_string\"}}],\"inLanguage\":\"pl-PL\"},{\"@type\":\"Organization\",\"@id\":\"https:\/\/ha-wi.com\/pl\/#organization\",\"name\":\"HA-WI Kunststoffe GmbH & Co. KG\",\"url\":\"https:\/\/ha-wi.com\/pl\/\",\"logo\":{\"@type\":\"ImageObject\",\"inLanguage\":\"pl-PL\",\"@id\":\"https:\/\/ha-wi.com\/pl\/#\/schema\/logo\/image\/\",\"url\":\"https:\/\/ha-wi.com\/wp-content\/uploads\/2024\/08\/logo-hawi-kunststoffe.svg\",\"contentUrl\":\"https:\/\/ha-wi.com\/wp-content\/uploads\/2024\/08\/logo-hawi-kunststoffe.svg\",\"width\":1,\"height\":1,\"caption\":\"HA-WI Kunststoffe GmbH & Co. KG\"},\"image\":{\"@id\":\"https:\/\/ha-wi.com\/pl\/#\/schema\/logo\/image\/\"}}]}<\/script>\n<!-- \/ Yoast SEO plugin. -->","yoast_head_json":{"title":"Nasadka z p\u0142askim \u0142bem do zakrywania \u015brub z \u0142bem walcowym - HA-WI Kunststoffe","robots":{"index":"index","follow":"follow","max-snippet":"max-snippet:-1","max-image-preview":"max-image-preview:large","max-video-preview":"max-video-preview:-1"},"canonical":"https:\/\/ha-wi.com\/pl\/produkte\/nasadka-z-plaskim-lbem-do-zakrywania-srub-z-lbem-walcowym\/","og_locale":"pl_PL","og_type":"article","og_title":"Nasadka z p\u0142askim \u0142bem do zakrywania \u015brub z \u0142bem walcowym - HA-WI Kunststoffe","og_description":"Do zakrywania \u015brub g\u0142owicy z g\u0142owic\u0105 obiektywu lub konstrukcj\u0105 podobn\u0105 do g\u0142owicy obiektywu","og_url":"https:\/\/ha-wi.com\/pl\/produkte\/nasadka-z-plaskim-lbem-do-zakrywania-srub-z-lbem-walcowym\/","og_site_name":"HA-WI Kunststoffe","og_image":[{"width":2128,"height":1590,"url":"https:\/\/ha-wi.com\/wp-content\/uploads\/2025\/02\/20400.jpg","type":"image\/jpeg"}],"schema":{"@context":"https:\/\/schema.org","@graph":[{"@type":"WebPage","@id":"https:\/\/ha-wi.com\/pl\/produkte\/nasadka-z-plaskim-lbem-do-zakrywania-srub-z-lbem-walcowym\/","url":"https:\/\/ha-wi.com\/pl\/produkte\/nasadka-z-plaskim-lbem-do-zakrywania-srub-z-lbem-walcowym\/","name":"Nasadka z p\u0142askim \u0142bem do zakrywania \u015brub z \u0142bem walcowym - HA-WI Kunststoffe","isPartOf":{"@id":"https:\/\/ha-wi.com\/pl\/#website"},"primaryImageOfPage":{"@id":"https:\/\/ha-wi.com\/pl\/produkte\/nasadka-z-plaskim-lbem-do-zakrywania-srub-z-lbem-walcowym\/#primaryimage"},"image":{"@id":"https:\/\/ha-wi.com\/pl\/produkte\/nasadka-z-plaskim-lbem-do-zakrywania-srub-z-lbem-walcowym\/#primaryimage"},"thumbnailUrl":"https:\/\/ha-wi.com\/wp-content\/uploads\/2025\/02\/20400.jpg","datePublished":"2025-03-17T07:59:13+00:00","breadcrumb":{"@id":"https:\/\/ha-wi.com\/pl\/produkte\/nasadka-z-plaskim-lbem-do-zakrywania-srub-z-lbem-walcowym\/#breadcrumb"},"inLanguage":"pl-PL","potentialAction":[{"@type":"ReadAction","target":["https:\/\/ha-wi.com\/pl\/produkte\/nasadka-z-plaskim-lbem-do-zakrywania-srub-z-lbem-walcowym\/"]}]},{"@type":"ImageObject","inLanguage":"pl-PL","@id":"https:\/\/ha-wi.com\/pl\/produkte\/nasadka-z-plaskim-lbem-do-zakrywania-srub-z-lbem-walcowym\/#primaryimage","url":"https:\/\/ha-wi.com\/wp-content\/uploads\/2025\/02\/20400.jpg","contentUrl":"https:\/\/ha-wi.com\/wp-content\/uploads\/2025\/02\/20400.jpg","width":2128,"height":1590},{"@type":"BreadcrumbList","@id":"https:\/\/ha-wi.com\/pl\/produkte\/nasadka-z-plaskim-lbem-do-zakrywania-srub-z-lbem-walcowym\/#breadcrumb","itemListElement":[{"@type":"ListItem","position":1,"name":"Startseite","item":"https:\/\/ha-wi.com\/pl\/strona-glowna\/"},{"@type":"ListItem","position":2,"name":"Produkty","item":"https:\/\/ha-wi.com\/pl\/produkty\/"},{"@type":"ListItem","position":3,"name":"Nasadka z p\u0142askim \u0142bem do zakrywania \u015brub z \u0142bem walcowym"}]},{"@type":"WebSite","@id":"https:\/\/ha-wi.com\/pl\/#website","url":"https:\/\/ha-wi.com\/pl\/","name":"HA-WI Kunststoffe: pr\u00e4zise Spritzgussteile aus Bad Laasphe","description":"","publisher":{"@id":"https:\/\/ha-wi.com\/pl\/#organization"},"potentialAction":[{"@type":"SearchAction","target":{"@type":"EntryPoint","urlTemplate":"https:\/\/ha-wi.com\/pl\/?s={search_term_string}"},"query-input":{"@type":"PropertyValueSpecification","valueRequired":true,"valueName":"search_term_string"}}],"inLanguage":"pl-PL"},{"@type":"Organization","@id":"https:\/\/ha-wi.com\/pl\/#organization","name":"HA-WI Kunststoffe GmbH & Co. KG","url":"https:\/\/ha-wi.com\/pl\/","logo":{"@type":"ImageObject","inLanguage":"pl-PL","@id":"https:\/\/ha-wi.com\/pl\/#\/schema\/logo\/image\/","url":"https:\/\/ha-wi.com\/wp-content\/uploads\/2024\/08\/logo-hawi-kunststoffe.svg","contentUrl":"https:\/\/ha-wi.com\/wp-content\/uploads\/2024\/08\/logo-hawi-kunststoffe.svg","width":1,"height":1,"caption":"HA-WI Kunststoffe GmbH & Co. KG"},"image":{"@id":"https:\/\/ha-wi.com\/pl\/#\/schema\/logo\/image\/"}}]}},"_links":{"self":[{"href":"https:\/\/ha-wi.com\/pl\/wp-json\/wp\/v2\/product\/9104","targetHints":{"allow":["GET"]}}],"collection":[{"href":"https:\/\/ha-wi.com\/pl\/wp-json\/wp\/v2\/product"}],"about":[{"href":"https:\/\/ha-wi.com\/pl\/wp-json\/wp\/v2\/types\/product"}],"wp:featuredmedia":[{"embeddable":true,"href":"https:\/\/ha-wi.com\/pl\/wp-json\/wp\/v2\/media\/4473"}],"wp:attachment":[{"href":"https:\/\/ha-wi.com\/pl\/wp-json\/wp\/v2\/media?parent=9104"}],"wp:term":[{"taxonomy":"product_brand","embeddable":true,"href":"https:\/\/ha-wi.com\/pl\/wp-json\/wp\/v2\/product_brand?post=9104"},{"taxonomy":"product_cat","embeddable":true,"href":"https:\/\/ha-wi.com\/pl\/wp-json\/wp\/v2\/product_cat?post=9104"},{"taxonomy":"product_tag","embeddable":true,"href":"https:\/\/ha-wi.com\/pl\/wp-json\/wp\/v2\/product_tag?post=9104"}],"curies":[{"name":"wp","href":"https:\/\/api.w.org\/{rel}","templated":true}]}}