{"id":9082,"date":"2025-03-17T09:39:47","date_gmt":"2025-03-17T08:39:47","guid":{"rendered":"https:\/\/dev.freiwerk.de\/hawi\/produkte\/nasadka-z-okraglym-lbem-do-zakrywania-metalowych-nitow-z-lbem-o-specjalnym-ksztalcie\/"},"modified":"2025-03-17T09:39:47","modified_gmt":"2025-03-17T08:39:47","slug":"nasadka-z-okraglym-lbem-do-zakrywania-metalowych-nitow-z-lbem-o-specjalnym-ksztalcie","status":"publish","type":"product","link":"https:\/\/ha-wi.com\/pl\/produkte\/nasadka-z-okraglym-lbem-do-zakrywania-metalowych-nitow-z-lbem-o-specjalnym-ksztalcie\/","title":{"rendered":"Nasadka z okr\u0105g\u0142ym \u0142bem do zakrywania metalowych nit\u00f3w z \u0142bem o specjalnym kszta\u0142cie"},"content":{"rendered":"<p>Do pokrywania nit\u00f3w metalowych o specjalnym kszta\u0142cie \u0142ba<\/p>\n","protected":false},"excerpt":{"rendered":"<p>Do pokrywania nit\u00f3w metalowych o specjalnym kszta\u0142cie \u0142ba<\/p>\n","protected":false},"featured_media":4419,"template":"","meta":{"_et_pb_use_builder":"","_et_pb_old_content":"","_et_gb_content_width":""},"product_brand":[],"product_cat":[1075],"product_tag":[],"class_list":{"0":"post-9082","1":"product","2":"type-product","3":"status-publish","4":"has-post-thumbnail","6":"product_cat-zaslepki-oslonowe-plaskie-ochronne-i-ozdobne","7":"pa_durchmesser-1-d-in-mm-11-pl","8":"pa_durchmesser-1-d-in-mm-13-5-pl","9":"pa_durchmesser-1-d-in-mm-8-pl","10":"pa_durchmesser-1-d-in-mm-9-pl","11":"pa_durchmesser-2-d-in-mm-10-pl","12":"pa_durchmesser-2-d-in-mm-11-5-pl","13":"pa_durchmesser-2-d-in-mm-13-pl","14":"pa_durchmesser-2-d-in-mm-16-8-pl","16":"first","17":"instock","18":"shipping-taxable","19":"purchasable","20":"product-type-variable"},"yoast_head":"<!-- This site is optimized with the Yoast SEO plugin v27.2 - https:\/\/yoast.com\/product\/yoast-seo-wordpress\/ -->\n<title>Nasadka z okr\u0105g\u0142ym \u0142bem do zakrywania metalowych nit\u00f3w z \u0142bem o specjalnym kszta\u0142cie - HA-WI Kunststoffe<\/title>\n<meta name=\"robots\" content=\"index, follow, max-snippet:-1, max-image-preview:large, max-video-preview:-1\" \/>\n<link rel=\"canonical\" href=\"https:\/\/ha-wi.com\/pl\/produkte\/nasadka-z-okraglym-lbem-do-zakrywania-metalowych-nitow-z-lbem-o-specjalnym-ksztalcie\/\" \/>\n<meta property=\"og:locale\" content=\"pl_PL\" \/>\n<meta property=\"og:type\" content=\"article\" \/>\n<meta property=\"og:title\" content=\"Nasadka z okr\u0105g\u0142ym \u0142bem do zakrywania metalowych nit\u00f3w z \u0142bem o specjalnym kszta\u0142cie - HA-WI Kunststoffe\" \/>\n<meta property=\"og:description\" content=\"Do pokrywania nit\u00f3w metalowych o specjalnym kszta\u0142cie \u0142ba\" \/>\n<meta property=\"og:url\" content=\"https:\/\/ha-wi.com\/pl\/produkte\/nasadka-z-okraglym-lbem-do-zakrywania-metalowych-nitow-z-lbem-o-specjalnym-ksztalcie\/\" \/>\n<meta property=\"og:site_name\" content=\"HA-WI Kunststoffe\" \/>\n<meta property=\"og:image\" content=\"https:\/\/ha-wi.com\/wp-content\/uploads\/2025\/02\/15000.jpg\" \/>\n\t<meta property=\"og:image:width\" content=\"2128\" \/>\n\t<meta property=\"og:image:height\" content=\"1590\" \/>\n\t<meta property=\"og:image:type\" content=\"image\/jpeg\" \/>\n<script type=\"application\/ld+json\" class=\"yoast-schema-graph\">{\"@context\":\"https:\/\/schema.org\",\"@graph\":[{\"@type\":\"WebPage\",\"@id\":\"https:\/\/ha-wi.com\/pl\/produkte\/nasadka-z-okraglym-lbem-do-zakrywania-metalowych-nitow-z-lbem-o-specjalnym-ksztalcie\/\",\"url\":\"https:\/\/ha-wi.com\/pl\/produkte\/nasadka-z-okraglym-lbem-do-zakrywania-metalowych-nitow-z-lbem-o-specjalnym-ksztalcie\/\",\"name\":\"Nasadka z okr\u0105g\u0142ym \u0142bem do zakrywania metalowych nit\u00f3w z \u0142bem o specjalnym kszta\u0142cie - HA-WI Kunststoffe\",\"isPartOf\":{\"@id\":\"https:\/\/ha-wi.com\/pl\/#website\"},\"primaryImageOfPage\":{\"@id\":\"https:\/\/ha-wi.com\/pl\/produkte\/nasadka-z-okraglym-lbem-do-zakrywania-metalowych-nitow-z-lbem-o-specjalnym-ksztalcie\/#primaryimage\"},\"image\":{\"@id\":\"https:\/\/ha-wi.com\/pl\/produkte\/nasadka-z-okraglym-lbem-do-zakrywania-metalowych-nitow-z-lbem-o-specjalnym-ksztalcie\/#primaryimage\"},\"thumbnailUrl\":\"https:\/\/ha-wi.com\/wp-content\/uploads\/2025\/02\/15000.jpg\",\"datePublished\":\"2025-03-17T08:39:47+00:00\",\"breadcrumb\":{\"@id\":\"https:\/\/ha-wi.com\/pl\/produkte\/nasadka-z-okraglym-lbem-do-zakrywania-metalowych-nitow-z-lbem-o-specjalnym-ksztalcie\/#breadcrumb\"},\"inLanguage\":\"pl-PL\",\"potentialAction\":[{\"@type\":\"ReadAction\",\"target\":[\"https:\/\/ha-wi.com\/pl\/produkte\/nasadka-z-okraglym-lbem-do-zakrywania-metalowych-nitow-z-lbem-o-specjalnym-ksztalcie\/\"]}]},{\"@type\":\"ImageObject\",\"inLanguage\":\"pl-PL\",\"@id\":\"https:\/\/ha-wi.com\/pl\/produkte\/nasadka-z-okraglym-lbem-do-zakrywania-metalowych-nitow-z-lbem-o-specjalnym-ksztalcie\/#primaryimage\",\"url\":\"https:\/\/ha-wi.com\/wp-content\/uploads\/2025\/02\/15000.jpg\",\"contentUrl\":\"https:\/\/ha-wi.com\/wp-content\/uploads\/2025\/02\/15000.jpg\",\"width\":2128,\"height\":1590},{\"@type\":\"BreadcrumbList\",\"@id\":\"https:\/\/ha-wi.com\/pl\/produkte\/nasadka-z-okraglym-lbem-do-zakrywania-metalowych-nitow-z-lbem-o-specjalnym-ksztalcie\/#breadcrumb\",\"itemListElement\":[{\"@type\":\"ListItem\",\"position\":1,\"name\":\"Startseite\",\"item\":\"https:\/\/ha-wi.com\/pl\/strona-glowna\/\"},{\"@type\":\"ListItem\",\"position\":2,\"name\":\"Produkty\",\"item\":\"https:\/\/ha-wi.com\/pl\/produkty\/\"},{\"@type\":\"ListItem\",\"position\":3,\"name\":\"Nasadka z okr\u0105g\u0142ym \u0142bem do zakrywania metalowych nit\u00f3w z \u0142bem o specjalnym kszta\u0142cie\"}]},{\"@type\":\"WebSite\",\"@id\":\"https:\/\/ha-wi.com\/pl\/#website\",\"url\":\"https:\/\/ha-wi.com\/pl\/\",\"name\":\"HA-WI Kunststoffe: pr\u00e4zise Spritzgussteile aus Bad Laasphe\",\"description\":\"\",\"publisher\":{\"@id\":\"https:\/\/ha-wi.com\/pl\/#organization\"},\"potentialAction\":[{\"@type\":\"SearchAction\",\"target\":{\"@type\":\"EntryPoint\",\"urlTemplate\":\"https:\/\/ha-wi.com\/pl\/?s={search_term_string}\"},\"query-input\":{\"@type\":\"PropertyValueSpecification\",\"valueRequired\":true,\"valueName\":\"search_term_string\"}}],\"inLanguage\":\"pl-PL\"},{\"@type\":\"Organization\",\"@id\":\"https:\/\/ha-wi.com\/pl\/#organization\",\"name\":\"HA-WI Kunststoffe GmbH & Co. KG\",\"url\":\"https:\/\/ha-wi.com\/pl\/\",\"logo\":{\"@type\":\"ImageObject\",\"inLanguage\":\"pl-PL\",\"@id\":\"https:\/\/ha-wi.com\/pl\/#\/schema\/logo\/image\/\",\"url\":\"https:\/\/ha-wi.com\/wp-content\/uploads\/2024\/08\/logo-hawi-kunststoffe.svg\",\"contentUrl\":\"https:\/\/ha-wi.com\/wp-content\/uploads\/2024\/08\/logo-hawi-kunststoffe.svg\",\"width\":1,\"height\":1,\"caption\":\"HA-WI Kunststoffe GmbH & Co. KG\"},\"image\":{\"@id\":\"https:\/\/ha-wi.com\/pl\/#\/schema\/logo\/image\/\"}}]}<\/script>\n<!-- \/ Yoast SEO plugin. -->","yoast_head_json":{"title":"Nasadka z okr\u0105g\u0142ym \u0142bem do zakrywania metalowych nit\u00f3w z \u0142bem o specjalnym kszta\u0142cie - HA-WI Kunststoffe","robots":{"index":"index","follow":"follow","max-snippet":"max-snippet:-1","max-image-preview":"max-image-preview:large","max-video-preview":"max-video-preview:-1"},"canonical":"https:\/\/ha-wi.com\/pl\/produkte\/nasadka-z-okraglym-lbem-do-zakrywania-metalowych-nitow-z-lbem-o-specjalnym-ksztalcie\/","og_locale":"pl_PL","og_type":"article","og_title":"Nasadka z okr\u0105g\u0142ym \u0142bem do zakrywania metalowych nit\u00f3w z \u0142bem o specjalnym kszta\u0142cie - HA-WI Kunststoffe","og_description":"Do pokrywania nit\u00f3w metalowych o specjalnym kszta\u0142cie \u0142ba","og_url":"https:\/\/ha-wi.com\/pl\/produkte\/nasadka-z-okraglym-lbem-do-zakrywania-metalowych-nitow-z-lbem-o-specjalnym-ksztalcie\/","og_site_name":"HA-WI Kunststoffe","og_image":[{"width":2128,"height":1590,"url":"https:\/\/ha-wi.com\/wp-content\/uploads\/2025\/02\/15000.jpg","type":"image\/jpeg"}],"schema":{"@context":"https:\/\/schema.org","@graph":[{"@type":"WebPage","@id":"https:\/\/ha-wi.com\/pl\/produkte\/nasadka-z-okraglym-lbem-do-zakrywania-metalowych-nitow-z-lbem-o-specjalnym-ksztalcie\/","url":"https:\/\/ha-wi.com\/pl\/produkte\/nasadka-z-okraglym-lbem-do-zakrywania-metalowych-nitow-z-lbem-o-specjalnym-ksztalcie\/","name":"Nasadka z okr\u0105g\u0142ym \u0142bem do zakrywania metalowych nit\u00f3w z \u0142bem o specjalnym kszta\u0142cie - HA-WI Kunststoffe","isPartOf":{"@id":"https:\/\/ha-wi.com\/pl\/#website"},"primaryImageOfPage":{"@id":"https:\/\/ha-wi.com\/pl\/produkte\/nasadka-z-okraglym-lbem-do-zakrywania-metalowych-nitow-z-lbem-o-specjalnym-ksztalcie\/#primaryimage"},"image":{"@id":"https:\/\/ha-wi.com\/pl\/produkte\/nasadka-z-okraglym-lbem-do-zakrywania-metalowych-nitow-z-lbem-o-specjalnym-ksztalcie\/#primaryimage"},"thumbnailUrl":"https:\/\/ha-wi.com\/wp-content\/uploads\/2025\/02\/15000.jpg","datePublished":"2025-03-17T08:39:47+00:00","breadcrumb":{"@id":"https:\/\/ha-wi.com\/pl\/produkte\/nasadka-z-okraglym-lbem-do-zakrywania-metalowych-nitow-z-lbem-o-specjalnym-ksztalcie\/#breadcrumb"},"inLanguage":"pl-PL","potentialAction":[{"@type":"ReadAction","target":["https:\/\/ha-wi.com\/pl\/produkte\/nasadka-z-okraglym-lbem-do-zakrywania-metalowych-nitow-z-lbem-o-specjalnym-ksztalcie\/"]}]},{"@type":"ImageObject","inLanguage":"pl-PL","@id":"https:\/\/ha-wi.com\/pl\/produkte\/nasadka-z-okraglym-lbem-do-zakrywania-metalowych-nitow-z-lbem-o-specjalnym-ksztalcie\/#primaryimage","url":"https:\/\/ha-wi.com\/wp-content\/uploads\/2025\/02\/15000.jpg","contentUrl":"https:\/\/ha-wi.com\/wp-content\/uploads\/2025\/02\/15000.jpg","width":2128,"height":1590},{"@type":"BreadcrumbList","@id":"https:\/\/ha-wi.com\/pl\/produkte\/nasadka-z-okraglym-lbem-do-zakrywania-metalowych-nitow-z-lbem-o-specjalnym-ksztalcie\/#breadcrumb","itemListElement":[{"@type":"ListItem","position":1,"name":"Startseite","item":"https:\/\/ha-wi.com\/pl\/strona-glowna\/"},{"@type":"ListItem","position":2,"name":"Produkty","item":"https:\/\/ha-wi.com\/pl\/produkty\/"},{"@type":"ListItem","position":3,"name":"Nasadka z okr\u0105g\u0142ym \u0142bem do zakrywania metalowych nit\u00f3w z \u0142bem o specjalnym kszta\u0142cie"}]},{"@type":"WebSite","@id":"https:\/\/ha-wi.com\/pl\/#website","url":"https:\/\/ha-wi.com\/pl\/","name":"HA-WI Kunststoffe: pr\u00e4zise Spritzgussteile aus Bad Laasphe","description":"","publisher":{"@id":"https:\/\/ha-wi.com\/pl\/#organization"},"potentialAction":[{"@type":"SearchAction","target":{"@type":"EntryPoint","urlTemplate":"https:\/\/ha-wi.com\/pl\/?s={search_term_string}"},"query-input":{"@type":"PropertyValueSpecification","valueRequired":true,"valueName":"search_term_string"}}],"inLanguage":"pl-PL"},{"@type":"Organization","@id":"https:\/\/ha-wi.com\/pl\/#organization","name":"HA-WI Kunststoffe GmbH & Co. KG","url":"https:\/\/ha-wi.com\/pl\/","logo":{"@type":"ImageObject","inLanguage":"pl-PL","@id":"https:\/\/ha-wi.com\/pl\/#\/schema\/logo\/image\/","url":"https:\/\/ha-wi.com\/wp-content\/uploads\/2024\/08\/logo-hawi-kunststoffe.svg","contentUrl":"https:\/\/ha-wi.com\/wp-content\/uploads\/2024\/08\/logo-hawi-kunststoffe.svg","width":1,"height":1,"caption":"HA-WI Kunststoffe GmbH & Co. KG"},"image":{"@id":"https:\/\/ha-wi.com\/pl\/#\/schema\/logo\/image\/"}}]}},"_links":{"self":[{"href":"https:\/\/ha-wi.com\/pl\/wp-json\/wp\/v2\/product\/9082","targetHints":{"allow":["GET"]}}],"collection":[{"href":"https:\/\/ha-wi.com\/pl\/wp-json\/wp\/v2\/product"}],"about":[{"href":"https:\/\/ha-wi.com\/pl\/wp-json\/wp\/v2\/types\/product"}],"wp:featuredmedia":[{"embeddable":true,"href":"https:\/\/ha-wi.com\/pl\/wp-json\/wp\/v2\/media\/4419"}],"wp:attachment":[{"href":"https:\/\/ha-wi.com\/pl\/wp-json\/wp\/v2\/media?parent=9082"}],"wp:term":[{"taxonomy":"product_brand","embeddable":true,"href":"https:\/\/ha-wi.com\/pl\/wp-json\/wp\/v2\/product_brand?post=9082"},{"taxonomy":"product_cat","embeddable":true,"href":"https:\/\/ha-wi.com\/pl\/wp-json\/wp\/v2\/product_cat?post=9082"},{"taxonomy":"product_tag","embeddable":true,"href":"https:\/\/ha-wi.com\/pl\/wp-json\/wp\/v2\/product_tag?post=9082"}],"curies":[{"name":"wp","href":"https:\/\/api.w.org\/{rel}","templated":true}]}}