{"id":10046,"date":"2025-04-15T13:58:27","date_gmt":"2025-04-15T11:58:27","guid":{"rendered":"https:\/\/dev.freiwerk.de\/hawi\/produkte\/slizgacz-gasienicowy\/"},"modified":"2025-04-15T13:58:27","modified_gmt":"2025-04-15T11:58:27","slug":"slizgacz-gasienicowy","status":"publish","type":"product","link":"https:\/\/ha-wi.com\/pl\/produkte\/slizgacz-gasienicowy\/","title":{"rendered":"\u015alizgacz g\u0105sienicowy"},"content":{"rendered":"<p>\u015alizgacz g\u0105sienicowy<\/p>\n","protected":false},"excerpt":{"rendered":"<p>\u015alizgacz g\u0105sienicowy<\/p>\n","protected":false},"featured_media":4926,"template":"","meta":{"_et_pb_use_builder":"","_et_pb_old_content":"","_et_gb_content_width":""},"product_brand":[],"product_cat":[1824],"product_tag":[],"class_list":{"0":"post-10046","1":"product","2":"type-product","3":"status-publish","4":"has-post-thumbnail","6":"product_cat-funkcjonalny-osprzet","8":"first","9":"outofstock","10":"shipping-taxable","11":"purchasable","12":"product-type-variable"},"yoast_head":"<!-- This site is optimized with the Yoast SEO plugin v27.2 - https:\/\/yoast.com\/product\/yoast-seo-wordpress\/ -->\n<title>\u015alizgacz g\u0105sienicowy - HA-WI Kunststoffe<\/title>\n<meta name=\"robots\" content=\"index, follow, max-snippet:-1, max-image-preview:large, max-video-preview:-1\" \/>\n<link rel=\"canonical\" href=\"https:\/\/ha-wi.com\/pl\/produkte\/slizgacz-gasienicowy\/\" \/>\n<meta property=\"og:locale\" content=\"pl_PL\" \/>\n<meta property=\"og:type\" content=\"article\" \/>\n<meta property=\"og:title\" content=\"\u015alizgacz g\u0105sienicowy - HA-WI Kunststoffe\" \/>\n<meta property=\"og:description\" content=\"\u015alizgacz g\u0105sienicowy\" \/>\n<meta property=\"og:url\" content=\"https:\/\/ha-wi.com\/pl\/produkte\/slizgacz-gasienicowy\/\" \/>\n<meta property=\"og:site_name\" content=\"HA-WI Kunststoffe\" \/>\n<meta property=\"og:image\" content=\"https:\/\/ha-wi.com\/wp-content\/uploads\/2025\/04\/46955.jpg\" \/>\n\t<meta property=\"og:image:width\" content=\"2128\" \/>\n\t<meta property=\"og:image:height\" content=\"1590\" \/>\n\t<meta property=\"og:image:type\" content=\"image\/jpeg\" \/>\n<script type=\"application\/ld+json\" class=\"yoast-schema-graph\">{\"@context\":\"https:\/\/schema.org\",\"@graph\":[{\"@type\":\"WebPage\",\"@id\":\"https:\/\/ha-wi.com\/pl\/produkte\/slizgacz-gasienicowy\/\",\"url\":\"https:\/\/ha-wi.com\/pl\/produkte\/slizgacz-gasienicowy\/\",\"name\":\"\u015alizgacz g\u0105sienicowy - HA-WI Kunststoffe\",\"isPartOf\":{\"@id\":\"https:\/\/ha-wi.com\/pl\/#website\"},\"primaryImageOfPage\":{\"@id\":\"https:\/\/ha-wi.com\/pl\/produkte\/slizgacz-gasienicowy\/#primaryimage\"},\"image\":{\"@id\":\"https:\/\/ha-wi.com\/pl\/produkte\/slizgacz-gasienicowy\/#primaryimage\"},\"thumbnailUrl\":\"https:\/\/ha-wi.com\/wp-content\/uploads\/2025\/04\/46955.jpg\",\"datePublished\":\"2025-04-15T11:58:27+00:00\",\"breadcrumb\":{\"@id\":\"https:\/\/ha-wi.com\/pl\/produkte\/slizgacz-gasienicowy\/#breadcrumb\"},\"inLanguage\":\"pl-PL\",\"potentialAction\":[{\"@type\":\"ReadAction\",\"target\":[\"https:\/\/ha-wi.com\/pl\/produkte\/slizgacz-gasienicowy\/\"]}]},{\"@type\":\"ImageObject\",\"inLanguage\":\"pl-PL\",\"@id\":\"https:\/\/ha-wi.com\/pl\/produkte\/slizgacz-gasienicowy\/#primaryimage\",\"url\":\"https:\/\/ha-wi.com\/wp-content\/uploads\/2025\/04\/46955.jpg\",\"contentUrl\":\"https:\/\/ha-wi.com\/wp-content\/uploads\/2025\/04\/46955.jpg\",\"width\":2128,\"height\":1590},{\"@type\":\"BreadcrumbList\",\"@id\":\"https:\/\/ha-wi.com\/pl\/produkte\/slizgacz-gasienicowy\/#breadcrumb\",\"itemListElement\":[{\"@type\":\"ListItem\",\"position\":1,\"name\":\"Startseite\",\"item\":\"https:\/\/ha-wi.com\/pl\/strona-glowna\/\"},{\"@type\":\"ListItem\",\"position\":2,\"name\":\"Produkty\",\"item\":\"https:\/\/ha-wi.com\/pl\/produkty\/\"},{\"@type\":\"ListItem\",\"position\":3,\"name\":\"\u015alizgacz g\u0105sienicowy\"}]},{\"@type\":\"WebSite\",\"@id\":\"https:\/\/ha-wi.com\/pl\/#website\",\"url\":\"https:\/\/ha-wi.com\/pl\/\",\"name\":\"HA-WI Kunststoffe: pr\u00e4zise Spritzgussteile aus Bad Laasphe\",\"description\":\"\",\"publisher\":{\"@id\":\"https:\/\/ha-wi.com\/pl\/#organization\"},\"potentialAction\":[{\"@type\":\"SearchAction\",\"target\":{\"@type\":\"EntryPoint\",\"urlTemplate\":\"https:\/\/ha-wi.com\/pl\/?s={search_term_string}\"},\"query-input\":{\"@type\":\"PropertyValueSpecification\",\"valueRequired\":true,\"valueName\":\"search_term_string\"}}],\"inLanguage\":\"pl-PL\"},{\"@type\":\"Organization\",\"@id\":\"https:\/\/ha-wi.com\/pl\/#organization\",\"name\":\"HA-WI Kunststoffe GmbH & Co. KG\",\"url\":\"https:\/\/ha-wi.com\/pl\/\",\"logo\":{\"@type\":\"ImageObject\",\"inLanguage\":\"pl-PL\",\"@id\":\"https:\/\/ha-wi.com\/pl\/#\/schema\/logo\/image\/\",\"url\":\"https:\/\/ha-wi.com\/wp-content\/uploads\/2024\/08\/logo-hawi-kunststoffe.svg\",\"contentUrl\":\"https:\/\/ha-wi.com\/wp-content\/uploads\/2024\/08\/logo-hawi-kunststoffe.svg\",\"width\":1,\"height\":1,\"caption\":\"HA-WI Kunststoffe GmbH & Co. KG\"},\"image\":{\"@id\":\"https:\/\/ha-wi.com\/pl\/#\/schema\/logo\/image\/\"}}]}<\/script>\n<!-- \/ Yoast SEO plugin. -->","yoast_head_json":{"title":"\u015alizgacz g\u0105sienicowy - HA-WI Kunststoffe","robots":{"index":"index","follow":"follow","max-snippet":"max-snippet:-1","max-image-preview":"max-image-preview:large","max-video-preview":"max-video-preview:-1"},"canonical":"https:\/\/ha-wi.com\/pl\/produkte\/slizgacz-gasienicowy\/","og_locale":"pl_PL","og_type":"article","og_title":"\u015alizgacz g\u0105sienicowy - HA-WI Kunststoffe","og_description":"\u015alizgacz g\u0105sienicowy","og_url":"https:\/\/ha-wi.com\/pl\/produkte\/slizgacz-gasienicowy\/","og_site_name":"HA-WI Kunststoffe","og_image":[{"width":2128,"height":1590,"url":"https:\/\/ha-wi.com\/wp-content\/uploads\/2025\/04\/46955.jpg","type":"image\/jpeg"}],"schema":{"@context":"https:\/\/schema.org","@graph":[{"@type":"WebPage","@id":"https:\/\/ha-wi.com\/pl\/produkte\/slizgacz-gasienicowy\/","url":"https:\/\/ha-wi.com\/pl\/produkte\/slizgacz-gasienicowy\/","name":"\u015alizgacz g\u0105sienicowy - HA-WI Kunststoffe","isPartOf":{"@id":"https:\/\/ha-wi.com\/pl\/#website"},"primaryImageOfPage":{"@id":"https:\/\/ha-wi.com\/pl\/produkte\/slizgacz-gasienicowy\/#primaryimage"},"image":{"@id":"https:\/\/ha-wi.com\/pl\/produkte\/slizgacz-gasienicowy\/#primaryimage"},"thumbnailUrl":"https:\/\/ha-wi.com\/wp-content\/uploads\/2025\/04\/46955.jpg","datePublished":"2025-04-15T11:58:27+00:00","breadcrumb":{"@id":"https:\/\/ha-wi.com\/pl\/produkte\/slizgacz-gasienicowy\/#breadcrumb"},"inLanguage":"pl-PL","potentialAction":[{"@type":"ReadAction","target":["https:\/\/ha-wi.com\/pl\/produkte\/slizgacz-gasienicowy\/"]}]},{"@type":"ImageObject","inLanguage":"pl-PL","@id":"https:\/\/ha-wi.com\/pl\/produkte\/slizgacz-gasienicowy\/#primaryimage","url":"https:\/\/ha-wi.com\/wp-content\/uploads\/2025\/04\/46955.jpg","contentUrl":"https:\/\/ha-wi.com\/wp-content\/uploads\/2025\/04\/46955.jpg","width":2128,"height":1590},{"@type":"BreadcrumbList","@id":"https:\/\/ha-wi.com\/pl\/produkte\/slizgacz-gasienicowy\/#breadcrumb","itemListElement":[{"@type":"ListItem","position":1,"name":"Startseite","item":"https:\/\/ha-wi.com\/pl\/strona-glowna\/"},{"@type":"ListItem","position":2,"name":"Produkty","item":"https:\/\/ha-wi.com\/pl\/produkty\/"},{"@type":"ListItem","position":3,"name":"\u015alizgacz g\u0105sienicowy"}]},{"@type":"WebSite","@id":"https:\/\/ha-wi.com\/pl\/#website","url":"https:\/\/ha-wi.com\/pl\/","name":"HA-WI Kunststoffe: pr\u00e4zise Spritzgussteile aus Bad Laasphe","description":"","publisher":{"@id":"https:\/\/ha-wi.com\/pl\/#organization"},"potentialAction":[{"@type":"SearchAction","target":{"@type":"EntryPoint","urlTemplate":"https:\/\/ha-wi.com\/pl\/?s={search_term_string}"},"query-input":{"@type":"PropertyValueSpecification","valueRequired":true,"valueName":"search_term_string"}}],"inLanguage":"pl-PL"},{"@type":"Organization","@id":"https:\/\/ha-wi.com\/pl\/#organization","name":"HA-WI Kunststoffe GmbH & Co. KG","url":"https:\/\/ha-wi.com\/pl\/","logo":{"@type":"ImageObject","inLanguage":"pl-PL","@id":"https:\/\/ha-wi.com\/pl\/#\/schema\/logo\/image\/","url":"https:\/\/ha-wi.com\/wp-content\/uploads\/2024\/08\/logo-hawi-kunststoffe.svg","contentUrl":"https:\/\/ha-wi.com\/wp-content\/uploads\/2024\/08\/logo-hawi-kunststoffe.svg","width":1,"height":1,"caption":"HA-WI Kunststoffe GmbH & Co. KG"},"image":{"@id":"https:\/\/ha-wi.com\/pl\/#\/schema\/logo\/image\/"}}]}},"_links":{"self":[{"href":"https:\/\/ha-wi.com\/pl\/wp-json\/wp\/v2\/product\/10046","targetHints":{"allow":["GET"]}}],"collection":[{"href":"https:\/\/ha-wi.com\/pl\/wp-json\/wp\/v2\/product"}],"about":[{"href":"https:\/\/ha-wi.com\/pl\/wp-json\/wp\/v2\/types\/product"}],"wp:featuredmedia":[{"embeddable":true,"href":"https:\/\/ha-wi.com\/pl\/wp-json\/wp\/v2\/media\/4926"}],"wp:attachment":[{"href":"https:\/\/ha-wi.com\/pl\/wp-json\/wp\/v2\/media?parent=10046"}],"wp:term":[{"taxonomy":"product_brand","embeddable":true,"href":"https:\/\/ha-wi.com\/pl\/wp-json\/wp\/v2\/product_brand?post=10046"},{"taxonomy":"product_cat","embeddable":true,"href":"https:\/\/ha-wi.com\/pl\/wp-json\/wp\/v2\/product_cat?post=10046"},{"taxonomy":"product_tag","embeddable":true,"href":"https:\/\/ha-wi.com\/pl\/wp-json\/wp\/v2\/product_tag?post=10046"}],"curies":[{"name":"wp","href":"https:\/\/api.w.org\/{rel}","templated":true}]}}