{"id":5953,"date":"2024-08-06T12:59:01","date_gmt":"2024-08-06T10:59:01","guid":{"rendered":"https:\/\/dev.freiwerk.de\/hawi\/firma\/"},"modified":"2025-05-07T09:47:18","modified_gmt":"2025-05-07T07:47:18","slug":"firma","status":"publish","type":"page","link":"https:\/\/ha-wi.com\/pl\/firma\/","title":{"rendered":"Firma"},"content":{"rendered":"<p>[et_pb_section fb_built=&#8221;1&#8243; custom_padding_last_edited=&#8221;on|phone&#8221; _builder_version=&#8221;4.27.4&#8243; _module_preset=&#8221;default&#8221; background_color=&#8221;rgba(0,0,0,0.55)&#8221; background_image=&#8221;https:\/\/ha-wi.com\/wp-content\/uploads\/2024\/08\/hawi-bg-3.jpg&#8221; background_blend=&#8221;multiply&#8221; custom_padding=&#8221;6%||6%||true|false&#8221; custom_padding_tablet=&#8221;15%||15%||true|false&#8221; custom_padding_phone=&#8221;20%||20%||true|false&#8221; locked=&#8221;off&#8221; global_colors_info=&#8221;{}&#8221;][et_pb_row custom_padding_last_edited=&#8221;on|phone&#8221; _builder_version=&#8221;4.27.0&#8243; _module_preset=&#8221;default&#8221; width_tablet=&#8221;&#8221; width_phone=&#8221;&#8221; width_last_edited=&#8221;on|desktop&#8221; max_width=&#8221;2000px&#8221; custom_padding=&#8221;3%||3%||false|false&#8221; custom_padding_tablet=&#8221;3%||3%||false|false&#8221; custom_padding_phone=&#8221;15%||3%||false|false&#8221; global_colors_info=&#8221;{}&#8221;][et_pb_column type=&#8221;4_4&#8243; _builder_version=&#8221;4.27.0&#8243; _module_preset=&#8221;default&#8221; global_colors_info=&#8221;{}&#8221;][et_pb_text _builder_version=&#8221;4.27.4&#8243; _module_preset=&#8221;default&#8221; text_text_color=&#8221;#ffffff&#8221; header_font=&#8221;|||on|||||&#8221; header_font_size=&#8221;2.2vw&#8221; header_2_font=&#8221;|||on|||||&#8221; header_2_font_size=&#8221;1.2vw&#8221; width=&#8221;80%&#8221; custom_margin=&#8221;||28px|||&#8221; hover_enabled=&#8221;0&#8243; header_font_size_tablet=&#8221;6vw&#8221; header_font_size_phone=&#8221;7vw&#8221; header_font_size_last_edited=&#8221;on|tablet&#8221; header_2_font_size_tablet=&#8221;3vw&#8221; header_2_font_size_phone=&#8221;4vw&#8221; header_2_font_size_last_edited=&#8221;on|phone&#8221; global_colors_info=&#8221;{}&#8221; width_last_edited=&#8221;on|phone&#8221; sticky_enabled=&#8221;0&#8243; width_tablet=&#8221;100%&#8221; width_phone=&#8221;100%&#8221;]<\/p>\n<h1>Firma<\/h1>\n<h2 class=\"p1\">Do\u015bwiadczenie w dziedzinie tworzyw sztucznych z histori\u0105<b><\/b><\/h2>\n<p class=\"p2\">HA-WI Kunststoffe \u0142\u0105czy do\u015bwiadczenie dw\u00f3ch tradycyjnych firm od 1998 roku. W zak\u0142adzie w Bad Laasphe wytwarzane s\u0105 wysokiej jako\u015bci produkty wewn\u0119trzne i techniczne cz\u0119\u015bci z tworzyw sztucznych &#8211; opracowane przy u\u017cyciu najnowocze\u015bniejszej technologii i najwy\u017cszych standard\u00f3w jako\u015bci. <\/p>\n<p>[\/et_pb_text][et_pb_button button_url=&#8221;#mehr&#8221; button_text=&#8221;Dowiedz si\u0119 wi\u0119cej&#8221; button_alignment=&#8221;left&#8221; button_alignment_tablet=&#8221;center&#8221; button_alignment_phone=&#8221;center&#8221; button_alignment_last_edited=&#8221;on|tablet&#8221; _builder_version=&#8221;4.27.4&#8243; _module_preset=&#8221;default&#8221; custom_button=&#8221;on&#8221; button_text_size=&#8221;18px&#8221; button_text_color=&#8221;#ffffff&#8221; button_bg_color=&#8221;#E3061A&#8221; button_border_width=&#8221;0px&#8221; button_border_color=&#8221;RGBA(255,255,255,0)&#8221; button_border_radius=&#8221;0px&#8221; button_font=&#8221;|700||on|||||&#8221; button_use_icon=&#8221;off&#8221; custom_css_main_element=&#8221;width: 260px;||text-align: center;&#8221; box_shadow_style=&#8221;preset3&#8243; box_shadow_color=&#8221;rgba(255,255,255,0.3)&#8221; locked=&#8221;off&#8221; global_colors_info=&#8221;{}&#8221; custom_css_main_element_last_edited=&#8221;on|phone&#8221; custom_css_main_element_phone=&#8221;width: 100%;||text-align: center;&#8221; custom_css_main_element_tablet=&#8221;width: 260px;||text-align: center;&#8221; transform_styles__hover_enabled=&#8221;on|hover&#8221; transform_scale__hover_enabled=&#8221;on|hover&#8221; transform_translate__hover_enabled=&#8221;on|desktop&#8221; transform_rotate__hover_enabled=&#8221;on|desktop&#8221; transform_skew__hover_enabled=&#8221;on|desktop&#8221; transform_origin__hover_enabled=&#8221;on|desktop&#8221; transform_scale__hover=&#8221;110%|110%&#8221;][\/et_pb_button][\/et_pb_column][\/et_pb_row][\/et_pb_section][et_pb_section fb_built=&#8221;1&#8243; module_id=&#8221;wi\u0119cej&#8221; _builder_version=&#8221;4.27.4&#8243; _module_preset=&#8221;default&#8221; global_colors_info=&#8221;{}&#8221;][et_pb_row column_structure=&#8221;1_3,2_3&#8243; _builder_version=&#8221;4.27.0&#8243; _module_preset=&#8221;default&#8221; max_width=&#8221;2000px&#8221; custom_padding=&#8221;40px|||||&#8221; global_colors_info=&#8221;{}&#8221;][et_pb_column type=&#8221;1_3&#8243; _builder_version=&#8221;4.27.0&#8243; _module_preset=&#8221;default&#8221; global_colors_info=&#8221;{}&#8221;][et_pb_text _builder_version=&#8221;4.27.0&#8243; _module_preset=&#8221;default&#8221; header_3_font=&#8221;|&#8211;et_global_heading_font_weight||on|||||&#8221; header_3_text_color=&#8221;#000000&#8243; global_colors_info=&#8221;{}&#8221;]<\/p>\n<h3>Historia<\/h3>\n<p>[\/et_pb_text][\/et_pb_column][et_pb_column type=&#8221;2_3&#8243; _builder_version=&#8221;4.27.0&#8243; _module_preset=&#8221;default&#8221; global_colors_info=&#8221;{}&#8221;][et_pb_text _builder_version=&#8221;4.27.4&#8243; _module_preset=&#8221;default&#8221; text_font=&#8221;&#8211;et_global_body_font||||||||&#8221; text_font_size=&#8221;20px&#8221; global_colors_info=&#8221;{}&#8221;]<\/p>\n<p>Nazwa HA-WI Kunststoffe sk\u0142ada si\u0119 z inicja\u0142\u00f3w za\u0142o\u017cycieli firmy &#8211; Hacklera i Wieda.<\/p>\n<p>HA-WI Kunststoffe GmbH &amp; Co. KG powsta\u0142a w 1998 roku w wyniku po\u0142\u0105czenia KURI Kunststoff Verarbeitungs GmbH, za\u0142o\u017conej w Bonn w 1959 roku, oraz HA-WI Kunststoffe GmbH, z siedzib\u0105 w Bad Laasphe od 1972 roku, co zaowocowa\u0142o po\u0142\u0105czeniem dziesi\u0119cioleci do\u015bwiadczenia w przetw\u00f3rstwie tworzyw sztucznych. W zak\u0142adzie w Bad Laasphe asortyment produkt\u00f3w obu firm zosta\u0142 po\u0142\u0105czony i rozszerzony zgodnie z wymaganiami rynku, a jednocze\u015bnie obszary artyku\u0142\u00f3w technicznych i oferta katalogowa by\u0142y stale poszerzane. R\u00f3wnolegle do rozszerzania asortymentu produkt\u00f3w, firma zainwestowa\u0142a w nowoczesn\u0105 technologi\u0119 i wdro\u017cy\u0142a kompleksowy system zarz\u0105dzania jako\u015bci\u0105, aby zapewni\u0107 najwy\u017csze standardy we wszystkich procesach produkcyjnych.  <\/p>\n<p>Rezultatem tego udanego rozwoju jest dzisiejsza firma z trzema g\u0142\u00f3wnymi dzia\u0142ami produkt\u00f3w: programami wewn\u0119trznymi, cz\u0119\u015bciami technicznymi i systemami szybkiego mocowania BAKRA\u00ae, kt\u00f3re odzwierciedlaj\u0105 wszechstronn\u0105 wiedz\u0119 i innowacyjn\u0105 si\u0142\u0119 HAWI Kunststoffe.<\/p>\n<p>Od 1 marca 2024 r. reprezentuje nas nasz nowy dyrektor zarz\u0105dzaj\u0105cy Henning Afflerbach, kt\u00f3ry przed obj\u0119ciem obecnego stanowiska pracowa\u0142 w HA-WI i uko\u0144czy\u0142 u nas szkolenie.<\/p>\n<p>[\/et_pb_text][\/et_pb_column][\/et_pb_row][\/et_pb_section][et_pb_section fb_built=&#8221;1&#8243; module_id=&#8221;miejsca pracy&#8221; _builder_version=&#8221;4.27.4&#8243; _module_preset=&#8221;default&#8221; background_color=&#8221;rgba(93,93,97,0.07)&#8221; global_colors_info=&#8221;{}&#8221;][et_pb_row column_structure=&#8221;1_3,2_3&#8243; _builder_version=&#8221;4.27.0&#8243; _module_preset=&#8221;default&#8221; max_width=&#8221;2000px&#8221; custom_padding=&#8221;40px|||||&#8221; global_colors_info=&#8221;{}&#8221;][et_pb_column type=&#8221;1_3&#8243; _builder_version=&#8221;4.27.0&#8243; _module_preset=&#8221;default&#8221; global_colors_info=&#8221;{}&#8221;][et_pb_text _builder_version=&#8221;4.27.3&#8243; _module_preset=&#8221;default&#8221; header_3_font=&#8221;|&#8211;et_global_heading_font_weight||on|||||&#8221; header_3_text_color=&#8221;#000000&#8243; global_colors_info=&#8221;{}&#8221;]<\/p>\n<h3>Wakaty<\/h3>\n<p>[\/et_pb_text][\/et_pb_column][et_pb_column type=&#8221;2_3&#8243; _builder_version=&#8221;4.27.0&#8243; _module_preset=&#8221;default&#8221; global_colors_info=&#8221;{}&#8221;][et_pb_text _builder_version=&#8221;4.27.4&#8243; _module_preset=&#8221;default&#8221; text_font=&#8221;&#8211;et_global_body_font||||||||&#8221; text_font_size=&#8221;20px&#8221; global_colors_info=&#8221;{}&#8221;]<\/p>\n<p class=\"p1\"><b>Zosta\u0144 cz\u0119\u015bci\u0105 naszego zespo\u0142u<\/b><b><\/b><\/p>\n<p class=\"p2\">Szukasz nowych wyzwa\u0144 zawodowych w \u015bredniej wielko\u015bci firmie z przysz\u0142o\u015bci\u0105? W HA-WI Kunststoffe czekaj\u0105 na Ciebie zr\u00f3\u017cnicowane zadania, nowoczesne warunki pracy i kole\u017ce\u0144skie \u015brodowisko. Aplikuj ju\u017c teraz &#8211; czekamy na Ciebie!  <\/p>\n<p class=\"p1\"><b>Szkolenie w HA-WI<\/b><b><\/b><\/p>\n<p class=\"p2\">Chcesz po\u0142o\u017cy\u0107 fundamenty pod swoj\u0105 przysz\u0142o\u015b\u0107 zawodow\u0105? Rozpocznij praktyk\u0119 w HA-WI Kunststoffe! Oferujemy ekscytuj\u0105ce praktyki zawodowe z perspektywami, osobistym wsparciem i mo\u017cliwo\u015bci\u0105 kszta\u0142towania firmy od samego pocz\u0105tku.  <\/p>\n<p>[\/et_pb_text][\/et_pb_column][\/et_pb_row][et_pb_row admin_label=&#8221;Blog &#8211; Styl 06&#8243; _builder_version=&#8221;4.16&#8243; _module_preset=&#8221;_initial&#8221; max_width=&#8221;2000px&#8221; custom_padding=&#8221;40px|||||&#8221; locked=&#8221;off&#8221; global_colors_info=&#8221;{}&#8221;][et_pb_column type=&#8221;4_4&#8243; _builder_version=&#8221;4.16&#8243; _module_preset=&#8221;default&#8221; custom_css_main_element=&#8221;width: 100% !important;&#8221; global_colors_info=&#8221;{}&#8221;][et_pb_blog fullwidth=&#8221;off&#8221; posts_number=&#8221;12&#8243; include_categories=&#8221;all&#8221; use_manual_excerpt=&#8221;off&#8221; excerpt_length=&#8221;170&#8243; show_more=&#8221;on&#8221; show_author=&#8221;off&#8221; show_date=&#8221;off&#8221; show_categories=&#8221;off&#8221; show_excerpt=&#8221;off&#8221; show_pagination=&#8221;off&#8221; module_class=&#8221;blog-style-06&#8243; _builder_version=&#8221;4.27.4&#8243; _module_preset=&#8221;default&#8221; header_font=&#8221;|600||on|||||&#8221; header_text_color=&#8221;#5D5D61&#8243; header_font_size=&#8221;22px&#8221; header_line_height=&#8221;1.2em&#8221; body_font=&#8221;||||||||&#8221; body_text_color=&#8221;#333333&#8243; meta_font=&#8221;||||||||&#8221; read_more_font=&#8221;|600||on|||||&#8221; read_more_text_color=&#8221;#ffffff&#8221; read_more_font_size=&#8221;18px&#8221; pagination_font=&#8221;|||on|||||&#8221; header_font_size_tablet=&#8221;20px&#8221; header_font_size_phone=&#8221;18px&#8221; header_font_size_last_edited=&#8221;on|phone&#8221; header_line_height_last_edited=&#8221;off|desktop&#8221; body_font_size_phone=&#8221;17px&#8221; body_font_size_last_edited=&#8221;off|desktop&#8221; meta_font_size_phone=&#8221;15px&#8221; meta_font_size_last_edited=&#8221;off|phone&#8221; meta_line_height_phone=&#8221;1.3em&#8221; meta_line_height_last_edited=&#8221;off|desktop&#8221; custom_css_title=&#8221;padding-left:15px;||padding-right:15px;||min-height: 120px;&#8221; custom_css_content=&#8221;padding-left:15px;||padding-right:15px;||padding-bottom:15px;&#8221; custom_css_read_more=&#8221;padding: 5px 10px 5px 10px;||margin-top: 30px;||background-color: #e3061a;&#8221; global_colors_info=&#8221;{}&#8221; pagination_letter_spacing__hover=&#8221;0px&#8221; pagination_letter_spacing__hover_enabled=&#8221;on|desktop&#8221; custom_css_main_element_last_edited=&#8221;off|phone&#8221; custom_css_post_meta_last_edited=&#8221;off|desktop&#8221; custom_css_post_meta_phone=&#8221;margin-top:10px;||padding-left: 15px !important;||padding-right: 15px;||font-weight:400;&#8221; custom_css_post_meta_tablet=&#8221;font-weight:400;||padding-left:15px;||padding-right:15px;&#8221; custom_css_read_more__hover_enabled=&#8221;on|desktop&#8221; custom_css_read_more__hover=&#8221;background-color: black;&#8221;][\/et_pb_blog][\/et_pb_column][\/et_pb_row][\/et_pb_section][et_pb_section fb_built=&#8221;1&#8243; _builder_version=&#8221;4.27.0&#8243; _module_preset=&#8221;default&#8221; background_color=&#8221;#000000&#8243; custom_padding=&#8221;50px||50px||true|&#8221; global_module=&#8221;4117&#8243; saved_tabs=&#8221;all&#8221; locked=&#8221;off&#8221; global_colors_info=&#8221;{}&#8221;][et_pb_row column_structure=&#8221;1_3,2_3&#8243; _builder_version=&#8221;4.27.0&#8243; _module_preset=&#8221;default&#8221; max_width=&#8221;2000px&#8221; global_colors_info=&#8221;{}&#8221;][et_pb_column type=&#8221;1_3&#8243; _builder_version=&#8221;4.27.0&#8243; _module_preset=&#8221;default&#8221; global_colors_info=&#8221;{}&#8221;][et_pb_icon font_icon=&#8221;&#xf2b9;||fa||400&#8243; icon_color=&#8221;#ffffff&#8221; _builder_version=&#8221;4.27.0&#8243; _module_preset=&#8221;default&#8221; global_colors_info=&#8221;{}&#8221;][\/et_pb_icon][\/et_pb_column][et_pb_column type=&#8221;2_3&#8243; _builder_version=&#8221;4.27.0&#8243; _module_preset=&#8221;default&#8221; global_colors_info=&#8221;{}&#8221;][et_pb_text _builder_version=&#8221;4.27.4&#8243; _module_preset=&#8221;default&#8221; text_text_color=&#8221;#ffffff&#8221; header_3_font=&#8221;|&#8211;et_global_heading_font_weight||on|||||&#8221; header_4_font=&#8221;|||on|||||&#8221; global_colors_info=&#8221;{}&#8221;]<\/p>\n<h3>Skontaktuj si\u0119 z nami<\/h3>\n<p>[\/et_pb_text][et_pb_text _builder_version=&#8221;4.27.2&#8243; _module_preset=&#8221;default&#8221; text_text_color=&#8221;#ffffff&#8221; text_font_size=&#8221;20px&#8221; text_line_height=&#8221;1.3em&#8221; text_font_size_tablet=&#8221;18px&#8221; text_font_size_phone=&#8221;16px&#8221; text_font_size_last_edited=&#8221;on|desktop&#8221; locked=&#8221;off&#8221; global_colors_info=&#8221;{}&#8221;]<\/p>\n<p><strong>Jak mo\u017cemy Ci pom\u00f3c?<\/strong><\/p>\n<p>Mo\u017cesz \u0142atwo skontaktowa\u0107 si\u0119 z nami telefonicznie, e-mailem lub za po\u015brednictwem naszego formularza kontaktowego. Ch\u0119tnie odpowiemy na wszystkie pytania i w\u0105tpliwo\u015bci. <\/p>\n<p>[\/et_pb_text][et_pb_button button_url=&#8221;@ET-DC@eyJkeW5hbWljIjp0cnVlLCJjb250ZW50IjoicG9zdF9saW5rX3VybF9wYWdlIiwic2V0dGluZ3MiOnsicG9zdF9pZCI6IjMxMyJ9fQ==@&#8221; button_text=&#8221;Do formularza kontaktowego&#8221; _builder_version=&#8221;4.27.0&#8243; _dynamic_attributes=&#8221;button_url&#8221; _module_preset=&#8221;default&#8221; custom_button=&#8221;on&#8221; button_text_size=&#8221;18px&#8221; button_text_color=&#8221;#000000&#8243; button_bg_color=&#8221;#ffffff&#8221; button_border_width=&#8221;0px&#8221; button_border_color=&#8221;RGBA(255,255,255,0)&#8221; button_border_radius=&#8221;0px&#8221; button_font=&#8221;|700||on|||||&#8221; button_use_icon=&#8221;off&#8221; custom_css_main_element=&#8221;width: 260px;||text-align: center;&#8221; global_colors_info=&#8221;{}&#8221; custom_css_main_element_last_edited=&#8221;on|phone&#8221; custom_css_main_element_phone=&#8221;width: 100%;||text-align: center;&#8221; custom_css_main_element_tablet=&#8221;width: 260px;||text-align: center;&#8221;][\/et_pb_button][\/et_pb_column][\/et_pb_row][\/et_pb_section]<\/p>\n","protected":false},"excerpt":{"rendered":"<p>Firma Do\u015bwiadczenie w dziedzinie tworzyw sztucznych z histori\u0105 HA-WI Kunststoffe \u0142\u0105czy do\u015bwiadczenie dw\u00f3ch tradycyjnych firm od 1998 roku. W zak\u0142adzie w Bad Laasphe wytwarzane s\u0105 wysokiej jako\u015bci produkty wewn\u0119trzne i techniczne cz\u0119\u015bci z tworzyw sztucznych &#8211; opracowane przy u\u017cyciu najnowocze\u015bniejszej technologii i najwy\u017cszych standard\u00f3w jako\u015bci. HistoriaNazwa HA-WI Kunststoffe sk\u0142ada si\u0119 z inicja\u0142\u00f3w za\u0142o\u017cycieli firmy &#8211; [&hellip;]<\/p>\n","protected":false},"author":2,"featured_media":0,"parent":0,"menu_order":0,"comment_status":"closed","ping_status":"closed","template":"","meta":{"_et_pb_use_builder":"on","_et_pb_old_content":"","_et_gb_content_width":"","footnotes":""},"dipi_cpt_category":[],"class_list":["post-5953","page","type-page","status-publish","hentry"],"yoast_head":"<!-- This site is optimized with the Yoast SEO plugin v27.2 - https:\/\/yoast.com\/product\/yoast-seo-wordpress\/ -->\n<title>HA-WI Kunststoffe - Tw\u00f3j partner w przetw\u00f3rstwie tworzyw sztucznych<\/title>\n<meta name=\"description\" content=\"Jeste\u015bmy firm\u0105 zarz\u0105dzan\u0105 przez w\u0142a\u015bciciela z ponad 50-letnim do\u015bwiadczeniem w produkcji wysokiej jako\u015bci wyrob\u00f3w z tworzyw sztucznych.\" \/>\n<meta name=\"robots\" content=\"index, follow, max-snippet:-1, max-image-preview:large, max-video-preview:-1\" \/>\n<link rel=\"canonical\" href=\"https:\/\/ha-wi.com\/pl\/firma\/\" \/>\n<meta property=\"og:locale\" content=\"pl_PL\" \/>\n<meta property=\"og:type\" content=\"article\" \/>\n<meta property=\"og:title\" content=\"HA-WI Kunststoffe - Tw\u00f3j partner w przetw\u00f3rstwie tworzyw sztucznych\" \/>\n<meta property=\"og:description\" content=\"Jeste\u015bmy firm\u0105 zarz\u0105dzan\u0105 przez w\u0142a\u015bciciela z ponad 50-letnim do\u015bwiadczeniem w produkcji wysokiej jako\u015bci wyrob\u00f3w z tworzyw sztucznych.\" \/>\n<meta property=\"og:url\" content=\"https:\/\/ha-wi.com\/pl\/firma\/\" \/>\n<meta property=\"og:site_name\" content=\"HA-WI Kunststoffe\" \/>\n<meta property=\"article:modified_time\" content=\"2025-05-07T07:47:18+00:00\" \/>\n<meta name=\"twitter:label1\" content=\"Szacowany czas czytania\" \/>\n\t<meta name=\"twitter:data1\" content=\"8 minut\" \/>\n<script type=\"application\/ld+json\" class=\"yoast-schema-graph\">{\"@context\":\"https:\/\/schema.org\",\"@graph\":[{\"@type\":\"WebPage\",\"@id\":\"https:\/\/ha-wi.com\/pl\/firma\/\",\"url\":\"https:\/\/ha-wi.com\/pl\/firma\/\",\"name\":\"HA-WI Kunststoffe - Tw\u00f3j partner w przetw\u00f3rstwie tworzyw sztucznych\",\"isPartOf\":{\"@id\":\"https:\/\/ha-wi.com\/pl\/#website\"},\"datePublished\":\"2024-08-06T10:59:01+00:00\",\"dateModified\":\"2025-05-07T07:47:18+00:00\",\"description\":\"Jeste\u015bmy firm\u0105 zarz\u0105dzan\u0105 przez w\u0142a\u015bciciela z ponad 50-letnim do\u015bwiadczeniem w produkcji wysokiej jako\u015bci wyrob\u00f3w z tworzyw sztucznych.\",\"breadcrumb\":{\"@id\":\"https:\/\/ha-wi.com\/pl\/firma\/#breadcrumb\"},\"inLanguage\":\"pl-PL\",\"potentialAction\":[{\"@type\":\"ReadAction\",\"target\":[\"https:\/\/ha-wi.com\/pl\/firma\/\"]}]},{\"@type\":\"BreadcrumbList\",\"@id\":\"https:\/\/ha-wi.com\/pl\/firma\/#breadcrumb\",\"itemListElement\":[{\"@type\":\"ListItem\",\"position\":1,\"name\":\"Startseite\",\"item\":\"https:\/\/ha-wi.com\/pl\/strona-glowna\/\"},{\"@type\":\"ListItem\",\"position\":2,\"name\":\"Firma\"}]},{\"@type\":\"WebSite\",\"@id\":\"https:\/\/ha-wi.com\/pl\/#website\",\"url\":\"https:\/\/ha-wi.com\/pl\/\",\"name\":\"HA-WI Kunststoffe: pr\u00e4zise Spritzgussteile aus Bad Laasphe\",\"description\":\"\",\"publisher\":{\"@id\":\"https:\/\/ha-wi.com\/pl\/#organization\"},\"potentialAction\":[{\"@type\":\"SearchAction\",\"target\":{\"@type\":\"EntryPoint\",\"urlTemplate\":\"https:\/\/ha-wi.com\/pl\/?s={search_term_string}\"},\"query-input\":{\"@type\":\"PropertyValueSpecification\",\"valueRequired\":true,\"valueName\":\"search_term_string\"}}],\"inLanguage\":\"pl-PL\"},{\"@type\":\"Organization\",\"@id\":\"https:\/\/ha-wi.com\/pl\/#organization\",\"name\":\"HA-WI Kunststoffe GmbH & Co. KG\",\"url\":\"https:\/\/ha-wi.com\/pl\/\",\"logo\":{\"@type\":\"ImageObject\",\"inLanguage\":\"pl-PL\",\"@id\":\"https:\/\/ha-wi.com\/pl\/#\/schema\/logo\/image\/\",\"url\":\"https:\/\/ha-wi.com\/wp-content\/uploads\/2024\/08\/logo-hawi-kunststoffe.svg\",\"contentUrl\":\"https:\/\/ha-wi.com\/wp-content\/uploads\/2024\/08\/logo-hawi-kunststoffe.svg\",\"width\":1,\"height\":1,\"caption\":\"HA-WI Kunststoffe GmbH & Co. KG\"},\"image\":{\"@id\":\"https:\/\/ha-wi.com\/pl\/#\/schema\/logo\/image\/\"}}]}<\/script>\n<!-- \/ Yoast SEO plugin. -->","yoast_head_json":{"title":"HA-WI Kunststoffe - Tw\u00f3j partner w przetw\u00f3rstwie tworzyw sztucznych","description":"Jeste\u015bmy firm\u0105 zarz\u0105dzan\u0105 przez w\u0142a\u015bciciela z ponad 50-letnim do\u015bwiadczeniem w produkcji wysokiej jako\u015bci wyrob\u00f3w z tworzyw sztucznych.","robots":{"index":"index","follow":"follow","max-snippet":"max-snippet:-1","max-image-preview":"max-image-preview:large","max-video-preview":"max-video-preview:-1"},"canonical":"https:\/\/ha-wi.com\/pl\/firma\/","og_locale":"pl_PL","og_type":"article","og_title":"HA-WI Kunststoffe - Tw\u00f3j partner w przetw\u00f3rstwie tworzyw sztucznych","og_description":"Jeste\u015bmy firm\u0105 zarz\u0105dzan\u0105 przez w\u0142a\u015bciciela z ponad 50-letnim do\u015bwiadczeniem w produkcji wysokiej jako\u015bci wyrob\u00f3w z tworzyw sztucznych.","og_url":"https:\/\/ha-wi.com\/pl\/firma\/","og_site_name":"HA-WI Kunststoffe","article_modified_time":"2025-05-07T07:47:18+00:00","twitter_misc":{"Szacowany czas czytania":"8 minut"},"schema":{"@context":"https:\/\/schema.org","@graph":[{"@type":"WebPage","@id":"https:\/\/ha-wi.com\/pl\/firma\/","url":"https:\/\/ha-wi.com\/pl\/firma\/","name":"HA-WI Kunststoffe - Tw\u00f3j partner w przetw\u00f3rstwie tworzyw sztucznych","isPartOf":{"@id":"https:\/\/ha-wi.com\/pl\/#website"},"datePublished":"2024-08-06T10:59:01+00:00","dateModified":"2025-05-07T07:47:18+00:00","description":"Jeste\u015bmy firm\u0105 zarz\u0105dzan\u0105 przez w\u0142a\u015bciciela z ponad 50-letnim do\u015bwiadczeniem w produkcji wysokiej jako\u015bci wyrob\u00f3w z tworzyw sztucznych.","breadcrumb":{"@id":"https:\/\/ha-wi.com\/pl\/firma\/#breadcrumb"},"inLanguage":"pl-PL","potentialAction":[{"@type":"ReadAction","target":["https:\/\/ha-wi.com\/pl\/firma\/"]}]},{"@type":"BreadcrumbList","@id":"https:\/\/ha-wi.com\/pl\/firma\/#breadcrumb","itemListElement":[{"@type":"ListItem","position":1,"name":"Startseite","item":"https:\/\/ha-wi.com\/pl\/strona-glowna\/"},{"@type":"ListItem","position":2,"name":"Firma"}]},{"@type":"WebSite","@id":"https:\/\/ha-wi.com\/pl\/#website","url":"https:\/\/ha-wi.com\/pl\/","name":"HA-WI Kunststoffe: pr\u00e4zise Spritzgussteile aus Bad Laasphe","description":"","publisher":{"@id":"https:\/\/ha-wi.com\/pl\/#organization"},"potentialAction":[{"@type":"SearchAction","target":{"@type":"EntryPoint","urlTemplate":"https:\/\/ha-wi.com\/pl\/?s={search_term_string}"},"query-input":{"@type":"PropertyValueSpecification","valueRequired":true,"valueName":"search_term_string"}}],"inLanguage":"pl-PL"},{"@type":"Organization","@id":"https:\/\/ha-wi.com\/pl\/#organization","name":"HA-WI Kunststoffe GmbH & Co. KG","url":"https:\/\/ha-wi.com\/pl\/","logo":{"@type":"ImageObject","inLanguage":"pl-PL","@id":"https:\/\/ha-wi.com\/pl\/#\/schema\/logo\/image\/","url":"https:\/\/ha-wi.com\/wp-content\/uploads\/2024\/08\/logo-hawi-kunststoffe.svg","contentUrl":"https:\/\/ha-wi.com\/wp-content\/uploads\/2024\/08\/logo-hawi-kunststoffe.svg","width":1,"height":1,"caption":"HA-WI Kunststoffe GmbH & Co. KG"},"image":{"@id":"https:\/\/ha-wi.com\/pl\/#\/schema\/logo\/image\/"}}]}},"_links":{"self":[{"href":"https:\/\/ha-wi.com\/pl\/wp-json\/wp\/v2\/pages\/5953","targetHints":{"allow":["GET"]}}],"collection":[{"href":"https:\/\/ha-wi.com\/pl\/wp-json\/wp\/v2\/pages"}],"about":[{"href":"https:\/\/ha-wi.com\/pl\/wp-json\/wp\/v2\/types\/page"}],"author":[{"embeddable":true,"href":"https:\/\/ha-wi.com\/pl\/wp-json\/wp\/v2\/users\/2"}],"replies":[{"embeddable":true,"href":"https:\/\/ha-wi.com\/pl\/wp-json\/wp\/v2\/comments?post=5953"}],"version-history":[{"count":3,"href":"https:\/\/ha-wi.com\/pl\/wp-json\/wp\/v2\/pages\/5953\/revisions"}],"predecessor-version":[{"id":10785,"href":"https:\/\/ha-wi.com\/pl\/wp-json\/wp\/v2\/pages\/5953\/revisions\/10785"}],"wp:attachment":[{"href":"https:\/\/ha-wi.com\/pl\/wp-json\/wp\/v2\/media?parent=5953"}],"wp:term":[{"taxonomy":"dipi_cpt_category","embeddable":true,"href":"https:\/\/ha-wi.com\/pl\/wp-json\/wp\/v2\/dipi_cpt_category?post=5953"}],"curies":[{"name":"wp","href":"https:\/\/api.w.org\/{rel}","templated":true}]}}