{"id":5938,"date":"2024-08-06T12:59:09","date_gmt":"2024-08-06T10:59:09","guid":{"rendered":"https:\/\/dev.freiwerk.de\/hawi\/jakosc\/"},"modified":"2025-05-07T09:50:16","modified_gmt":"2025-05-07T07:50:16","slug":"jakosc","status":"publish","type":"page","link":"https:\/\/ha-wi.com\/pl\/jakosc\/","title":{"rendered":"jako\u015b\u0107"},"content":{"rendered":"<p>[et_pb_section fb_built=&#8221;1&#8243; custom_padding_last_edited=&#8221;on|phone&#8221; _builder_version=&#8221;4.27.2&#8243; _module_preset=&#8221;default&#8221; background_color=&#8221;#000000&#8243; background_enable_image=&#8221;off&#8221; background_blend=&#8221;multiply&#8221; custom_padding=&#8221;3%||3%||true|false&#8221; custom_padding_tablet=&#8221;12%||7%||false|false&#8221; custom_padding_phone=&#8221;20%||7%||false|false&#8221; locked=&#8221;off&#8221; global_colors_info=&#8221;{}&#8221;][et_pb_row custom_padding_last_edited=&#8221;on|tablet&#8221; _builder_version=&#8221;4.27.2&#8243; _module_preset=&#8221;default&#8221; width_tablet=&#8221;&#8221; width_phone=&#8221;&#8221; width_last_edited=&#8221;on|desktop&#8221; max_width=&#8221;2000px&#8221; custom_margin=&#8221;|auto||auto|false|false&#8221; custom_margin_tablet=&#8221;40px||||false|false&#8221; custom_margin_phone=&#8221;0px||||false|false&#8221; custom_margin_last_edited=&#8221;on|phone&#8221; custom_padding_tablet=&#8221;3%||3%||false|false&#8221; custom_padding_phone=&#8221;5%||||false|false&#8221; global_colors_info=&#8221;{}&#8221;][et_pb_column type=&#8221;4_4&#8243; _builder_version=&#8221;4.27.0&#8243; _module_preset=&#8221;default&#8221; global_colors_info=&#8221;{}&#8221;][et_pb_text _builder_version=&#8221;4.27.4&#8243; _module_preset=&#8221;default&#8221; header_font=&#8221;|||on|||||&#8221; header_2_font=&#8221;|||on|||||&#8221; width=&#8221;80%&#8221; width_tablet=&#8221;100%&#8221; width_phone=&#8221;100%&#8221; width_last_edited=&#8221;on|phone&#8221; global_colors_info=&#8221;{}&#8221;]<\/p>\n<h1>Jako\u015b\u0107 to proces spo\u0142eczno\u015bciowy<\/h1>\n<p>[\/et_pb_text][\/et_pb_column][\/et_pb_row][\/et_pb_section][et_pb_section fb_built=&#8221;1&#8243; _builder_version=&#8221;4.27.2&#8243; _module_preset=&#8221;default&#8221; custom_margin=&#8221;0px||0px||false|false&#8221; custom_padding=&#8221;0px||0px||false|false&#8221; locked=&#8221;off&#8221; global_colors_info=&#8221;{}&#8221;][et_pb_row column_structure=&#8221;3_5,2_5&#8243; custom_padding_last_edited=&#8221;on|phone&#8221; _builder_version=&#8221;4.27.4&#8243; _module_preset=&#8221;default&#8221; width_tablet=&#8221;&#8221; width_phone=&#8221;&#8221; width_last_edited=&#8221;on|desktop&#8221; max_width=&#8221;2000px&#8221; custom_margin=&#8221;1px|auto||auto||&#8221; custom_padding=&#8221;3%||3%||false|false&#8221; custom_padding_tablet=&#8221;4%||4%||true|false&#8221; custom_padding_phone=&#8221;10%||10%||true|false&#8221; hover_enabled=&#8221;0&#8243; global_colors_info=&#8221;{}&#8221; sticky_enabled=&#8221;0&#8243;][et_pb_column type=&#8221;3_5&#8243; _builder_version=&#8221;4.27.0&#8243; _module_preset=&#8221;default&#8221; global_colors_info=&#8221;{}&#8221;][et_pb_text _builder_version=&#8221;4.27.4&#8243; _module_preset=&#8221;default&#8221; text_font=&#8221;&#8211;et_global_body_font||||||||&#8221; text_text_color=&#8221;#000000&#8243; text_font_size=&#8221;20px&#8221; header_2_font=&#8221;|&#8211;et_global_heading_font_weight||on|||||&#8221; header_2_text_color=&#8221;#000000&#8243; custom_margin_tablet=&#8221;|10%||10%|false|true&#8221; custom_margin_phone=&#8221;|10%||10%|false|false&#8221; custom_margin_last_edited=&#8221;on|phone&#8221; custom_padding_tablet=&#8221;4%||4%||true|false&#8221; custom_padding_phone=&#8221;10%||10%||true|false&#8221; custom_padding_last_edited=&#8221;on|phone&#8221; global_colors_info=&#8221;{}&#8221;]<\/p>\n<p>Posiadamy certyfikat ISO 9001:2015.<\/p>\n<p>Odpowiedni system zarz\u0105dzania jako\u015bci\u0105 jest zorganizowany we wszystkich obszarach firmy, a cele jako\u015bciowe s\u0105 formu\u0142owane dla wszystkich jednostek organizacyjnych.<\/p>\n<p>Ci\u0105g\u0142e doskonalenie proces\u00f3w jest kluczem do sta\u0142ego podnoszenia jako\u015bci i produktywno\u015bci.<\/p>\n<p>Jako\u015b\u0107 pracy to wsp\u00f3lny wysi\u0142ek wszystkich pracownik\u00f3w.<\/p>\n<p>Kwalifikacje pracownik\u00f3w i ich zdolno\u015b\u0107 do wykonywania innowacyjnej pracy w sensie celu &#8220;zero defekt\u00f3w&#8221; i ci\u0105g\u0142ego doskonalenia s\u0105 traktowane priorytetowo.<\/p>\n<p>Spe\u0142nianie oczekiwa\u0144 i wymaga\u0144 klient\u00f3w jest dla nas g\u0142\u00f3wnym celem w produkcji i dystrybucji wszystkich towar\u00f3w i us\u0142ug (produkt\u00f3w) w celu zwi\u0119kszenia zadowolenia klient\u00f3w w perspektywie d\u0142ugoterminowej.<\/p>\n<p>[\/et_pb_text][et_pb_text _builder_version=&#8221;4.27.2&#8243; _module_preset=&#8221;default&#8221; text_font=&#8221;&#8211;et_global_body_font||||||||&#8221; text_text_color=&#8221;#000000&#8243; text_font_size=&#8221;20px&#8221; header_2_font=&#8221;|&#8211;et_global_heading_font_weight||on|||||&#8221; header_2_text_color=&#8221;#000000&#8243; header_3_font=&#8221;|||on|||||&#8221; header_3_text_color=&#8221;#5D5D61&#8243; header_4_font=&#8221;|||on|||||&#8221; header_4_text_color=&#8221;#000000&#8243; custom_margin_tablet=&#8221;|10%||10%|false|true&#8221; custom_margin_phone=&#8221;|10%||10%|false|false&#8221; custom_margin_last_edited=&#8221;on|phone&#8221; custom_padding_tablet=&#8221;4%||4%||true|false&#8221; custom_padding_phone=&#8221;10%||10%||true|false&#8221; custom_padding_last_edited=&#8221;on|phone&#8221; global_colors_info=&#8221;{}&#8221;]<\/p>\n<h4>Nie tylko mierzymy jako\u015b\u0107 &#8211; my j\u0105 tworzymy.<\/h4>\n<p>Nasze produkty charakteryzuj\u0105 si\u0119 <strong>jako\u015bci\u0105 i wydajno\u015bci\u0105<\/strong>, wspieran\u0105 przez nast\u0119puj\u0105ce metody i us\u0142ugi:<\/p>\n<ul>\n<li><strong>Zaawansowane planowanie jako\u015bci<\/strong> i <strong>inspekcji<\/strong><\/li>\n<li><strong>Mierniki i sprz\u0119t do test\u00f3w funkcjonalnych<\/strong><\/li>\n<li><strong>Pr\u00f3bki wst\u0119pne zgodne z VDA lub PPAP<\/strong><\/li>\n<li><strong>Wpisy IMDS<\/strong><\/li>\n<li><strong>Certyfikaty test\u00f3w zak\u0142adowych<\/strong><\/li>\n<li><strong>Kontrola towar\u00f3w przychodz\u0105cych i serii<\/strong> (SPC, PFU)<\/li>\n<li><strong>Test zdolno\u015bci maszyny<\/strong> (MFU)<\/li>\n<li><strong>Rekwalifikacja<\/strong><\/li>\n<\/ul>\n<p>Posiadamy r\u00f3wnie\u017c certyfikaty <strong>ISO 9001:2015<\/strong> i <strong>AEO-F<\/strong>, kt\u00f3re podkre\u015blaj\u0105 nasze wysokie standardy i zaanga\u017cowanie w jako\u015b\u0107.<\/p>\n<p>[\/et_pb_text][\/et_pb_column][et_pb_column type=&#8221;2_5&#8243; _builder_version=&#8221;4.27.0&#8243; _module_preset=&#8221;default&#8221; global_colors_info=&#8221;{}&#8221;][dipi_masonry_gallery gallery_ids=&#8221;1219,1220,1221,1222&#8243; gallery_orderby=&#8221;rand&#8221; columns=&#8221;2&#8243; gutter=&#8221;3&#8243; columns_tablet=&#8221;2&#8243; columns_phone=&#8221;2&#8243; columns_last_edited=&#8221;on|phone&#8221; _builder_version=&#8221;4.27.4&#8243; _module_preset=&#8221;default&#8221; global_colors_info=&#8221;{}&#8221;][\/dipi_masonry_gallery][\/et_pb_column][\/et_pb_row][\/et_pb_section][et_pb_section fb_built=&#8221;1&#8243; _builder_version=&#8221;4.27.0&#8243; _module_preset=&#8221;default&#8221; background_color=&#8221;#000000&#8243; custom_padding=&#8221;50px||50px||true|&#8221; global_module=&#8221;4117&#8243; locked=&#8221;off&#8221; global_colors_info=&#8221;{}&#8221;][et_pb_row column_structure=&#8221;1_3,2_3&#8243; _builder_version=&#8221;4.27.0&#8243; _module_preset=&#8221;default&#8221; max_width=&#8221;2000px&#8221; global_colors_info=&#8221;{}&#8221;][et_pb_column type=&#8221;1_3&#8243; _builder_version=&#8221;4.27.0&#8243; _module_preset=&#8221;default&#8221; global_colors_info=&#8221;{}&#8221;][et_pb_icon font_icon=&#8221;&#xf2b9;||fa||400&#8243; icon_color=&#8221;#ffffff&#8221; _builder_version=&#8221;4.27.0&#8243; _module_preset=&#8221;default&#8221; global_colors_info=&#8221;{}&#8221;][\/et_pb_icon][\/et_pb_column][et_pb_column type=&#8221;2_3&#8243; _builder_version=&#8221;4.27.0&#8243; _module_preset=&#8221;default&#8221; global_colors_info=&#8221;{}&#8221;][et_pb_text _builder_version=&#8221;4.27.4&#8243; _module_preset=&#8221;default&#8221; text_text_color=&#8221;#ffffff&#8221; header_3_font=&#8221;|&#8211;et_global_heading_font_weight||on|||||&#8221; header_4_font=&#8221;|||on|||||&#8221; global_colors_info=&#8221;{}&#8221;]<\/p>\n<h3>Skontaktuj si\u0119 z nami<\/h3>\n<p>[\/et_pb_text][et_pb_text _builder_version=&#8221;4.27.2&#8243; _module_preset=&#8221;default&#8221; text_text_color=&#8221;#ffffff&#8221; text_font_size=&#8221;20px&#8221; text_line_height=&#8221;1.3em&#8221; text_font_size_tablet=&#8221;18px&#8221; text_font_size_phone=&#8221;16px&#8221; text_font_size_last_edited=&#8221;on|desktop&#8221; locked=&#8221;off&#8221; global_colors_info=&#8221;{}&#8221;]<\/p>\n<p><strong>Jak mo\u017cemy Ci pom\u00f3c?<\/strong><\/p>\n<p>Mo\u017cesz \u0142atwo skontaktowa\u0107 si\u0119 z nami telefonicznie, e-mailem lub za po\u015brednictwem naszego formularza kontaktowego. Ch\u0119tnie odpowiemy na wszystkie pytania i w\u0105tpliwo\u015bci. <\/p>\n<p>[\/et_pb_text][et_pb_button button_url=&#8221;@ET-DC@eyJkeW5hbWljIjp0cnVlLCJjb250ZW50IjoicG9zdF9saW5rX3VybF9wYWdlIiwic2V0dGluZ3MiOnsicG9zdF9pZCI6IjMxMyJ9fQ==@&#8221; button_text=&#8221;Do formularza kontaktowego&#8221; _builder_version=&#8221;4.27.0&#8243; _dynamic_attributes=&#8221;button_url&#8221; _module_preset=&#8221;default&#8221; custom_button=&#8221;on&#8221; button_text_size=&#8221;18px&#8221; button_text_color=&#8221;#000000&#8243; button_bg_color=&#8221;#ffffff&#8221; button_border_width=&#8221;0px&#8221; button_border_color=&#8221;RGBA(255,255,255,0)&#8221; button_border_radius=&#8221;0px&#8221; button_font=&#8221;|700||on|||||&#8221; button_use_icon=&#8221;off&#8221; custom_css_main_element=&#8221;width: 260px;||text-align: center;&#8221; global_colors_info=&#8221;{}&#8221; custom_css_main_element_last_edited=&#8221;on|phone&#8221; custom_css_main_element_phone=&#8221;width: 100%;||text-align: center;&#8221; custom_css_main_element_tablet=&#8221;width: 260px;||text-align: center;&#8221;][\/et_pb_button][\/et_pb_column][\/et_pb_row][\/et_pb_section]<\/p>\n","protected":false},"excerpt":{"rendered":"<p>Jako\u015b\u0107 to proces spo\u0142eczno\u015bciowyPosiadamy certyfikat ISO 9001:2015. Odpowiedni system zarz\u0105dzania jako\u015bci\u0105 jest zorganizowany we wszystkich obszarach firmy, a cele jako\u015bciowe s\u0105 formu\u0142owane dla wszystkich jednostek organizacyjnych. Ci\u0105g\u0142e doskonalenie proces\u00f3w jest kluczem do sta\u0142ego podnoszenia jako\u015bci i produktywno\u015bci. Jako\u015b\u0107 pracy to wsp\u00f3lny wysi\u0142ek wszystkich pracownik\u00f3w. Kwalifikacje pracownik\u00f3w i ich zdolno\u015b\u0107 do wykonywania innowacyjnej pracy w sensie [&hellip;]<\/p>\n","protected":false},"author":2,"featured_media":0,"parent":0,"menu_order":0,"comment_status":"closed","ping_status":"closed","template":"","meta":{"_et_pb_use_builder":"on","_et_pb_old_content":"","_et_gb_content_width":"","footnotes":""},"dipi_cpt_category":[],"class_list":["post-5938","page","type-page","status-publish","hentry"],"yoast_head":"<!-- This site is optimized with the Yoast SEO plugin v27.2 - https:\/\/yoast.com\/product\/yoast-seo-wordpress\/ -->\n<title>Zarz\u0105dzanie jako\u015bci\u0105 w HA-WI Kunststoffe<\/title>\n<meta name=\"description\" content=\"Dowiedz si\u0119 wi\u0119cej o naszym zarz\u0105dzaniu jako\u015bci\u0105: certyfikowane procesy, precyzyjna produkcja i najwy\u017csze standardy dla produkt\u00f3w z tworzyw sztucznych.\" \/>\n<meta name=\"robots\" content=\"index, follow, max-snippet:-1, max-image-preview:large, max-video-preview:-1\" \/>\n<link rel=\"canonical\" href=\"https:\/\/ha-wi.com\/pl\/jakosc\/\" \/>\n<meta property=\"og:locale\" content=\"pl_PL\" \/>\n<meta property=\"og:type\" content=\"article\" \/>\n<meta property=\"og:title\" content=\"Zarz\u0105dzanie jako\u015bci\u0105 w HA-WI Kunststoffe\" \/>\n<meta property=\"og:description\" content=\"Dowiedz si\u0119 wi\u0119cej o naszym zarz\u0105dzaniu jako\u015bci\u0105: certyfikowane procesy, precyzyjna produkcja i najwy\u017csze standardy dla produkt\u00f3w z tworzyw sztucznych.\" \/>\n<meta property=\"og:url\" content=\"https:\/\/ha-wi.com\/pl\/jakosc\/\" \/>\n<meta property=\"og:site_name\" content=\"HA-WI Kunststoffe\" \/>\n<meta property=\"article:modified_time\" content=\"2025-05-07T07:50:16+00:00\" \/>\n<meta name=\"twitter:label1\" content=\"Szacowany czas czytania\" \/>\n\t<meta name=\"twitter:data1\" content=\"5 minut\" \/>\n<script type=\"application\/ld+json\" class=\"yoast-schema-graph\">{\"@context\":\"https:\/\/schema.org\",\"@graph\":[{\"@type\":\"WebPage\",\"@id\":\"https:\/\/ha-wi.com\/pl\/jakosc\/\",\"url\":\"https:\/\/ha-wi.com\/pl\/jakosc\/\",\"name\":\"Zarz\u0105dzanie jako\u015bci\u0105 w HA-WI Kunststoffe\",\"isPartOf\":{\"@id\":\"https:\/\/ha-wi.com\/pl\/#website\"},\"datePublished\":\"2024-08-06T10:59:09+00:00\",\"dateModified\":\"2025-05-07T07:50:16+00:00\",\"description\":\"Dowiedz si\u0119 wi\u0119cej o naszym zarz\u0105dzaniu jako\u015bci\u0105: certyfikowane procesy, precyzyjna produkcja i najwy\u017csze standardy dla produkt\u00f3w z tworzyw sztucznych.\",\"breadcrumb\":{\"@id\":\"https:\/\/ha-wi.com\/pl\/jakosc\/#breadcrumb\"},\"inLanguage\":\"pl-PL\",\"potentialAction\":[{\"@type\":\"ReadAction\",\"target\":[\"https:\/\/ha-wi.com\/pl\/jakosc\/\"]}]},{\"@type\":\"BreadcrumbList\",\"@id\":\"https:\/\/ha-wi.com\/pl\/jakosc\/#breadcrumb\",\"itemListElement\":[{\"@type\":\"ListItem\",\"position\":1,\"name\":\"Startseite\",\"item\":\"https:\/\/ha-wi.com\/pl\/strona-glowna\/\"},{\"@type\":\"ListItem\",\"position\":2,\"name\":\"jako\u015b\u0107\"}]},{\"@type\":\"WebSite\",\"@id\":\"https:\/\/ha-wi.com\/pl\/#website\",\"url\":\"https:\/\/ha-wi.com\/pl\/\",\"name\":\"HA-WI Kunststoffe: pr\u00e4zise Spritzgussteile aus Bad Laasphe\",\"description\":\"\",\"publisher\":{\"@id\":\"https:\/\/ha-wi.com\/pl\/#organization\"},\"potentialAction\":[{\"@type\":\"SearchAction\",\"target\":{\"@type\":\"EntryPoint\",\"urlTemplate\":\"https:\/\/ha-wi.com\/pl\/?s={search_term_string}\"},\"query-input\":{\"@type\":\"PropertyValueSpecification\",\"valueRequired\":true,\"valueName\":\"search_term_string\"}}],\"inLanguage\":\"pl-PL\"},{\"@type\":\"Organization\",\"@id\":\"https:\/\/ha-wi.com\/pl\/#organization\",\"name\":\"HA-WI Kunststoffe GmbH & Co. KG\",\"url\":\"https:\/\/ha-wi.com\/pl\/\",\"logo\":{\"@type\":\"ImageObject\",\"inLanguage\":\"pl-PL\",\"@id\":\"https:\/\/ha-wi.com\/pl\/#\/schema\/logo\/image\/\",\"url\":\"https:\/\/ha-wi.com\/wp-content\/uploads\/2024\/08\/logo-hawi-kunststoffe.svg\",\"contentUrl\":\"https:\/\/ha-wi.com\/wp-content\/uploads\/2024\/08\/logo-hawi-kunststoffe.svg\",\"width\":1,\"height\":1,\"caption\":\"HA-WI Kunststoffe GmbH & Co. KG\"},\"image\":{\"@id\":\"https:\/\/ha-wi.com\/pl\/#\/schema\/logo\/image\/\"}}]}<\/script>\n<!-- \/ Yoast SEO plugin. -->","yoast_head_json":{"title":"Zarz\u0105dzanie jako\u015bci\u0105 w HA-WI Kunststoffe","description":"Dowiedz si\u0119 wi\u0119cej o naszym zarz\u0105dzaniu jako\u015bci\u0105: certyfikowane procesy, precyzyjna produkcja i najwy\u017csze standardy dla produkt\u00f3w z tworzyw sztucznych.","robots":{"index":"index","follow":"follow","max-snippet":"max-snippet:-1","max-image-preview":"max-image-preview:large","max-video-preview":"max-video-preview:-1"},"canonical":"https:\/\/ha-wi.com\/pl\/jakosc\/","og_locale":"pl_PL","og_type":"article","og_title":"Zarz\u0105dzanie jako\u015bci\u0105 w HA-WI Kunststoffe","og_description":"Dowiedz si\u0119 wi\u0119cej o naszym zarz\u0105dzaniu jako\u015bci\u0105: certyfikowane procesy, precyzyjna produkcja i najwy\u017csze standardy dla produkt\u00f3w z tworzyw sztucznych.","og_url":"https:\/\/ha-wi.com\/pl\/jakosc\/","og_site_name":"HA-WI Kunststoffe","article_modified_time":"2025-05-07T07:50:16+00:00","twitter_misc":{"Szacowany czas czytania":"5 minut"},"schema":{"@context":"https:\/\/schema.org","@graph":[{"@type":"WebPage","@id":"https:\/\/ha-wi.com\/pl\/jakosc\/","url":"https:\/\/ha-wi.com\/pl\/jakosc\/","name":"Zarz\u0105dzanie jako\u015bci\u0105 w HA-WI Kunststoffe","isPartOf":{"@id":"https:\/\/ha-wi.com\/pl\/#website"},"datePublished":"2024-08-06T10:59:09+00:00","dateModified":"2025-05-07T07:50:16+00:00","description":"Dowiedz si\u0119 wi\u0119cej o naszym zarz\u0105dzaniu jako\u015bci\u0105: certyfikowane procesy, precyzyjna produkcja i najwy\u017csze standardy dla produkt\u00f3w z tworzyw sztucznych.","breadcrumb":{"@id":"https:\/\/ha-wi.com\/pl\/jakosc\/#breadcrumb"},"inLanguage":"pl-PL","potentialAction":[{"@type":"ReadAction","target":["https:\/\/ha-wi.com\/pl\/jakosc\/"]}]},{"@type":"BreadcrumbList","@id":"https:\/\/ha-wi.com\/pl\/jakosc\/#breadcrumb","itemListElement":[{"@type":"ListItem","position":1,"name":"Startseite","item":"https:\/\/ha-wi.com\/pl\/strona-glowna\/"},{"@type":"ListItem","position":2,"name":"jako\u015b\u0107"}]},{"@type":"WebSite","@id":"https:\/\/ha-wi.com\/pl\/#website","url":"https:\/\/ha-wi.com\/pl\/","name":"HA-WI Kunststoffe: pr\u00e4zise Spritzgussteile aus Bad Laasphe","description":"","publisher":{"@id":"https:\/\/ha-wi.com\/pl\/#organization"},"potentialAction":[{"@type":"SearchAction","target":{"@type":"EntryPoint","urlTemplate":"https:\/\/ha-wi.com\/pl\/?s={search_term_string}"},"query-input":{"@type":"PropertyValueSpecification","valueRequired":true,"valueName":"search_term_string"}}],"inLanguage":"pl-PL"},{"@type":"Organization","@id":"https:\/\/ha-wi.com\/pl\/#organization","name":"HA-WI Kunststoffe GmbH & Co. KG","url":"https:\/\/ha-wi.com\/pl\/","logo":{"@type":"ImageObject","inLanguage":"pl-PL","@id":"https:\/\/ha-wi.com\/pl\/#\/schema\/logo\/image\/","url":"https:\/\/ha-wi.com\/wp-content\/uploads\/2024\/08\/logo-hawi-kunststoffe.svg","contentUrl":"https:\/\/ha-wi.com\/wp-content\/uploads\/2024\/08\/logo-hawi-kunststoffe.svg","width":1,"height":1,"caption":"HA-WI Kunststoffe GmbH & Co. KG"},"image":{"@id":"https:\/\/ha-wi.com\/pl\/#\/schema\/logo\/image\/"}}]}},"_links":{"self":[{"href":"https:\/\/ha-wi.com\/pl\/wp-json\/wp\/v2\/pages\/5938","targetHints":{"allow":["GET"]}}],"collection":[{"href":"https:\/\/ha-wi.com\/pl\/wp-json\/wp\/v2\/pages"}],"about":[{"href":"https:\/\/ha-wi.com\/pl\/wp-json\/wp\/v2\/types\/page"}],"author":[{"embeddable":true,"href":"https:\/\/ha-wi.com\/pl\/wp-json\/wp\/v2\/users\/2"}],"replies":[{"embeddable":true,"href":"https:\/\/ha-wi.com\/pl\/wp-json\/wp\/v2\/comments?post=5938"}],"version-history":[{"count":3,"href":"https:\/\/ha-wi.com\/pl\/wp-json\/wp\/v2\/pages\/5938\/revisions"}],"predecessor-version":[{"id":10799,"href":"https:\/\/ha-wi.com\/pl\/wp-json\/wp\/v2\/pages\/5938\/revisions\/10799"}],"wp:attachment":[{"href":"https:\/\/ha-wi.com\/pl\/wp-json\/wp\/v2\/media?parent=5938"}],"wp:term":[{"taxonomy":"dipi_cpt_category","embeddable":true,"href":"https:\/\/ha-wi.com\/pl\/wp-json\/wp\/v2\/dipi_cpt_category?post=5938"}],"curies":[{"name":"wp","href":"https:\/\/api.w.org\/{rel}","templated":true}]}}