{"id":5930,"date":"2024-08-06T13:01:05","date_gmt":"2024-08-06T11:01:05","guid":{"rendered":"https:\/\/dev.freiwerk.de\/hawi\/kodeks-postepowania\/"},"modified":"2025-04-21T18:49:08","modified_gmt":"2025-04-21T16:49:08","slug":"kodeks-postepowania","status":"publish","type":"page","link":"https:\/\/ha-wi.com\/pl\/kodeks-postepowania\/","title":{"rendered":"Kodeks post\u0119powania"},"content":{"rendered":"<p>[et_pb_section fb_built=&#8221;1&#8243; theme_builder_area=&#8221;post_content&#8221; _builder_version=&#8221;4.27.4&#8243; _module_preset=&#8221;default&#8221;][et_pb_row _builder_version=&#8221;4.27.4&#8243; _module_preset=&#8221;default&#8221; theme_builder_area=&#8221;post_content&#8221;][et_pb_column _builder_version=&#8221;4.27.4&#8243; _module_preset=&#8221;default&#8221; type=&#8221;4_4&#8243; theme_builder_area=&#8221;post_content&#8221;][et_pb_text _builder_version=&#8221;4.27.4&#8243; _module_preset=&#8221;default&#8221; theme_builder_area=&#8221;post_content&#8221; header_text_color=&#8221;#5D5D61&#8243; hover_enabled=&#8221;0&#8243; sticky_enabled=&#8221;0&#8243; header_3_text_color=&#8221;#5D5D61&#8243;]<\/p>\n<h1>Kodeks post\u0119powania<\/h1>\n<p>W sprawie zgodno\u015bci HA-WI Kunststoffe GmbH &amp; Co KG z minimalnymi standardami w zakresie pracy, spraw spo\u0142ecznych, bezpiecze\u0144stwa i \u015brodowiska.<\/p>\n<h3><strong>1. wprowadzenie  <\/strong><\/h3>\n<p>Dla HA-WI Kunststoffe GmbH &amp; Co KG, zwanej dalej w skr\u00f3cie HAWI, d\u0142ugoterminowa wsp\u00f3\u0142praca, wzajemne zobowi\u0105zania, zr\u00f3wnowa\u017cony rozw\u00f3j i odpowiedzialno\u015b\u0107 spo\u0142eczna s\u0105 wa\u017cnymi zasadami przewodnimi, szczeg\u00f3lnie w dzisiejszym \u015bwiecie. Zas\u0142uguj\u0105 one na szczeg\u00f3ln\u0105 uwag\u0119 zar\u00f3wno w przypadku zam\u00f3wie\u0144, jak i dostaw produkt\u00f3w i us\u0142ug. Przedstawiony poni\u017cej Kodeks Post\u0119powania zapewnia naszych partner\u00f3w biznesowych, \u017ce HAWI dzia\u0142a zgodnie z wewn\u0119trznymi i zewn\u0119trznymi wytycznymi, w szczeg\u00f3lno\u015bci uznanymi mi\u0119dzynarodowymi standardami dotycz\u0105cymi praw cz\u0142owieka, warunk\u00f3w pracy, \u015brodowiska i uczciwo\u015bci. Kodeks ten opiera si\u0119 na Powszechnej Deklaracji Praw Cz\u0142owieka ONZ, Konwencji ONZ o Prawach Dziecka, podstawowych konwencjach i mi\u0119dzynarodowych standardach pracy MOP (Mi\u0119dzynarodowej Organizacji Pracy) oraz zasadach inicjatywy ONZ Global Compact.    <\/p>\n<h3><strong>2. zobowi\u0105zania sp\u00f3\u0142ki HAWI<\/strong><\/h3>\n<p><strong>Zgodno\u015b\u0107 z prawem<\/strong><\/p>\n<p>HAWI zobowi\u0105zuje si\u0119 do przestrzegania wszystkich regionalnych, krajowych i mi\u0119dzynarodowych przepis\u00f3w prawa, oficjalnych i autoryzowanych regulacji. Obejmuje to r\u00f3wnie\u017c wszystkie przepisy dotycz\u0105ce zapobiegania praniu pieni\u0119dzy oraz zobowi\u0105zanie HAWI do nieuczestniczenia \u015bwiadomie w jakichkolwiek dzia\u0142aniach zwi\u0105zanych z praniem pieni\u0119dzy. Ochrona praw cz\u0142owieka HAWI zobowi\u0105zuje si\u0119 nie zezwala\u0107 na prac\u0119 przymusow\u0105, szanowa\u0107 prawa cz\u0142owieka swoich pracownik\u00f3w i zapewni\u0107, \u017ce nie b\u0119dzie stosowana przemoc fizyczna lub psychiczna ani \u017ce praca nie b\u0119dzie wymuszana w \u017caden inny spos\u00f3b (np. poprzez nak\u0142anianie lub wykorzystywanie trudnej sytuacji ekonomicznej). HAWI zapewnia r\u00f3wnie\u017c, \u017ce \u017caden pracownik nie b\u0119dzie dyskryminowany przez prze\u0142o\u017conych lub wsp\u00f3\u0142pracownik\u00f3w ze wzgl\u0119du na narodowo\u015b\u0107, religi\u0119, wiek, pochodzenie etniczne, p\u0142e\u0107 lub orientacj\u0119 seksualn\u0105. HAWI zobowi\u0105zuje si\u0119 nie zezwala\u0107 na prac\u0119 dzieci w rozumieniu odpowiednich przepis\u00f3w krajowych i mi\u0119dzynarodowych, w szczeg\u00f3lno\u015bci Konwencji Narod\u00f3w Zjednoczonych o Prawach Dziecka. HAWI zapewnia ochron\u0119 zdrowia i innych fizycznych lub psychicznych interes\u00f3w ma\u0142oletnich oraz niewykorzystywanie ich do pracy zwi\u0105zanej ze szczeg\u00f3lnym ryzykiem, nawet w zakresie dopuszczalnego zatrudnienia os\u00f3b poni\u017cej 18 roku \u017cycia. Pracownicy maj\u0105 prawo do organizowania si\u0119 w zwi\u0105zki zawodowe lub przyst\u0119powania do wybranych przez siebie stowarzysze\u0144 bez ogranicze\u0144 lub konsekwencji, pod warunkiem, \u017ce stowarzyszenia te s\u0105 dozwolone przez prawo. Je\u017celi zatrudnienie danej osoby wymaga specjalnych zezwole\u0144 urz\u0119dowych (np. zezwolenia na prac\u0119), HAWI zapewnia spe\u0142nienie tych wymog\u00f3w.       <\/p>\n<p><strong>Zdrowie i bezpiecze\u0144stwo w miejscu pracy<\/strong><\/p>\n<p>HAWI zapewnia, \u017ce jej pracownicy pracuj\u0105 w bezpiecznym i zdrowym \u015brodowisku, w kt\u00f3rym ochrona przed po\u017carem, wypadkami i niebezpiecznymi substancjami jest zapewniona jako minimum. Obejmuje to r\u00f3wnie\u017c odpowiednie zaprojektowanie i utrzymanie obiekt\u00f3w produkcyjnych, miejsc pracy i sprz\u0119tu produkcyjnego w celu zapewnienia odpowiedniego poziomu ha\u0142asu, \u015bwiat\u0142a i czysto\u015bci powietrza. Opr\u00f3cz oczywistego dost\u0119pu do czystej wody pitnej i odpowiednich urz\u0105dze\u0144 sanitarnych dla pracownik\u00f3w, podj\u0119to r\u00f3wnie\u017c odpowiednie \u015brodki ostro\u017cno\u015bci w sytuacjach awaryjnych. Obejmuje to odpowiedni sprz\u0119t ochronny, projekt budynku zgodny z przepisami bezpiecze\u0144stwa oraz regularne szkolenia dla pracownik\u00f3w dotycz\u0105ce zachowania w sytuacjach awaryjnych.   <\/p>\n<p><strong>Wynagrodzenie i dalsze szkolenia  <\/strong><\/p>\n<p>HAWI zobowi\u0105zuje si\u0119 do wyp\u0142acania swoim pracownikom odpowiedniego wynagrodzenia oraz, w stosownych przypadkach, do przestrzegania okre\u015blonych p\u0142ac minimalnych. Nadgodziny s\u0105 rekompensowane co najmniej zgodnie z przepisami ustawowymi. Wynagrodzenie jest wyp\u0142acane regularnie i w legalnym \u015brodku p\u0142atniczym. Potr\u0105cenia z wynagrodze\u0144 s\u0105 przejrzyste i nie s\u0105 nadu\u017cywane jako \u015brodek dyscyplinarny. HAWI zapewnia swoim pracownikom odpowiednie szkolenia i rozw\u00f3j zawodowy.    <\/p>\n<p><strong>Ochrona \u015brodowiska<\/strong><\/p>\n<p>HAWI zobowi\u0105zuje si\u0119 do przestrzegania wszystkich przepis\u00f3w dotycz\u0105cych ochrony \u015brodowiska oraz, w miar\u0119 mo\u017cliwo\u015bci, do wykraczania poza minimalne wymogi prawne w celu zminimalizowania ilo\u015bci odpad\u00f3w i emisji, tak aby wp\u0142yw na gleb\u0119, powietrze i wod\u0119 by\u0142 jak najmniejszy. Obejmuje to w szczeg\u00f3lno\u015bci unikanie lub przynajmniej minimalizowanie ilo\u015bci odpad\u00f3w, chemikali\u00f3w lub innych niebezpiecznych substancji, a tam, gdzie ich u\u017cycie jest nieuniknione, w\u0142a\u015bciwe post\u0119powanie z nimi i ich usuwanie. HAWI uwzgl\u0119dnia i realizuje opisane powy\u017cej cele ochrony \u015brodowiska w mo\u017cliwie najszerszym zakresie przy projektowaniu zak\u0142ad\u00f3w produkcyjnych, urz\u0105dze\u0144 produkcyjnych, opracowywaniu produkt\u00f3w, doborze surowc\u00f3w i proces\u00f3w produkcyjnych oraz z uwzgl\u0119dnieniem aktualnego stanu techniki.  <\/p>\n<p><strong>Wysoka integralno\u015b\u0107<\/strong><\/p>\n<p>Wysoki poziom uczciwo\u015bci jest integraln\u0105 cz\u0119\u015bci\u0105 filozofii korporacyjnej HAWI. W tym sensie HAWI zobowi\u0105zuje si\u0119 do ograniczenia gromadzenia danych osobowych do tego, co jest niezb\u0119dne i prawnie dopuszczalne do obs\u0142ugi proces\u00f3w biznesowych oraz do traktowania danych osobowych w spos\u00f3b \u015bci\u015ble poufny, do przestrzegania mi\u0119dzynarodowych praw w\u0142asno\u015bci intelektualnej, do powstrzymania si\u0119 od przekupstwa lub innych nieuczciwych metod wywierania wp\u0142ywu na opini\u0119 publiczn\u0105, urz\u0119dnik\u00f3w, wymiar sprawiedliwo\u015bci i\/lub przedstawicieli innych partner\u00f3w biznesowych, do powstrzymania si\u0119 od przyznawania jakichkolwiek korzy\u015bci pracownikom partner\u00f3w biznesowych, s\u0105downictwa i\/lub przedstawicieli innych partner\u00f3w biznesowych, powstrzymania si\u0119 od zapewniania pracownikom partner\u00f3w biznesowych korzy\u015bci w jakikolwiek spos\u00f3b, takich jak bezp\u0142atne produkty lub us\u0142ugi, w celu wywarcia pozytywnego wp\u0142ywu na interesy z partnerami biznesowymi, powstrzymania si\u0119 od dzia\u0142a\u0144, kt\u00f3re negatywnie wp\u0142ywaj\u0105 na woln\u0105 konkurencj\u0119, w tym karteli i porozumie\u0144 cenowych. <\/p>\n<h3><strong>3. aplikacja i monitorowanie<\/strong><\/h3>\n<p>Aby zapewni\u0107 skuteczne wdro\u017cenie niniejszego Kodeksu Post\u0119powania, jest on przekazywany wszystkim pracownikom HAWI i udost\u0119pniany za po\u015brednictwem tablic og\u0142osze\u0144 i intranetu. HAWI zobowi\u0105zuje si\u0119 r\u00f3wnie\u017c do przekazania niniejszego Kodeksu wszystkim partnerom biznesowym, w szczeg\u00f3lno\u015bci swoim dostawcom, oraz do zach\u0119cania ich do przestrzegania niniejszego Kodeksu lub por\u00f3wnywalnych wytycznych dotycz\u0105cych zachowania. HAWI umo\u017cliwi swoim partnerom biznesowym przeprowadzenie odpowiedniego przegl\u0105du zgodno\u015bci z niniejszym Kodeksem na miejscu lub przy u\u017cyciu innych odpowiednich metod.  <\/p>\n<p><em>Bad Laasphe, 1 sierpnia 2014 r.<\/em><\/p>\n<p>[\/et_pb_text][et_pb_button button_url=&#8221;https:\/\/ha-wi.com\/wp-content\/uploads\/2025\/04\/Verhaltenskodex_HA-WI_20140801.pdf&#8221; button_text=&#8221;POBIERZ JAKO PDF&#8221; _builder_version=&#8221;4.27.4&#8243; _module_preset=&#8221;default&#8221; custom_button=&#8221;on&#8221; button_text_size=&#8221;18px&#8221; button_text_color=&#8221;#ffffff&#8221; button_bg_color=&#8221;#E3061A&#8221; button_border_width=&#8221;0px&#8221; button_border_color=&#8221;RGBA(255,255,255,0)&#8221; button_border_radius=&#8221;0px&#8221; button_font=&#8221;|700||on|||||&#8221; button_use_icon=&#8221;off&#8221; hover_enabled=&#8221;0&#8243; custom_css_main_element=&#8221;width: 260px;||text-align: center;&#8221; global_colors_info=&#8221;{}&#8221; custom_css_main_element_last_edited=&#8221;on|phone&#8221; custom_css_main_element_phone=&#8221;width: 100%;||text-align: center;&#8221; custom_css_main_element_tablet=&#8221;width: 260px;||text-align: center;&#8221; sticky_enabled=&#8221;0&#8243; locked=&#8221;off&#8221; theme_builder_area=&#8221;post_content&#8221; button_bg_enable_color=&#8221;on&#8221; url_new_window=&#8221;on&#8221;][\/et_pb_button][\/et_pb_column][\/et_pb_row][\/et_pb_section]<\/p>\n","protected":false},"excerpt":{"rendered":"<p>Kodeks post\u0119powania W sprawie zgodno\u015bci HA-WI Kunststoffe GmbH &amp; Co KG z minimalnymi standardami w zakresie pracy, spraw spo\u0142ecznych, bezpiecze\u0144stwa i \u015brodowiska. 1. wprowadzenie Dla HA-WI Kunststoffe GmbH &amp; Co KG, zwanej dalej w skr\u00f3cie HAWI, d\u0142ugoterminowa wsp\u00f3\u0142praca, wzajemne zobowi\u0105zania, zr\u00f3wnowa\u017cony rozw\u00f3j i odpowiedzialno\u015b\u0107 spo\u0142eczna s\u0105 wa\u017cnymi zasadami przewodnimi, szczeg\u00f3lnie w dzisiejszym \u015bwiecie. Zas\u0142uguj\u0105 one [&hellip;]<\/p>\n","protected":false},"author":2,"featured_media":0,"parent":0,"menu_order":0,"comment_status":"closed","ping_status":"closed","template":"","meta":{"_et_pb_use_builder":"on","_et_pb_old_content":"","_et_gb_content_width":"","footnotes":""},"dipi_cpt_category":[],"class_list":["post-5930","page","type-page","status-publish","hentry"],"yoast_head":"<!-- This site is optimized with the Yoast SEO plugin v27.2 - https:\/\/yoast.com\/product\/yoast-seo-wordpress\/ -->\n<title>Kodeks post\u0119powania - HA-WI Kunststoffe<\/title>\n<meta name=\"robots\" content=\"index, follow, max-snippet:-1, max-image-preview:large, max-video-preview:-1\" \/>\n<link rel=\"canonical\" href=\"https:\/\/ha-wi.com\/pl\/kodeks-postepowania\/\" \/>\n<meta property=\"og:locale\" content=\"pl_PL\" \/>\n<meta property=\"og:type\" content=\"article\" \/>\n<meta property=\"og:title\" content=\"Kodeks post\u0119powania - HA-WI Kunststoffe\" \/>\n<meta property=\"og:description\" content=\"Kodeks post\u0119powania W sprawie zgodno\u015bci HA-WI Kunststoffe GmbH &amp; Co KG z minimalnymi standardami w zakresie pracy, spraw spo\u0142ecznych, bezpiecze\u0144stwa i \u015brodowiska. 1. wprowadzenie Dla HA-WI Kunststoffe GmbH &amp; Co KG, zwanej dalej w skr\u00f3cie HAWI, d\u0142ugoterminowa wsp\u00f3\u0142praca, wzajemne zobowi\u0105zania, zr\u00f3wnowa\u017cony rozw\u00f3j i odpowiedzialno\u015b\u0107 spo\u0142eczna s\u0105 wa\u017cnymi zasadami przewodnimi, szczeg\u00f3lnie w dzisiejszym \u015bwiecie. Zas\u0142uguj\u0105 one [&hellip;]\" \/>\n<meta property=\"og:url\" content=\"https:\/\/ha-wi.com\/pl\/kodeks-postepowania\/\" \/>\n<meta property=\"og:site_name\" content=\"HA-WI Kunststoffe\" \/>\n<meta property=\"article:modified_time\" content=\"2025-04-21T16:49:08+00:00\" \/>\n<meta name=\"twitter:label1\" content=\"Szacowany czas czytania\" \/>\n\t<meta name=\"twitter:data1\" content=\"6 minut\" \/>\n<script type=\"application\/ld+json\" class=\"yoast-schema-graph\">{\"@context\":\"https:\/\/schema.org\",\"@graph\":[{\"@type\":\"WebPage\",\"@id\":\"https:\/\/ha-wi.com\/pl\/kodeks-postepowania\/\",\"url\":\"https:\/\/ha-wi.com\/pl\/kodeks-postepowania\/\",\"name\":\"Kodeks post\u0119powania - HA-WI Kunststoffe\",\"isPartOf\":{\"@id\":\"https:\/\/ha-wi.com\/pl\/#website\"},\"datePublished\":\"2024-08-06T11:01:05+00:00\",\"dateModified\":\"2025-04-21T16:49:08+00:00\",\"breadcrumb\":{\"@id\":\"https:\/\/ha-wi.com\/pl\/kodeks-postepowania\/#breadcrumb\"},\"inLanguage\":\"pl-PL\",\"potentialAction\":[{\"@type\":\"ReadAction\",\"target\":[\"https:\/\/ha-wi.com\/pl\/kodeks-postepowania\/\"]}]},{\"@type\":\"BreadcrumbList\",\"@id\":\"https:\/\/ha-wi.com\/pl\/kodeks-postepowania\/#breadcrumb\",\"itemListElement\":[{\"@type\":\"ListItem\",\"position\":1,\"name\":\"Startseite\",\"item\":\"https:\/\/ha-wi.com\/pl\/strona-glowna\/\"},{\"@type\":\"ListItem\",\"position\":2,\"name\":\"Kodeks post\u0119powania\"}]},{\"@type\":\"WebSite\",\"@id\":\"https:\/\/ha-wi.com\/pl\/#website\",\"url\":\"https:\/\/ha-wi.com\/pl\/\",\"name\":\"HA-WI Kunststoffe: pr\u00e4zise Spritzgussteile aus Bad Laasphe\",\"description\":\"\",\"publisher\":{\"@id\":\"https:\/\/ha-wi.com\/pl\/#organization\"},\"potentialAction\":[{\"@type\":\"SearchAction\",\"target\":{\"@type\":\"EntryPoint\",\"urlTemplate\":\"https:\/\/ha-wi.com\/pl\/?s={search_term_string}\"},\"query-input\":{\"@type\":\"PropertyValueSpecification\",\"valueRequired\":true,\"valueName\":\"search_term_string\"}}],\"inLanguage\":\"pl-PL\"},{\"@type\":\"Organization\",\"@id\":\"https:\/\/ha-wi.com\/pl\/#organization\",\"name\":\"HA-WI Kunststoffe GmbH & Co. KG\",\"url\":\"https:\/\/ha-wi.com\/pl\/\",\"logo\":{\"@type\":\"ImageObject\",\"inLanguage\":\"pl-PL\",\"@id\":\"https:\/\/ha-wi.com\/pl\/#\/schema\/logo\/image\/\",\"url\":\"https:\/\/ha-wi.com\/wp-content\/uploads\/2024\/08\/logo-hawi-kunststoffe.svg\",\"contentUrl\":\"https:\/\/ha-wi.com\/wp-content\/uploads\/2024\/08\/logo-hawi-kunststoffe.svg\",\"width\":1,\"height\":1,\"caption\":\"HA-WI Kunststoffe GmbH & Co. KG\"},\"image\":{\"@id\":\"https:\/\/ha-wi.com\/pl\/#\/schema\/logo\/image\/\"}}]}<\/script>\n<!-- \/ Yoast SEO plugin. -->","yoast_head_json":{"title":"Kodeks post\u0119powania - HA-WI Kunststoffe","robots":{"index":"index","follow":"follow","max-snippet":"max-snippet:-1","max-image-preview":"max-image-preview:large","max-video-preview":"max-video-preview:-1"},"canonical":"https:\/\/ha-wi.com\/pl\/kodeks-postepowania\/","og_locale":"pl_PL","og_type":"article","og_title":"Kodeks post\u0119powania - HA-WI Kunststoffe","og_description":"Kodeks post\u0119powania W sprawie zgodno\u015bci HA-WI Kunststoffe GmbH &amp; Co KG z minimalnymi standardami w zakresie pracy, spraw spo\u0142ecznych, bezpiecze\u0144stwa i \u015brodowiska. 1. wprowadzenie Dla HA-WI Kunststoffe GmbH &amp; Co KG, zwanej dalej w skr\u00f3cie HAWI, d\u0142ugoterminowa wsp\u00f3\u0142praca, wzajemne zobowi\u0105zania, zr\u00f3wnowa\u017cony rozw\u00f3j i odpowiedzialno\u015b\u0107 spo\u0142eczna s\u0105 wa\u017cnymi zasadami przewodnimi, szczeg\u00f3lnie w dzisiejszym \u015bwiecie. Zas\u0142uguj\u0105 one [&hellip;]","og_url":"https:\/\/ha-wi.com\/pl\/kodeks-postepowania\/","og_site_name":"HA-WI Kunststoffe","article_modified_time":"2025-04-21T16:49:08+00:00","twitter_misc":{"Szacowany czas czytania":"6 minut"},"schema":{"@context":"https:\/\/schema.org","@graph":[{"@type":"WebPage","@id":"https:\/\/ha-wi.com\/pl\/kodeks-postepowania\/","url":"https:\/\/ha-wi.com\/pl\/kodeks-postepowania\/","name":"Kodeks post\u0119powania - HA-WI Kunststoffe","isPartOf":{"@id":"https:\/\/ha-wi.com\/pl\/#website"},"datePublished":"2024-08-06T11:01:05+00:00","dateModified":"2025-04-21T16:49:08+00:00","breadcrumb":{"@id":"https:\/\/ha-wi.com\/pl\/kodeks-postepowania\/#breadcrumb"},"inLanguage":"pl-PL","potentialAction":[{"@type":"ReadAction","target":["https:\/\/ha-wi.com\/pl\/kodeks-postepowania\/"]}]},{"@type":"BreadcrumbList","@id":"https:\/\/ha-wi.com\/pl\/kodeks-postepowania\/#breadcrumb","itemListElement":[{"@type":"ListItem","position":1,"name":"Startseite","item":"https:\/\/ha-wi.com\/pl\/strona-glowna\/"},{"@type":"ListItem","position":2,"name":"Kodeks post\u0119powania"}]},{"@type":"WebSite","@id":"https:\/\/ha-wi.com\/pl\/#website","url":"https:\/\/ha-wi.com\/pl\/","name":"HA-WI Kunststoffe: pr\u00e4zise Spritzgussteile aus Bad Laasphe","description":"","publisher":{"@id":"https:\/\/ha-wi.com\/pl\/#organization"},"potentialAction":[{"@type":"SearchAction","target":{"@type":"EntryPoint","urlTemplate":"https:\/\/ha-wi.com\/pl\/?s={search_term_string}"},"query-input":{"@type":"PropertyValueSpecification","valueRequired":true,"valueName":"search_term_string"}}],"inLanguage":"pl-PL"},{"@type":"Organization","@id":"https:\/\/ha-wi.com\/pl\/#organization","name":"HA-WI Kunststoffe GmbH & Co. KG","url":"https:\/\/ha-wi.com\/pl\/","logo":{"@type":"ImageObject","inLanguage":"pl-PL","@id":"https:\/\/ha-wi.com\/pl\/#\/schema\/logo\/image\/","url":"https:\/\/ha-wi.com\/wp-content\/uploads\/2024\/08\/logo-hawi-kunststoffe.svg","contentUrl":"https:\/\/ha-wi.com\/wp-content\/uploads\/2024\/08\/logo-hawi-kunststoffe.svg","width":1,"height":1,"caption":"HA-WI Kunststoffe GmbH & Co. KG"},"image":{"@id":"https:\/\/ha-wi.com\/pl\/#\/schema\/logo\/image\/"}}]}},"_links":{"self":[{"href":"https:\/\/ha-wi.com\/pl\/wp-json\/wp\/v2\/pages\/5930","targetHints":{"allow":["GET"]}}],"collection":[{"href":"https:\/\/ha-wi.com\/pl\/wp-json\/wp\/v2\/pages"}],"about":[{"href":"https:\/\/ha-wi.com\/pl\/wp-json\/wp\/v2\/types\/page"}],"author":[{"embeddable":true,"href":"https:\/\/ha-wi.com\/pl\/wp-json\/wp\/v2\/users\/2"}],"replies":[{"embeddable":true,"href":"https:\/\/ha-wi.com\/pl\/wp-json\/wp\/v2\/comments?post=5930"}],"version-history":[{"count":1,"href":"https:\/\/ha-wi.com\/pl\/wp-json\/wp\/v2\/pages\/5930\/revisions"}],"predecessor-version":[{"id":5931,"href":"https:\/\/ha-wi.com\/pl\/wp-json\/wp\/v2\/pages\/5930\/revisions\/5931"}],"wp:attachment":[{"href":"https:\/\/ha-wi.com\/pl\/wp-json\/wp\/v2\/media?parent=5930"}],"wp:term":[{"taxonomy":"dipi_cpt_category","embeddable":true,"href":"https:\/\/ha-wi.com\/pl\/wp-json\/wp\/v2\/dipi_cpt_category?post=5930"}],"curies":[{"name":"wp","href":"https:\/\/api.w.org\/{rel}","templated":true}]}}