{"id":9135,"date":"2025-03-17T08:59:13","date_gmt":"2025-03-17T07:59:13","guid":{"rendered":"https:\/\/dev.freiwerk.de\/hawi\/produkte\/capuchon-a-tete-plate-pour-couvrir-les-vis-de-la-tete-du-capuchon\/"},"modified":"2025-03-17T08:59:13","modified_gmt":"2025-03-17T07:59:13","slug":"capuchon-a-tete-plate-pour-couvrir-les-vis-de-la-tete-du-capuchon","status":"publish","type":"product","link":"https:\/\/ha-wi.com\/fr\/produkte\/capuchon-a-tete-plate-pour-couvrir-les-vis-de-la-tete-du-capuchon\/","title":{"rendered":"Capuchon \u00e0 t\u00eate plate pour couvrir les vis de la t\u00eate du capuchon"},"content":{"rendered":"<p>Pour couvrir les vis \u00e0 t\u00eate bomb\u00e9e ou \u00e0 t\u00eate bomb\u00e9e similaire \u00e0 la t\u00eate du capuchon<\/p>\n","protected":false},"excerpt":{"rendered":"<p>Pour couvrir les vis \u00e0 t\u00eate bomb\u00e9e ou \u00e0 t\u00eate bomb\u00e9e similaire \u00e0 la t\u00eate du capuchon<\/p>\n","protected":false},"featured_media":4472,"template":"","meta":{"_et_pb_use_builder":"","_et_pb_old_content":"","_et_gb_content_width":""},"product_brand":[],"product_cat":[1074],"product_tag":[],"class_list":{"0":"post-9135","1":"product","2":"type-product","3":"status-publish","4":"has-post-thumbnail","6":"product_cat-capuchons-de-protection-plats-decoratifs-et-de-couverture","7":"pa_durchmesser-1-d-in-mm-10-5-fr","8":"pa_durchmesser-1-d-in-mm-11-fr","9":"pa_durchmesser-1-d-in-mm-11-5-fr","10":"pa_durchmesser-1-d-in-mm-11-6-fr","11":"pa_durchmesser-1-d-in-mm-12-fr","12":"pa_durchmesser-1-d-in-mm-15-fr","13":"pa_durchmesser-1-d-in-mm-16-7-fr","14":"pa_durchmesser-1-d-in-mm-22-fr","15":"pa_durchmesser-1-d-in-mm-6-fr","16":"pa_durchmesser-1-d-in-mm-7-fr","17":"pa_durchmesser-1-d-in-mm-8-2-fr","18":"pa_durchmesser-1-d-in-mm-9-fr","19":"pa_durchmesser-2-d-in-mm-10-fr","20":"pa_durchmesser-2-d-in-mm-10-5-fr","21":"pa_durchmesser-2-d-in-mm-12-fr","22":"pa_durchmesser-2-d-in-mm-14-fr","23":"pa_durchmesser-2-d-in-mm-14-5-fr","24":"pa_durchmesser-2-d-in-mm-15-fr","25":"pa_durchmesser-2-d-in-mm-16-fr","26":"pa_durchmesser-2-d-in-mm-16-4-fr","27":"pa_durchmesser-2-d-in-mm-17-fr","28":"pa_durchmesser-2-d-in-mm-18-fr","29":"pa_durchmesser-2-d-in-mm-19-fr","30":"pa_durchmesser-2-d-in-mm-19-3-fr","31":"pa_durchmesser-2-d-in-mm-25-fr","32":"pa_durchmesser-2-d-in-mm-9-fr","33":"pa_durchmesser-2-d-in-mm-9-2-fr","35":"first","36":"instock","37":"shipping-taxable","38":"purchasable","39":"product-type-variable"},"yoast_head":"<!-- This site is optimized with the Yoast SEO plugin v27.2 - https:\/\/yoast.com\/product\/yoast-seo-wordpress\/ -->\n<title>Capuchon \u00e0 t\u00eate plate pour couvrir les vis de la t\u00eate du capuchon - HA-WI Kunststoffe<\/title>\n<meta name=\"robots\" content=\"index, follow, max-snippet:-1, max-image-preview:large, max-video-preview:-1\" \/>\n<link rel=\"canonical\" href=\"https:\/\/ha-wi.com\/fr\/produkte\/capuchon-a-tete-plate-pour-couvrir-les-vis-de-la-tete-du-capuchon\/\" \/>\n<meta property=\"og:locale\" content=\"fr_FR\" \/>\n<meta property=\"og:type\" content=\"article\" \/>\n<meta property=\"og:title\" content=\"Capuchon \u00e0 t\u00eate plate pour couvrir les vis de la t\u00eate du capuchon - HA-WI Kunststoffe\" \/>\n<meta property=\"og:description\" content=\"Pour couvrir les vis \u00e0 t\u00eate bomb\u00e9e ou \u00e0 t\u00eate bomb\u00e9e similaire \u00e0 la t\u00eate du capuchon\" \/>\n<meta property=\"og:url\" content=\"https:\/\/ha-wi.com\/fr\/produkte\/capuchon-a-tete-plate-pour-couvrir-les-vis-de-la-tete-du-capuchon\/\" \/>\n<meta property=\"og:site_name\" content=\"HA-WI Kunststoffe\" \/>\n<meta property=\"og:image\" content=\"https:\/\/ha-wi.com\/wp-content\/uploads\/2025\/02\/20400.jpg\" \/>\n\t<meta property=\"og:image:width\" content=\"2128\" \/>\n\t<meta property=\"og:image:height\" content=\"1590\" \/>\n\t<meta property=\"og:image:type\" content=\"image\/jpeg\" \/>\n<script type=\"application\/ld+json\" class=\"yoast-schema-graph\">{\"@context\":\"https:\/\/schema.org\",\"@graph\":[{\"@type\":\"WebPage\",\"@id\":\"https:\/\/ha-wi.com\/fr\/produkte\/capuchon-a-tete-plate-pour-couvrir-les-vis-de-la-tete-du-capuchon\/\",\"url\":\"https:\/\/ha-wi.com\/fr\/produkte\/capuchon-a-tete-plate-pour-couvrir-les-vis-de-la-tete-du-capuchon\/\",\"name\":\"Capuchon \u00e0 t\u00eate plate pour couvrir les vis de la t\u00eate du capuchon - HA-WI Kunststoffe\",\"isPartOf\":{\"@id\":\"https:\/\/ha-wi.com\/fr\/#website\"},\"primaryImageOfPage\":{\"@id\":\"https:\/\/ha-wi.com\/fr\/produkte\/capuchon-a-tete-plate-pour-couvrir-les-vis-de-la-tete-du-capuchon\/#primaryimage\"},\"image\":{\"@id\":\"https:\/\/ha-wi.com\/fr\/produkte\/capuchon-a-tete-plate-pour-couvrir-les-vis-de-la-tete-du-capuchon\/#primaryimage\"},\"thumbnailUrl\":\"https:\/\/ha-wi.com\/wp-content\/uploads\/2025\/02\/20400.jpg\",\"datePublished\":\"2025-03-17T07:59:13+00:00\",\"breadcrumb\":{\"@id\":\"https:\/\/ha-wi.com\/fr\/produkte\/capuchon-a-tete-plate-pour-couvrir-les-vis-de-la-tete-du-capuchon\/#breadcrumb\"},\"inLanguage\":\"fr-FR\",\"potentialAction\":[{\"@type\":\"ReadAction\",\"target\":[\"https:\/\/ha-wi.com\/fr\/produkte\/capuchon-a-tete-plate-pour-couvrir-les-vis-de-la-tete-du-capuchon\/\"]}]},{\"@type\":\"ImageObject\",\"inLanguage\":\"fr-FR\",\"@id\":\"https:\/\/ha-wi.com\/fr\/produkte\/capuchon-a-tete-plate-pour-couvrir-les-vis-de-la-tete-du-capuchon\/#primaryimage\",\"url\":\"https:\/\/ha-wi.com\/wp-content\/uploads\/2025\/02\/20400.jpg\",\"contentUrl\":\"https:\/\/ha-wi.com\/wp-content\/uploads\/2025\/02\/20400.jpg\",\"width\":2128,\"height\":1590},{\"@type\":\"BreadcrumbList\",\"@id\":\"https:\/\/ha-wi.com\/fr\/produkte\/capuchon-a-tete-plate-pour-couvrir-les-vis-de-la-tete-du-capuchon\/#breadcrumb\",\"itemListElement\":[{\"@type\":\"ListItem\",\"position\":1,\"name\":\"Startseite\",\"item\":\"https:\/\/ha-wi.com\/fr\/page-daccueil\/\"},{\"@type\":\"ListItem\",\"position\":2,\"name\":\"Produits\",\"item\":\"https:\/\/ha-wi.com\/fr\/produits\/\"},{\"@type\":\"ListItem\",\"position\":3,\"name\":\"Capuchon \u00e0 t\u00eate plate pour couvrir les vis de la t\u00eate du capuchon\"}]},{\"@type\":\"WebSite\",\"@id\":\"https:\/\/ha-wi.com\/fr\/#website\",\"url\":\"https:\/\/ha-wi.com\/fr\/\",\"name\":\"HA-WI Kunststoffe: pr\u00e4zise Spritzgussteile aus Bad Laasphe\",\"description\":\"\",\"publisher\":{\"@id\":\"https:\/\/ha-wi.com\/fr\/#organization\"},\"potentialAction\":[{\"@type\":\"SearchAction\",\"target\":{\"@type\":\"EntryPoint\",\"urlTemplate\":\"https:\/\/ha-wi.com\/fr\/?s={search_term_string}\"},\"query-input\":{\"@type\":\"PropertyValueSpecification\",\"valueRequired\":true,\"valueName\":\"search_term_string\"}}],\"inLanguage\":\"fr-FR\"},{\"@type\":\"Organization\",\"@id\":\"https:\/\/ha-wi.com\/fr\/#organization\",\"name\":\"HA-WI Kunststoffe GmbH & Co. KG\",\"url\":\"https:\/\/ha-wi.com\/fr\/\",\"logo\":{\"@type\":\"ImageObject\",\"inLanguage\":\"fr-FR\",\"@id\":\"https:\/\/ha-wi.com\/fr\/#\/schema\/logo\/image\/\",\"url\":\"https:\/\/ha-wi.com\/wp-content\/uploads\/2024\/08\/logo-hawi-kunststoffe.svg\",\"contentUrl\":\"https:\/\/ha-wi.com\/wp-content\/uploads\/2024\/08\/logo-hawi-kunststoffe.svg\",\"width\":1,\"height\":1,\"caption\":\"HA-WI Kunststoffe GmbH & Co. KG\"},\"image\":{\"@id\":\"https:\/\/ha-wi.com\/fr\/#\/schema\/logo\/image\/\"}}]}<\/script>\n<!-- \/ Yoast SEO plugin. -->","yoast_head_json":{"title":"Capuchon \u00e0 t\u00eate plate pour couvrir les vis de la t\u00eate du capuchon - HA-WI Kunststoffe","robots":{"index":"index","follow":"follow","max-snippet":"max-snippet:-1","max-image-preview":"max-image-preview:large","max-video-preview":"max-video-preview:-1"},"canonical":"https:\/\/ha-wi.com\/fr\/produkte\/capuchon-a-tete-plate-pour-couvrir-les-vis-de-la-tete-du-capuchon\/","og_locale":"fr_FR","og_type":"article","og_title":"Capuchon \u00e0 t\u00eate plate pour couvrir les vis de la t\u00eate du capuchon - HA-WI Kunststoffe","og_description":"Pour couvrir les vis \u00e0 t\u00eate bomb\u00e9e ou \u00e0 t\u00eate bomb\u00e9e similaire \u00e0 la t\u00eate du capuchon","og_url":"https:\/\/ha-wi.com\/fr\/produkte\/capuchon-a-tete-plate-pour-couvrir-les-vis-de-la-tete-du-capuchon\/","og_site_name":"HA-WI Kunststoffe","og_image":[{"width":2128,"height":1590,"url":"https:\/\/ha-wi.com\/wp-content\/uploads\/2025\/02\/20400.jpg","type":"image\/jpeg"}],"schema":{"@context":"https:\/\/schema.org","@graph":[{"@type":"WebPage","@id":"https:\/\/ha-wi.com\/fr\/produkte\/capuchon-a-tete-plate-pour-couvrir-les-vis-de-la-tete-du-capuchon\/","url":"https:\/\/ha-wi.com\/fr\/produkte\/capuchon-a-tete-plate-pour-couvrir-les-vis-de-la-tete-du-capuchon\/","name":"Capuchon \u00e0 t\u00eate plate pour couvrir les vis de la t\u00eate du capuchon - HA-WI Kunststoffe","isPartOf":{"@id":"https:\/\/ha-wi.com\/fr\/#website"},"primaryImageOfPage":{"@id":"https:\/\/ha-wi.com\/fr\/produkte\/capuchon-a-tete-plate-pour-couvrir-les-vis-de-la-tete-du-capuchon\/#primaryimage"},"image":{"@id":"https:\/\/ha-wi.com\/fr\/produkte\/capuchon-a-tete-plate-pour-couvrir-les-vis-de-la-tete-du-capuchon\/#primaryimage"},"thumbnailUrl":"https:\/\/ha-wi.com\/wp-content\/uploads\/2025\/02\/20400.jpg","datePublished":"2025-03-17T07:59:13+00:00","breadcrumb":{"@id":"https:\/\/ha-wi.com\/fr\/produkte\/capuchon-a-tete-plate-pour-couvrir-les-vis-de-la-tete-du-capuchon\/#breadcrumb"},"inLanguage":"fr-FR","potentialAction":[{"@type":"ReadAction","target":["https:\/\/ha-wi.com\/fr\/produkte\/capuchon-a-tete-plate-pour-couvrir-les-vis-de-la-tete-du-capuchon\/"]}]},{"@type":"ImageObject","inLanguage":"fr-FR","@id":"https:\/\/ha-wi.com\/fr\/produkte\/capuchon-a-tete-plate-pour-couvrir-les-vis-de-la-tete-du-capuchon\/#primaryimage","url":"https:\/\/ha-wi.com\/wp-content\/uploads\/2025\/02\/20400.jpg","contentUrl":"https:\/\/ha-wi.com\/wp-content\/uploads\/2025\/02\/20400.jpg","width":2128,"height":1590},{"@type":"BreadcrumbList","@id":"https:\/\/ha-wi.com\/fr\/produkte\/capuchon-a-tete-plate-pour-couvrir-les-vis-de-la-tete-du-capuchon\/#breadcrumb","itemListElement":[{"@type":"ListItem","position":1,"name":"Startseite","item":"https:\/\/ha-wi.com\/fr\/page-daccueil\/"},{"@type":"ListItem","position":2,"name":"Produits","item":"https:\/\/ha-wi.com\/fr\/produits\/"},{"@type":"ListItem","position":3,"name":"Capuchon \u00e0 t\u00eate plate pour couvrir les vis de la t\u00eate du capuchon"}]},{"@type":"WebSite","@id":"https:\/\/ha-wi.com\/fr\/#website","url":"https:\/\/ha-wi.com\/fr\/","name":"HA-WI Kunststoffe: pr\u00e4zise Spritzgussteile aus Bad Laasphe","description":"","publisher":{"@id":"https:\/\/ha-wi.com\/fr\/#organization"},"potentialAction":[{"@type":"SearchAction","target":{"@type":"EntryPoint","urlTemplate":"https:\/\/ha-wi.com\/fr\/?s={search_term_string}"},"query-input":{"@type":"PropertyValueSpecification","valueRequired":true,"valueName":"search_term_string"}}],"inLanguage":"fr-FR"},{"@type":"Organization","@id":"https:\/\/ha-wi.com\/fr\/#organization","name":"HA-WI Kunststoffe GmbH & Co. KG","url":"https:\/\/ha-wi.com\/fr\/","logo":{"@type":"ImageObject","inLanguage":"fr-FR","@id":"https:\/\/ha-wi.com\/fr\/#\/schema\/logo\/image\/","url":"https:\/\/ha-wi.com\/wp-content\/uploads\/2024\/08\/logo-hawi-kunststoffe.svg","contentUrl":"https:\/\/ha-wi.com\/wp-content\/uploads\/2024\/08\/logo-hawi-kunststoffe.svg","width":1,"height":1,"caption":"HA-WI Kunststoffe GmbH & Co. KG"},"image":{"@id":"https:\/\/ha-wi.com\/fr\/#\/schema\/logo\/image\/"}}]}},"_links":{"self":[{"href":"https:\/\/ha-wi.com\/fr\/wp-json\/wp\/v2\/product\/9135","targetHints":{"allow":["GET"]}}],"collection":[{"href":"https:\/\/ha-wi.com\/fr\/wp-json\/wp\/v2\/product"}],"about":[{"href":"https:\/\/ha-wi.com\/fr\/wp-json\/wp\/v2\/types\/product"}],"wp:featuredmedia":[{"embeddable":true,"href":"https:\/\/ha-wi.com\/fr\/wp-json\/wp\/v2\/media\/4472"}],"wp:attachment":[{"href":"https:\/\/ha-wi.com\/fr\/wp-json\/wp\/v2\/media?parent=9135"}],"wp:term":[{"taxonomy":"product_brand","embeddable":true,"href":"https:\/\/ha-wi.com\/fr\/wp-json\/wp\/v2\/product_brand?post=9135"},{"taxonomy":"product_cat","embeddable":true,"href":"https:\/\/ha-wi.com\/fr\/wp-json\/wp\/v2\/product_cat?post=9135"},{"taxonomy":"product_tag","embeddable":true,"href":"https:\/\/ha-wi.com\/fr\/wp-json\/wp\/v2\/product_tag?post=9135"}],"curies":[{"name":"wp","href":"https:\/\/api.w.org\/{rel}","templated":true}]}}