{"id":8539,"date":"2025-04-10T13:42:58","date_gmt":"2025-04-10T11:42:58","guid":{"rendered":"https:\/\/dev.freiwerk.de\/hawi\/produkte\/capuchon-decoratif-pour-boitier-dexcentrique\/"},"modified":"2025-04-10T13:42:58","modified_gmt":"2025-04-10T11:42:58","slug":"capuchon-decoratif-pour-boitier-dexcentrique","status":"publish","type":"product","link":"https:\/\/ha-wi.com\/fr\/produkte\/capuchon-decoratif-pour-boitier-dexcentrique\/","title":{"rendered":"Capuchon d\u00e9coratif pour bo\u00eetier d&#8217;excentrique"},"content":{"rendered":"<p>Capuchon d\u00e9coratif pour bo\u00eetier d&#8217;excentrique<\/p>\n","protected":false},"excerpt":{"rendered":"<p>Capuchon d\u00e9coratif pour bo\u00eetier d&#8217;excentrique<\/p>\n","protected":false},"featured_media":4412,"template":"","meta":{"_et_pb_use_builder":"","_et_pb_old_content":"","_et_gb_content_width":""},"product_brand":[],"product_cat":[1074],"product_tag":[],"class_list":{"0":"post-8539","1":"product","2":"type-product","3":"status-publish","4":"has-post-thumbnail","6":"product_cat-capuchons-de-protection-plats-decoratifs-et-de-couverture","8":"first","9":"instock","10":"shipping-taxable","11":"purchasable","12":"product-type-variable","13":"has-default-attributes"},"yoast_head":"<!-- This site is optimized with the Yoast SEO plugin v27.2 - https:\/\/yoast.com\/product\/yoast-seo-wordpress\/ -->\n<title>Capuchon d\u00e9coratif pour bo\u00eetier d&#039;excentrique - HA-WI Kunststoffe<\/title>\n<meta name=\"robots\" content=\"index, follow, max-snippet:-1, max-image-preview:large, max-video-preview:-1\" \/>\n<link rel=\"canonical\" href=\"https:\/\/ha-wi.com\/fr\/produkte\/capuchon-decoratif-pour-boitier-dexcentrique\/\" \/>\n<meta property=\"og:locale\" content=\"fr_FR\" \/>\n<meta property=\"og:type\" content=\"article\" \/>\n<meta property=\"og:title\" content=\"Capuchon d\u00e9coratif pour bo\u00eetier d&#039;excentrique - HA-WI Kunststoffe\" \/>\n<meta property=\"og:description\" content=\"Capuchon d\u00e9coratif pour bo\u00eetier d&#8217;excentrique\" \/>\n<meta property=\"og:url\" content=\"https:\/\/ha-wi.com\/fr\/produkte\/capuchon-decoratif-pour-boitier-dexcentrique\/\" \/>\n<meta property=\"og:site_name\" content=\"HA-WI Kunststoffe\" \/>\n<meta property=\"og:image\" content=\"https:\/\/ha-wi.com\/wp-content\/uploads\/2025\/02\/14002.jpg\" \/>\n\t<meta property=\"og:image:width\" content=\"2128\" \/>\n\t<meta property=\"og:image:height\" content=\"1590\" \/>\n\t<meta property=\"og:image:type\" content=\"image\/jpeg\" \/>\n<script type=\"application\/ld+json\" class=\"yoast-schema-graph\">{\"@context\":\"https:\/\/schema.org\",\"@graph\":[{\"@type\":\"WebPage\",\"@id\":\"https:\/\/ha-wi.com\/fr\/produkte\/capuchon-decoratif-pour-boitier-dexcentrique\/\",\"url\":\"https:\/\/ha-wi.com\/fr\/produkte\/capuchon-decoratif-pour-boitier-dexcentrique\/\",\"name\":\"Capuchon d\u00e9coratif pour bo\u00eetier d'excentrique - HA-WI Kunststoffe\",\"isPartOf\":{\"@id\":\"https:\/\/ha-wi.com\/fr\/#website\"},\"primaryImageOfPage\":{\"@id\":\"https:\/\/ha-wi.com\/fr\/produkte\/capuchon-decoratif-pour-boitier-dexcentrique\/#primaryimage\"},\"image\":{\"@id\":\"https:\/\/ha-wi.com\/fr\/produkte\/capuchon-decoratif-pour-boitier-dexcentrique\/#primaryimage\"},\"thumbnailUrl\":\"https:\/\/ha-wi.com\/wp-content\/uploads\/2025\/02\/14002.jpg\",\"datePublished\":\"2025-04-10T11:42:58+00:00\",\"breadcrumb\":{\"@id\":\"https:\/\/ha-wi.com\/fr\/produkte\/capuchon-decoratif-pour-boitier-dexcentrique\/#breadcrumb\"},\"inLanguage\":\"fr-FR\",\"potentialAction\":[{\"@type\":\"ReadAction\",\"target\":[\"https:\/\/ha-wi.com\/fr\/produkte\/capuchon-decoratif-pour-boitier-dexcentrique\/\"]}]},{\"@type\":\"ImageObject\",\"inLanguage\":\"fr-FR\",\"@id\":\"https:\/\/ha-wi.com\/fr\/produkte\/capuchon-decoratif-pour-boitier-dexcentrique\/#primaryimage\",\"url\":\"https:\/\/ha-wi.com\/wp-content\/uploads\/2025\/02\/14002.jpg\",\"contentUrl\":\"https:\/\/ha-wi.com\/wp-content\/uploads\/2025\/02\/14002.jpg\",\"width\":2128,\"height\":1590},{\"@type\":\"BreadcrumbList\",\"@id\":\"https:\/\/ha-wi.com\/fr\/produkte\/capuchon-decoratif-pour-boitier-dexcentrique\/#breadcrumb\",\"itemListElement\":[{\"@type\":\"ListItem\",\"position\":1,\"name\":\"Startseite\",\"item\":\"https:\/\/ha-wi.com\/fr\/page-daccueil\/\"},{\"@type\":\"ListItem\",\"position\":2,\"name\":\"Produits\",\"item\":\"https:\/\/ha-wi.com\/fr\/produits\/\"},{\"@type\":\"ListItem\",\"position\":3,\"name\":\"Capuchon d\u00e9coratif pour bo\u00eetier d&#8217;excentrique\"}]},{\"@type\":\"WebSite\",\"@id\":\"https:\/\/ha-wi.com\/fr\/#website\",\"url\":\"https:\/\/ha-wi.com\/fr\/\",\"name\":\"HA-WI Kunststoffe: pr\u00e4zise Spritzgussteile aus Bad Laasphe\",\"description\":\"\",\"publisher\":{\"@id\":\"https:\/\/ha-wi.com\/fr\/#organization\"},\"potentialAction\":[{\"@type\":\"SearchAction\",\"target\":{\"@type\":\"EntryPoint\",\"urlTemplate\":\"https:\/\/ha-wi.com\/fr\/?s={search_term_string}\"},\"query-input\":{\"@type\":\"PropertyValueSpecification\",\"valueRequired\":true,\"valueName\":\"search_term_string\"}}],\"inLanguage\":\"fr-FR\"},{\"@type\":\"Organization\",\"@id\":\"https:\/\/ha-wi.com\/fr\/#organization\",\"name\":\"HA-WI Kunststoffe GmbH & Co. KG\",\"url\":\"https:\/\/ha-wi.com\/fr\/\",\"logo\":{\"@type\":\"ImageObject\",\"inLanguage\":\"fr-FR\",\"@id\":\"https:\/\/ha-wi.com\/fr\/#\/schema\/logo\/image\/\",\"url\":\"https:\/\/ha-wi.com\/wp-content\/uploads\/2024\/08\/logo-hawi-kunststoffe.svg\",\"contentUrl\":\"https:\/\/ha-wi.com\/wp-content\/uploads\/2024\/08\/logo-hawi-kunststoffe.svg\",\"width\":1,\"height\":1,\"caption\":\"HA-WI Kunststoffe GmbH & Co. KG\"},\"image\":{\"@id\":\"https:\/\/ha-wi.com\/fr\/#\/schema\/logo\/image\/\"}}]}<\/script>\n<!-- \/ Yoast SEO plugin. -->","yoast_head_json":{"title":"Capuchon d\u00e9coratif pour bo\u00eetier d'excentrique - HA-WI Kunststoffe","robots":{"index":"index","follow":"follow","max-snippet":"max-snippet:-1","max-image-preview":"max-image-preview:large","max-video-preview":"max-video-preview:-1"},"canonical":"https:\/\/ha-wi.com\/fr\/produkte\/capuchon-decoratif-pour-boitier-dexcentrique\/","og_locale":"fr_FR","og_type":"article","og_title":"Capuchon d\u00e9coratif pour bo\u00eetier d'excentrique - HA-WI Kunststoffe","og_description":"Capuchon d\u00e9coratif pour bo\u00eetier d&#8217;excentrique","og_url":"https:\/\/ha-wi.com\/fr\/produkte\/capuchon-decoratif-pour-boitier-dexcentrique\/","og_site_name":"HA-WI Kunststoffe","og_image":[{"width":2128,"height":1590,"url":"https:\/\/ha-wi.com\/wp-content\/uploads\/2025\/02\/14002.jpg","type":"image\/jpeg"}],"schema":{"@context":"https:\/\/schema.org","@graph":[{"@type":"WebPage","@id":"https:\/\/ha-wi.com\/fr\/produkte\/capuchon-decoratif-pour-boitier-dexcentrique\/","url":"https:\/\/ha-wi.com\/fr\/produkte\/capuchon-decoratif-pour-boitier-dexcentrique\/","name":"Capuchon d\u00e9coratif pour bo\u00eetier d'excentrique - HA-WI Kunststoffe","isPartOf":{"@id":"https:\/\/ha-wi.com\/fr\/#website"},"primaryImageOfPage":{"@id":"https:\/\/ha-wi.com\/fr\/produkte\/capuchon-decoratif-pour-boitier-dexcentrique\/#primaryimage"},"image":{"@id":"https:\/\/ha-wi.com\/fr\/produkte\/capuchon-decoratif-pour-boitier-dexcentrique\/#primaryimage"},"thumbnailUrl":"https:\/\/ha-wi.com\/wp-content\/uploads\/2025\/02\/14002.jpg","datePublished":"2025-04-10T11:42:58+00:00","breadcrumb":{"@id":"https:\/\/ha-wi.com\/fr\/produkte\/capuchon-decoratif-pour-boitier-dexcentrique\/#breadcrumb"},"inLanguage":"fr-FR","potentialAction":[{"@type":"ReadAction","target":["https:\/\/ha-wi.com\/fr\/produkte\/capuchon-decoratif-pour-boitier-dexcentrique\/"]}]},{"@type":"ImageObject","inLanguage":"fr-FR","@id":"https:\/\/ha-wi.com\/fr\/produkte\/capuchon-decoratif-pour-boitier-dexcentrique\/#primaryimage","url":"https:\/\/ha-wi.com\/wp-content\/uploads\/2025\/02\/14002.jpg","contentUrl":"https:\/\/ha-wi.com\/wp-content\/uploads\/2025\/02\/14002.jpg","width":2128,"height":1590},{"@type":"BreadcrumbList","@id":"https:\/\/ha-wi.com\/fr\/produkte\/capuchon-decoratif-pour-boitier-dexcentrique\/#breadcrumb","itemListElement":[{"@type":"ListItem","position":1,"name":"Startseite","item":"https:\/\/ha-wi.com\/fr\/page-daccueil\/"},{"@type":"ListItem","position":2,"name":"Produits","item":"https:\/\/ha-wi.com\/fr\/produits\/"},{"@type":"ListItem","position":3,"name":"Capuchon d\u00e9coratif pour bo\u00eetier d&#8217;excentrique"}]},{"@type":"WebSite","@id":"https:\/\/ha-wi.com\/fr\/#website","url":"https:\/\/ha-wi.com\/fr\/","name":"HA-WI Kunststoffe: pr\u00e4zise Spritzgussteile aus Bad Laasphe","description":"","publisher":{"@id":"https:\/\/ha-wi.com\/fr\/#organization"},"potentialAction":[{"@type":"SearchAction","target":{"@type":"EntryPoint","urlTemplate":"https:\/\/ha-wi.com\/fr\/?s={search_term_string}"},"query-input":{"@type":"PropertyValueSpecification","valueRequired":true,"valueName":"search_term_string"}}],"inLanguage":"fr-FR"},{"@type":"Organization","@id":"https:\/\/ha-wi.com\/fr\/#organization","name":"HA-WI Kunststoffe GmbH & Co. KG","url":"https:\/\/ha-wi.com\/fr\/","logo":{"@type":"ImageObject","inLanguage":"fr-FR","@id":"https:\/\/ha-wi.com\/fr\/#\/schema\/logo\/image\/","url":"https:\/\/ha-wi.com\/wp-content\/uploads\/2024\/08\/logo-hawi-kunststoffe.svg","contentUrl":"https:\/\/ha-wi.com\/wp-content\/uploads\/2024\/08\/logo-hawi-kunststoffe.svg","width":1,"height":1,"caption":"HA-WI Kunststoffe GmbH & Co. KG"},"image":{"@id":"https:\/\/ha-wi.com\/fr\/#\/schema\/logo\/image\/"}}]}},"_links":{"self":[{"href":"https:\/\/ha-wi.com\/fr\/wp-json\/wp\/v2\/product\/8539","targetHints":{"allow":["GET"]}}],"collection":[{"href":"https:\/\/ha-wi.com\/fr\/wp-json\/wp\/v2\/product"}],"about":[{"href":"https:\/\/ha-wi.com\/fr\/wp-json\/wp\/v2\/types\/product"}],"wp:featuredmedia":[{"embeddable":true,"href":"https:\/\/ha-wi.com\/fr\/wp-json\/wp\/v2\/media\/4412"}],"wp:attachment":[{"href":"https:\/\/ha-wi.com\/fr\/wp-json\/wp\/v2\/media?parent=8539"}],"wp:term":[{"taxonomy":"product_brand","embeddable":true,"href":"https:\/\/ha-wi.com\/fr\/wp-json\/wp\/v2\/product_brand?post=8539"},{"taxonomy":"product_cat","embeddable":true,"href":"https:\/\/ha-wi.com\/fr\/wp-json\/wp\/v2\/product_cat?post=8539"},{"taxonomy":"product_tag","embeddable":true,"href":"https:\/\/ha-wi.com\/fr\/wp-json\/wp\/v2\/product_tag?post=8539"}],"curies":[{"name":"wp","href":"https:\/\/api.w.org\/{rel}","templated":true}]}}