{"id":6564,"date":"2025-04-14T11:40:27","date_gmt":"2025-04-14T09:40:27","guid":{"rendered":"https:\/\/dev.freiwerk.de\/hawi\/produkte\/chevilles-darret-dans-le-verrou-30-pieces\/"},"modified":"2025-05-02T19:49:28","modified_gmt":"2025-05-02T17:49:28","slug":"chevilles-darret-dans-le-verrou-30-pieces","status":"publish","type":"product","link":"https:\/\/ha-wi.com\/fr\/produkte\/chevilles-darret-dans-le-verrou-30-pieces\/","title":{"rendered":"Chevilles d&#8217;arr\u00eat dans le verrou, 30 pi\u00e8ces"},"content":{"rendered":"<p>Chevilles d&#8217;arr\u00eat dans le verrou, 30 pi\u00e8ces<\/p>\n","protected":false},"excerpt":{"rendered":"<p>Chevilles d&#8217;arr\u00eat dans le verrou, 30 pi\u00e8ces<\/p>\n","protected":false},"featured_media":10527,"template":"","meta":{"_et_pb_use_builder":"","_et_pb_old_content":"","_et_gb_content_width":""},"product_brand":[],"product_cat":[2008],"product_tag":[],"class_list":{"0":"post-6564","1":"product","2":"type-product","3":"status-publish","4":"has-post-thumbnail","6":"product_cat-elements-de-connexion","8":"first","9":"instock","10":"shipping-taxable","11":"purchasable","12":"product-type-variable","13":"has-default-attributes"},"yoast_head":"<!-- This site is optimized with the Yoast SEO plugin v27.2 - https:\/\/yoast.com\/product\/yoast-seo-wordpress\/ -->\n<title>Chevilles d&#039;arr\u00eat dans le verrou, 30 pi\u00e8ces - HA-WI Kunststoffe<\/title>\n<meta name=\"robots\" content=\"index, follow, max-snippet:-1, max-image-preview:large, max-video-preview:-1\" \/>\n<link rel=\"canonical\" href=\"https:\/\/ha-wi.com\/fr\/produkte\/chevilles-darret-dans-le-verrou-30-pieces\/\" \/>\n<meta property=\"og:locale\" content=\"fr_FR\" \/>\n<meta property=\"og:type\" content=\"article\" \/>\n<meta property=\"og:title\" content=\"Chevilles d&#039;arr\u00eat dans le verrou, 30 pi\u00e8ces - HA-WI Kunststoffe\" \/>\n<meta property=\"og:description\" content=\"Chevilles d&#8217;arr\u00eat dans le verrou, 30 pi\u00e8ces\" \/>\n<meta property=\"og:url\" content=\"https:\/\/ha-wi.com\/fr\/produkte\/chevilles-darret-dans-le-verrou-30-pieces\/\" \/>\n<meta property=\"og:site_name\" content=\"HA-WI Kunststoffe\" \/>\n<meta property=\"article:modified_time\" content=\"2025-05-02T17:49:28+00:00\" \/>\n<meta property=\"og:image\" content=\"https:\/\/ha-wi.com\/wp-content\/uploads\/2025\/05\/produktabbildung-platzhalter-1.jpg\" \/>\n\t<meta property=\"og:image:width\" content=\"1200\" \/>\n\t<meta property=\"og:image:height\" content=\"903\" \/>\n\t<meta property=\"og:image:type\" content=\"image\/jpeg\" \/>\n<script type=\"application\/ld+json\" class=\"yoast-schema-graph\">{\"@context\":\"https:\/\/schema.org\",\"@graph\":[{\"@type\":\"WebPage\",\"@id\":\"https:\/\/ha-wi.com\/fr\/produkte\/chevilles-darret-dans-le-verrou-30-pieces\/\",\"url\":\"https:\/\/ha-wi.com\/fr\/produkte\/chevilles-darret-dans-le-verrou-30-pieces\/\",\"name\":\"Chevilles d'arr\u00eat dans le verrou, 30 pi\u00e8ces - HA-WI Kunststoffe\",\"isPartOf\":{\"@id\":\"https:\/\/ha-wi.com\/fr\/#website\"},\"primaryImageOfPage\":{\"@id\":\"https:\/\/ha-wi.com\/fr\/produkte\/chevilles-darret-dans-le-verrou-30-pieces\/#primaryimage\"},\"image\":{\"@id\":\"https:\/\/ha-wi.com\/fr\/produkte\/chevilles-darret-dans-le-verrou-30-pieces\/#primaryimage\"},\"thumbnailUrl\":\"https:\/\/ha-wi.com\/wp-content\/uploads\/2025\/05\/produktabbildung-platzhalter-1.jpg\",\"datePublished\":\"2025-04-14T09:40:27+00:00\",\"dateModified\":\"2025-05-02T17:49:28+00:00\",\"breadcrumb\":{\"@id\":\"https:\/\/ha-wi.com\/fr\/produkte\/chevilles-darret-dans-le-verrou-30-pieces\/#breadcrumb\"},\"inLanguage\":\"fr-FR\",\"potentialAction\":[{\"@type\":\"ReadAction\",\"target\":[\"https:\/\/ha-wi.com\/fr\/produkte\/chevilles-darret-dans-le-verrou-30-pieces\/\"]}]},{\"@type\":\"ImageObject\",\"inLanguage\":\"fr-FR\",\"@id\":\"https:\/\/ha-wi.com\/fr\/produkte\/chevilles-darret-dans-le-verrou-30-pieces\/#primaryimage\",\"url\":\"https:\/\/ha-wi.com\/wp-content\/uploads\/2025\/05\/produktabbildung-platzhalter-1.jpg\",\"contentUrl\":\"https:\/\/ha-wi.com\/wp-content\/uploads\/2025\/05\/produktabbildung-platzhalter-1.jpg\",\"width\":1200,\"height\":903},{\"@type\":\"BreadcrumbList\",\"@id\":\"https:\/\/ha-wi.com\/fr\/produkte\/chevilles-darret-dans-le-verrou-30-pieces\/#breadcrumb\",\"itemListElement\":[{\"@type\":\"ListItem\",\"position\":1,\"name\":\"Startseite\",\"item\":\"https:\/\/ha-wi.com\/fr\/page-daccueil\/\"},{\"@type\":\"ListItem\",\"position\":2,\"name\":\"Produits\",\"item\":\"https:\/\/ha-wi.com\/fr\/produits\/\"},{\"@type\":\"ListItem\",\"position\":3,\"name\":\"Chevilles d&#8217;arr\u00eat dans le verrou, 30 pi\u00e8ces\"}]},{\"@type\":\"WebSite\",\"@id\":\"https:\/\/ha-wi.com\/fr\/#website\",\"url\":\"https:\/\/ha-wi.com\/fr\/\",\"name\":\"HA-WI Kunststoffe: pr\u00e4zise Spritzgussteile aus Bad Laasphe\",\"description\":\"\",\"publisher\":{\"@id\":\"https:\/\/ha-wi.com\/fr\/#organization\"},\"potentialAction\":[{\"@type\":\"SearchAction\",\"target\":{\"@type\":\"EntryPoint\",\"urlTemplate\":\"https:\/\/ha-wi.com\/fr\/?s={search_term_string}\"},\"query-input\":{\"@type\":\"PropertyValueSpecification\",\"valueRequired\":true,\"valueName\":\"search_term_string\"}}],\"inLanguage\":\"fr-FR\"},{\"@type\":\"Organization\",\"@id\":\"https:\/\/ha-wi.com\/fr\/#organization\",\"name\":\"HA-WI Kunststoffe GmbH & Co. KG\",\"url\":\"https:\/\/ha-wi.com\/fr\/\",\"logo\":{\"@type\":\"ImageObject\",\"inLanguage\":\"fr-FR\",\"@id\":\"https:\/\/ha-wi.com\/fr\/#\/schema\/logo\/image\/\",\"url\":\"https:\/\/ha-wi.com\/wp-content\/uploads\/2024\/08\/logo-hawi-kunststoffe.svg\",\"contentUrl\":\"https:\/\/ha-wi.com\/wp-content\/uploads\/2024\/08\/logo-hawi-kunststoffe.svg\",\"width\":1,\"height\":1,\"caption\":\"HA-WI Kunststoffe GmbH & Co. KG\"},\"image\":{\"@id\":\"https:\/\/ha-wi.com\/fr\/#\/schema\/logo\/image\/\"}}]}<\/script>\n<!-- \/ Yoast SEO plugin. -->","yoast_head_json":{"title":"Chevilles d'arr\u00eat dans le verrou, 30 pi\u00e8ces - HA-WI Kunststoffe","robots":{"index":"index","follow":"follow","max-snippet":"max-snippet:-1","max-image-preview":"max-image-preview:large","max-video-preview":"max-video-preview:-1"},"canonical":"https:\/\/ha-wi.com\/fr\/produkte\/chevilles-darret-dans-le-verrou-30-pieces\/","og_locale":"fr_FR","og_type":"article","og_title":"Chevilles d'arr\u00eat dans le verrou, 30 pi\u00e8ces - HA-WI Kunststoffe","og_description":"Chevilles d&#8217;arr\u00eat dans le verrou, 30 pi\u00e8ces","og_url":"https:\/\/ha-wi.com\/fr\/produkte\/chevilles-darret-dans-le-verrou-30-pieces\/","og_site_name":"HA-WI Kunststoffe","article_modified_time":"2025-05-02T17:49:28+00:00","og_image":[{"width":1200,"height":903,"url":"https:\/\/ha-wi.com\/wp-content\/uploads\/2025\/05\/produktabbildung-platzhalter-1.jpg","type":"image\/jpeg"}],"schema":{"@context":"https:\/\/schema.org","@graph":[{"@type":"WebPage","@id":"https:\/\/ha-wi.com\/fr\/produkte\/chevilles-darret-dans-le-verrou-30-pieces\/","url":"https:\/\/ha-wi.com\/fr\/produkte\/chevilles-darret-dans-le-verrou-30-pieces\/","name":"Chevilles d'arr\u00eat dans le verrou, 30 pi\u00e8ces - HA-WI Kunststoffe","isPartOf":{"@id":"https:\/\/ha-wi.com\/fr\/#website"},"primaryImageOfPage":{"@id":"https:\/\/ha-wi.com\/fr\/produkte\/chevilles-darret-dans-le-verrou-30-pieces\/#primaryimage"},"image":{"@id":"https:\/\/ha-wi.com\/fr\/produkte\/chevilles-darret-dans-le-verrou-30-pieces\/#primaryimage"},"thumbnailUrl":"https:\/\/ha-wi.com\/wp-content\/uploads\/2025\/05\/produktabbildung-platzhalter-1.jpg","datePublished":"2025-04-14T09:40:27+00:00","dateModified":"2025-05-02T17:49:28+00:00","breadcrumb":{"@id":"https:\/\/ha-wi.com\/fr\/produkte\/chevilles-darret-dans-le-verrou-30-pieces\/#breadcrumb"},"inLanguage":"fr-FR","potentialAction":[{"@type":"ReadAction","target":["https:\/\/ha-wi.com\/fr\/produkte\/chevilles-darret-dans-le-verrou-30-pieces\/"]}]},{"@type":"ImageObject","inLanguage":"fr-FR","@id":"https:\/\/ha-wi.com\/fr\/produkte\/chevilles-darret-dans-le-verrou-30-pieces\/#primaryimage","url":"https:\/\/ha-wi.com\/wp-content\/uploads\/2025\/05\/produktabbildung-platzhalter-1.jpg","contentUrl":"https:\/\/ha-wi.com\/wp-content\/uploads\/2025\/05\/produktabbildung-platzhalter-1.jpg","width":1200,"height":903},{"@type":"BreadcrumbList","@id":"https:\/\/ha-wi.com\/fr\/produkte\/chevilles-darret-dans-le-verrou-30-pieces\/#breadcrumb","itemListElement":[{"@type":"ListItem","position":1,"name":"Startseite","item":"https:\/\/ha-wi.com\/fr\/page-daccueil\/"},{"@type":"ListItem","position":2,"name":"Produits","item":"https:\/\/ha-wi.com\/fr\/produits\/"},{"@type":"ListItem","position":3,"name":"Chevilles d&#8217;arr\u00eat dans le verrou, 30 pi\u00e8ces"}]},{"@type":"WebSite","@id":"https:\/\/ha-wi.com\/fr\/#website","url":"https:\/\/ha-wi.com\/fr\/","name":"HA-WI Kunststoffe: pr\u00e4zise Spritzgussteile aus Bad Laasphe","description":"","publisher":{"@id":"https:\/\/ha-wi.com\/fr\/#organization"},"potentialAction":[{"@type":"SearchAction","target":{"@type":"EntryPoint","urlTemplate":"https:\/\/ha-wi.com\/fr\/?s={search_term_string}"},"query-input":{"@type":"PropertyValueSpecification","valueRequired":true,"valueName":"search_term_string"}}],"inLanguage":"fr-FR"},{"@type":"Organization","@id":"https:\/\/ha-wi.com\/fr\/#organization","name":"HA-WI Kunststoffe GmbH & Co. KG","url":"https:\/\/ha-wi.com\/fr\/","logo":{"@type":"ImageObject","inLanguage":"fr-FR","@id":"https:\/\/ha-wi.com\/fr\/#\/schema\/logo\/image\/","url":"https:\/\/ha-wi.com\/wp-content\/uploads\/2024\/08\/logo-hawi-kunststoffe.svg","contentUrl":"https:\/\/ha-wi.com\/wp-content\/uploads\/2024\/08\/logo-hawi-kunststoffe.svg","width":1,"height":1,"caption":"HA-WI Kunststoffe GmbH & Co. KG"},"image":{"@id":"https:\/\/ha-wi.com\/fr\/#\/schema\/logo\/image\/"}}]}},"_links":{"self":[{"href":"https:\/\/ha-wi.com\/fr\/wp-json\/wp\/v2\/product\/6564","targetHints":{"allow":["GET"]}}],"collection":[{"href":"https:\/\/ha-wi.com\/fr\/wp-json\/wp\/v2\/product"}],"about":[{"href":"https:\/\/ha-wi.com\/fr\/wp-json\/wp\/v2\/types\/product"}],"wp:featuredmedia":[{"embeddable":true,"href":"https:\/\/ha-wi.com\/fr\/wp-json\/wp\/v2\/media\/10527"}],"wp:attachment":[{"href":"https:\/\/ha-wi.com\/fr\/wp-json\/wp\/v2\/media?parent=6564"}],"wp:term":[{"taxonomy":"product_brand","embeddable":true,"href":"https:\/\/ha-wi.com\/fr\/wp-json\/wp\/v2\/product_brand?post=6564"},{"taxonomy":"product_cat","embeddable":true,"href":"https:\/\/ha-wi.com\/fr\/wp-json\/wp\/v2\/product_cat?post=6564"},{"taxonomy":"product_tag","embeddable":true,"href":"https:\/\/ha-wi.com\/fr\/wp-json\/wp\/v2\/product_tag?post=6564"}],"curies":[{"name":"wp","href":"https:\/\/api.w.org\/{rel}","templated":true}]}}