{"id":5942,"date":"2024-08-06T12:59:09","date_gmt":"2024-08-06T10:59:09","guid":{"rendered":"https:\/\/dev.freiwerk.de\/hawi\/qualite\/"},"modified":"2025-05-07T09:50:16","modified_gmt":"2025-05-07T07:50:16","slug":"qualite","status":"publish","type":"page","link":"https:\/\/ha-wi.com\/fr\/qualite\/","title":{"rendered":"Qualit\u00e9"},"content":{"rendered":"<p>[et_pb_section fb_built=&#8221;1&#8243; custom_padding_last_edited=&#8221;on|phone&#8221; _builder_version=&#8221;4.27.2&#8243; _module_preset=&#8221;default&#8221; background_color=&#8221;#000000&#8243; background_enable_image=&#8221;off&#8221; background_blend=&#8221;multiply&#8221; custom_padding=&#8221;3%||3%||true|false&#8221; custom_padding_tablet=&#8221;12%||7%||false|false&#8221; custom_padding_phone=&#8221;20%||7%||false|false&#8221; locked=&#8221;off&#8221; global_colors_info=&#8221;{}&#8221;][et_pb_row custom_padding_last_edited=&#8221;on|tablet&#8221; _builder_version=&#8221;4.27.2&#8243; _module_preset=&#8221;default&#8221; width_tablet=&#8221;&#8221; width_phone=&#8221;&#8221; width_last_edited=&#8221;on|desktop&#8221; max_width=&#8221;2000px&#8221; custom_margin=&#8221;|auto||auto|false|false&#8221; custom_margin_tablet=&#8221;40px||||false|false&#8221; custom_margin_phone=&#8221;0px||||false|false&#8221; custom_margin_last_edited=&#8221;on|phone&#8221; custom_padding_tablet=&#8221;3%||3%||false|false&#8221; custom_padding_phone=&#8221;5%||||false|false&#8221; global_colors_info=&#8221;{}&#8221;][et_pb_column type=&#8221;4_4&#8243; _builder_version=&#8221;4.27.0&#8243; _module_preset=&#8221;default&#8221; global_colors_info=&#8221;{}&#8221;][et_pb_text _builder_version=&#8221;4.27.4&#8243; _module_preset=&#8221;default&#8221; header_font=&#8221;|||on|||||&#8221; header_2_font=&#8221;|||on|||||&#8221; width=&#8221;80%&#8221; width_tablet=&#8221;100%&#8221; width_phone=&#8221;100%&#8221; width_last_edited=&#8221;on|phone&#8221; global_colors_info=&#8221;{}&#8221;]<\/p>\n<h1>La qualit\u00e9 est un processus communautaire<\/h1>\n<p>[\/et_pb_text][\/et_pb_column][\/et_pb_row][\/et_pb_section][et_pb_section fb_built=&#8221;1&#8243; _builder_version=&#8221;4.27.2&#8243; _module_preset=&#8221;default&#8221; custom_margin=&#8221;0px||0px||false|false&#8221; custom_padding=&#8221;0px||0px||false|false&#8221; locked=&#8221;off&#8221; global_colors_info=&#8221;{}&#8221;][et_pb_row column_structure=&#8221;3_5,2_5&#8243; custom_padding_last_edited=&#8221;on|phone&#8221; _builder_version=&#8221;4.27.4&#8243; _module_preset=&#8221;default&#8221; width_tablet=&#8221;&#8221; width_phone=&#8221;&#8221; width_last_edited=&#8221;on|desktop&#8221; max_width=&#8221;2000px&#8221; custom_margin=&#8221;1px|auto||auto||&#8221; custom_padding=&#8221;3%||3%||false|false&#8221; custom_padding_tablet=&#8221;4%||4%||true|false&#8221; custom_padding_phone=&#8221;10%||10%||true|false&#8221; hover_enabled=&#8221;0&#8243; global_colors_info=&#8221;{}&#8221; sticky_enabled=&#8221;0&#8243;][et_pb_column type=&#8221;3_5&#8243; _builder_version=&#8221;4.27.0&#8243; _module_preset=&#8221;default&#8221; global_colors_info=&#8221;{}&#8221;][et_pb_text _builder_version=&#8221;4.27.4&#8243; _module_preset=&#8221;default&#8221; text_font=&#8221;&#8211;et_global_body_font||||||||&#8221; text_text_color=&#8221;#000000&#8243; text_font_size=&#8221;20px&#8221; header_2_font=&#8221;|&#8211;et_global_heading_font_weight||on|||||&#8221; header_2_text_color=&#8221;#000000&#8243; custom_margin_tablet=&#8221;|10%||10%|false|true&#8221; custom_margin_phone=&#8221;|10%||10%|false|false&#8221; custom_margin_last_edited=&#8221;on|phone&#8221; custom_padding_tablet=&#8221;4%||4%||true|false&#8221; custom_padding_phone=&#8221;10%||10%||true|false&#8221; custom_padding_last_edited=&#8221;on|phone&#8221; global_colors_info=&#8221;{}&#8221;]<\/p>\n<p>Nous sommes certifi\u00e9s ISO 9001:2015.<\/p>\n<p>Un syst\u00e8me de gestion de la qualit\u00e9 appropri\u00e9 est organis\u00e9 dans tous les secteurs de l&#8217;entreprise et les objectifs de qualit\u00e9 sont formul\u00e9s pour toutes les unit\u00e9s organisationnelles.<\/p>\n<p>L&#8217;am\u00e9lioration continue des processus est la cl\u00e9 de l&#8217;am\u00e9lioration constante de la qualit\u00e9 et de la productivit\u00e9.<\/p>\n<p>Le travail de qualit\u00e9 est l&#8217;effort collectif de tous les employ\u00e9s.<\/p>\n<p>Une grande importance est accord\u00e9e \u00e0 la qualification des employ\u00e9s et \u00e0 leur capacit\u00e9 \u00e0 effectuer un travail innovant dans le sens d&#8217;un objectif de z\u00e9ro d\u00e9faut et d&#8217;une am\u00e9lioration continue.<\/p>\n<p>R\u00e9pondre aux attentes et aux exigences des clients est une pr\u00e9occupation majeure pour la production et la distribution de tous les biens et services (produits) afin d&#8217;accro\u00eetre la satisfaction des clients \u00e0 long terme.<\/p>\n<p>[\/et_pb_text][et_pb_text _builder_version=&#8221;4.27.2&#8243; _module_preset=&#8221;default&#8221; text_font=&#8221;&#8211;et_global_body_font||||||||&#8221; text_text_color=&#8221;#000000&#8243; text_font_size=&#8221;20px&#8221; header_2_font=&#8221;|&#8211;et_global_heading_font_weight||on|||||&#8221; header_2_text_color=&#8221;#000000&#8243; header_3_font=&#8221;|||on|||||&#8221; header_3_text_color=&#8221;#5D5D61&#8243; header_4_font=&#8221;|||on|||||&#8221; header_4_text_color=&#8221;#000000&#8243; custom_margin_tablet=&#8221;|10%||10%|false|true&#8221; custom_margin_phone=&#8221;|10%||10%|false|false&#8221; custom_margin_last_edited=&#8221;on|phone&#8221; custom_padding_tablet=&#8221;4%||4%||true|false&#8221; custom_padding_phone=&#8221;10%||10%||true|false&#8221; custom_padding_last_edited=&#8221;on|phone&#8221; global_colors_info=&#8221;{}&#8221;]<\/p>\n<h4>Chez nous, la qualit\u00e9 n&#8217;est pas seulement mesur\u00e9e &#8211; elle est produite.<\/h4>\n<p><strong>La qualit\u00e9 et la rentabilit\u00e9<\/strong> caract\u00e9risent nos produits, soutenus par les m\u00e9thodes et services suivants :<\/p>\n<ul>\n<li><strong>Planification pr\u00e9alable de la qualit\u00e9<\/strong> et <strong>planification du contr\u00f4le<\/strong><\/li>\n<li><strong>Jauges et moyens de contr\u00f4le fonctionnels<\/strong><\/li>\n<li><strong>\u00c9chantillons initiaux selon VDA ou PPAP<\/strong><\/li>\n<li><strong>Entr\u00e9es IMDS<\/strong><\/li>\n<li><strong>Certificats de contr\u00f4le d&#8217;usine<\/strong><\/li>\n<li><strong>Contr\u00f4le \u00e0 la r\u00e9ception et contr\u00f4le en s\u00e9rie<\/strong> (SPC, PFU)<\/li>\n<li><strong>Test de capabilit\u00e9 machine<\/strong> (MFU)<\/li>\n<li><strong>Requalification<\/strong><\/li>\n<\/ul>\n<p>Nous sommes \u00e9galement certifi\u00e9s <strong>ISO 9001:2015<\/strong> et <strong>AEO-F<\/strong>, ce qui t\u00e9moigne de nos normes \u00e9lev\u00e9es et de notre engagement en faveur de la qualit\u00e9.<\/p>\n<p>[\/et_pb_text][\/et_pb_column][et_pb_column type=&#8221;2_5&#8243; _builder_version=&#8221;4.27.0&#8243; _module_preset=&#8221;default&#8221; global_colors_info=&#8221;{}&#8221;][dipi_masonry_gallery gallery_ids=&#8221;1219,1220,1221,1222&#8243; gallery_orderby=&#8221;rand&#8221; columns=&#8221;2&#8243; gutter=&#8221;3&#8243; columns_tablet=&#8221;2&#8243; columns_phone=&#8221;2&#8243; columns_last_edited=&#8221;on|phone&#8221; _builder_version=&#8221;4.27.4&#8243; _module_preset=&#8221;default&#8221; global_colors_info=&#8221;{}&#8221;][\/dipi_masonry_gallery][\/et_pb_column][\/et_pb_row][\/et_pb_section][et_pb_section fb_built=&#8221;1&#8243; _builder_version=&#8221;4.27.0&#8243; _module_preset=&#8221;default&#8221; background_color=&#8221;#000000&#8243; custom_padding=&#8221;50px||50px||true|&#8221; global_module=&#8221;4117&#8243; locked=&#8221;off&#8221; global_colors_info=&#8221;{}&#8221;][et_pb_row column_structure=&#8221;1_3,2_3&#8243; _builder_version=&#8221;4.27.0&#8243; _module_preset=&#8221;default&#8221; max_width=&#8221;2000px&#8221; global_colors_info=&#8221;{}&#8221;][et_pb_column type=&#8221;1_3&#8243; _builder_version=&#8221;4.27.0&#8243; _module_preset=&#8221;default&#8221; global_colors_info=&#8221;{}&#8221;][et_pb_icon font_icon=&#8221;&#xf2b9;||fa||400&#8243; icon_color=&#8221;#ffffff&#8221; _builder_version=&#8221;4.27.0&#8243; _module_preset=&#8221;default&#8221; global_colors_info=&#8221;{}&#8221;][\/et_pb_icon][\/et_pb_column][et_pb_column type=&#8221;2_3&#8243; _builder_version=&#8221;4.27.0&#8243; _module_preset=&#8221;default&#8221; global_colors_info=&#8221;{}&#8221;][et_pb_text _builder_version=&#8221;4.27.4&#8243; _module_preset=&#8221;default&#8221; text_text_color=&#8221;#ffffff&#8221; header_3_font=&#8221;|&#8211;et_global_heading_font_weight||on|||||&#8221; header_4_font=&#8221;|||on|||||&#8221; global_colors_info=&#8221;{}&#8221;]<\/p>\n<h3>Contactez-nous<\/h3>\n<p>[\/et_pb_text][et_pb_text _builder_version=&#8221;4.27.2&#8243; _module_preset=&#8221;default&#8221; text_text_color=&#8221;#ffffff&#8221; text_font_size=&#8221;20px&#8221; text_line_height=&#8221;1.3em&#8221; text_font_size_tablet=&#8221;18px&#8221; text_font_size_phone=&#8221;16px&#8221; text_font_size_last_edited=&#8221;on|desktop&#8221; locked=&#8221;off&#8221; global_colors_info=&#8221;{}&#8221;]<\/p>\n<p><strong>Comment pouvons-nous vous aider ?<\/strong><\/p>\n<p>Vous pouvez nous contacter tr\u00e8s facilement par t\u00e9l\u00e9phone, par e-mail ou via notre formulaire de contact. Nous sommes \u00e0 votre disposition pour r\u00e9pondre \u00e0 toutes vos questions et pr\u00e9occupations. <\/p>\n<p>[\/et_pb_text][et_pb_button button_url=&#8221;@ET-DC@eyJkeW5hbWljIjp0cnVlLCJjb250ZW50IjoicG9zdF9saW5rX3VybF9wYWdlIiwic2V0dGluZ3MiOnsicG9zdF9pZCI6IjMxMyJ9fQ==@&#8221; button_text=&#8221;Aller au formulaire de contact&#8221; _builder_version=&#8221;4.27.0&#8243; _dynamic_attributes=&#8221;button_url&#8221; _module_preset=&#8221;default&#8221; custom_button=&#8221;on&#8221; button_text_size=&#8221;18px&#8221; button_text_color=&#8221;#000000&#8243; button_bg_color=&#8221;#ffffff&#8221; button_border_width=&#8221;0px&#8221; button_border_color=&#8221;RGBA(255,255,255,0)&#8221; button_border_radius=&#8221;0px&#8221; button_font=&#8221;|700||on|||||&#8221; button_use_icon=&#8221;off&#8221; custom_css_main_element=&#8221;width: 260px;||text-align: center;&#8221; global_colors_info=&#8221;{}&#8221; custom_css_main_element_last_edited=&#8221;on|phone&#8221; custom_css_main_element_phone=&#8221;width: 100%;||text-align: center;&#8221; custom_css_main_element_tablet=&#8221;width: 260px;||text-align: center;&#8221;][\/et_pb_button][\/et_pb_column][\/et_pb_row][\/et_pb_section]<\/p>\n","protected":false},"excerpt":{"rendered":"<p>La qualit\u00e9 est un processus communautaireNous sommes certifi\u00e9s ISO 9001:2015. Un syst\u00e8me de gestion de la qualit\u00e9 appropri\u00e9 est organis\u00e9 dans tous les secteurs de l&#8217;entreprise et les objectifs de qualit\u00e9 sont formul\u00e9s pour toutes les unit\u00e9s organisationnelles. L&#8217;am\u00e9lioration continue des processus est la cl\u00e9 de l&#8217;am\u00e9lioration constante de la qualit\u00e9 et de la productivit\u00e9. [&hellip;]<\/p>\n","protected":false},"author":2,"featured_media":0,"parent":0,"menu_order":0,"comment_status":"closed","ping_status":"closed","template":"","meta":{"_et_pb_use_builder":"on","_et_pb_old_content":"","_et_gb_content_width":"","footnotes":""},"dipi_cpt_category":[],"class_list":["post-5942","page","type-page","status-publish","hentry"],"yoast_head":"<!-- This site is optimized with the Yoast SEO plugin v27.2 - https:\/\/yoast.com\/product\/yoast-seo-wordpress\/ -->\n<title>Gestion de la qualit\u00e9 chez HA-WI Kunststoffe<\/title>\n<meta name=\"description\" content=\"Apprenez-en plus sur notre gestion de la qualit\u00e9 : des processus certifi\u00e9s, une fabrication pr\u00e9cise &amp; les normes les plus \u00e9lev\u00e9es pour vos produits en plastique.\" \/>\n<meta name=\"robots\" content=\"index, follow, max-snippet:-1, max-image-preview:large, max-video-preview:-1\" \/>\n<link rel=\"canonical\" href=\"https:\/\/ha-wi.com\/fr\/qualite\/\" \/>\n<meta property=\"og:locale\" content=\"fr_FR\" \/>\n<meta property=\"og:type\" content=\"article\" \/>\n<meta property=\"og:title\" content=\"Gestion de la qualit\u00e9 chez HA-WI Kunststoffe\" \/>\n<meta property=\"og:description\" content=\"Apprenez-en plus sur notre gestion de la qualit\u00e9 : des processus certifi\u00e9s, une fabrication pr\u00e9cise &amp; les normes les plus \u00e9lev\u00e9es pour vos produits en plastique.\" \/>\n<meta property=\"og:url\" content=\"https:\/\/ha-wi.com\/fr\/qualite\/\" \/>\n<meta property=\"og:site_name\" content=\"HA-WI Kunststoffe\" \/>\n<meta property=\"article:modified_time\" content=\"2025-05-07T07:50:16+00:00\" \/>\n<meta name=\"twitter:label1\" content=\"Dur\u00e9e de lecture estim\u00e9e\" \/>\n\t<meta name=\"twitter:data1\" content=\"5 minutes\" \/>\n<script type=\"application\/ld+json\" class=\"yoast-schema-graph\">{\"@context\":\"https:\/\/schema.org\",\"@graph\":[{\"@type\":\"WebPage\",\"@id\":\"https:\/\/ha-wi.com\/fr\/qualite\/\",\"url\":\"https:\/\/ha-wi.com\/fr\/qualite\/\",\"name\":\"Gestion de la qualit\u00e9 chez HA-WI Kunststoffe\",\"isPartOf\":{\"@id\":\"https:\/\/ha-wi.com\/fr\/#website\"},\"datePublished\":\"2024-08-06T10:59:09+00:00\",\"dateModified\":\"2025-05-07T07:50:16+00:00\",\"description\":\"Apprenez-en plus sur notre gestion de la qualit\u00e9 : des processus certifi\u00e9s, une fabrication pr\u00e9cise & les normes les plus \u00e9lev\u00e9es pour vos produits en plastique.\",\"breadcrumb\":{\"@id\":\"https:\/\/ha-wi.com\/fr\/qualite\/#breadcrumb\"},\"inLanguage\":\"fr-FR\",\"potentialAction\":[{\"@type\":\"ReadAction\",\"target\":[\"https:\/\/ha-wi.com\/fr\/qualite\/\"]}]},{\"@type\":\"BreadcrumbList\",\"@id\":\"https:\/\/ha-wi.com\/fr\/qualite\/#breadcrumb\",\"itemListElement\":[{\"@type\":\"ListItem\",\"position\":1,\"name\":\"Startseite\",\"item\":\"https:\/\/ha-wi.com\/fr\/page-daccueil\/\"},{\"@type\":\"ListItem\",\"position\":2,\"name\":\"Qualit\u00e9\"}]},{\"@type\":\"WebSite\",\"@id\":\"https:\/\/ha-wi.com\/fr\/#website\",\"url\":\"https:\/\/ha-wi.com\/fr\/\",\"name\":\"HA-WI Kunststoffe: pr\u00e4zise Spritzgussteile aus Bad Laasphe\",\"description\":\"\",\"publisher\":{\"@id\":\"https:\/\/ha-wi.com\/fr\/#organization\"},\"potentialAction\":[{\"@type\":\"SearchAction\",\"target\":{\"@type\":\"EntryPoint\",\"urlTemplate\":\"https:\/\/ha-wi.com\/fr\/?s={search_term_string}\"},\"query-input\":{\"@type\":\"PropertyValueSpecification\",\"valueRequired\":true,\"valueName\":\"search_term_string\"}}],\"inLanguage\":\"fr-FR\"},{\"@type\":\"Organization\",\"@id\":\"https:\/\/ha-wi.com\/fr\/#organization\",\"name\":\"HA-WI Kunststoffe GmbH & Co. KG\",\"url\":\"https:\/\/ha-wi.com\/fr\/\",\"logo\":{\"@type\":\"ImageObject\",\"inLanguage\":\"fr-FR\",\"@id\":\"https:\/\/ha-wi.com\/fr\/#\/schema\/logo\/image\/\",\"url\":\"https:\/\/ha-wi.com\/wp-content\/uploads\/2024\/08\/logo-hawi-kunststoffe.svg\",\"contentUrl\":\"https:\/\/ha-wi.com\/wp-content\/uploads\/2024\/08\/logo-hawi-kunststoffe.svg\",\"width\":1,\"height\":1,\"caption\":\"HA-WI Kunststoffe GmbH & Co. KG\"},\"image\":{\"@id\":\"https:\/\/ha-wi.com\/fr\/#\/schema\/logo\/image\/\"}}]}<\/script>\n<!-- \/ Yoast SEO plugin. -->","yoast_head_json":{"title":"Gestion de la qualit\u00e9 chez HA-WI Kunststoffe","description":"Apprenez-en plus sur notre gestion de la qualit\u00e9 : des processus certifi\u00e9s, une fabrication pr\u00e9cise & les normes les plus \u00e9lev\u00e9es pour vos produits en plastique.","robots":{"index":"index","follow":"follow","max-snippet":"max-snippet:-1","max-image-preview":"max-image-preview:large","max-video-preview":"max-video-preview:-1"},"canonical":"https:\/\/ha-wi.com\/fr\/qualite\/","og_locale":"fr_FR","og_type":"article","og_title":"Gestion de la qualit\u00e9 chez HA-WI Kunststoffe","og_description":"Apprenez-en plus sur notre gestion de la qualit\u00e9 : des processus certifi\u00e9s, une fabrication pr\u00e9cise & les normes les plus \u00e9lev\u00e9es pour vos produits en plastique.","og_url":"https:\/\/ha-wi.com\/fr\/qualite\/","og_site_name":"HA-WI Kunststoffe","article_modified_time":"2025-05-07T07:50:16+00:00","twitter_misc":{"Dur\u00e9e de lecture estim\u00e9e":"5 minutes"},"schema":{"@context":"https:\/\/schema.org","@graph":[{"@type":"WebPage","@id":"https:\/\/ha-wi.com\/fr\/qualite\/","url":"https:\/\/ha-wi.com\/fr\/qualite\/","name":"Gestion de la qualit\u00e9 chez HA-WI Kunststoffe","isPartOf":{"@id":"https:\/\/ha-wi.com\/fr\/#website"},"datePublished":"2024-08-06T10:59:09+00:00","dateModified":"2025-05-07T07:50:16+00:00","description":"Apprenez-en plus sur notre gestion de la qualit\u00e9 : des processus certifi\u00e9s, une fabrication pr\u00e9cise & les normes les plus \u00e9lev\u00e9es pour vos produits en plastique.","breadcrumb":{"@id":"https:\/\/ha-wi.com\/fr\/qualite\/#breadcrumb"},"inLanguage":"fr-FR","potentialAction":[{"@type":"ReadAction","target":["https:\/\/ha-wi.com\/fr\/qualite\/"]}]},{"@type":"BreadcrumbList","@id":"https:\/\/ha-wi.com\/fr\/qualite\/#breadcrumb","itemListElement":[{"@type":"ListItem","position":1,"name":"Startseite","item":"https:\/\/ha-wi.com\/fr\/page-daccueil\/"},{"@type":"ListItem","position":2,"name":"Qualit\u00e9"}]},{"@type":"WebSite","@id":"https:\/\/ha-wi.com\/fr\/#website","url":"https:\/\/ha-wi.com\/fr\/","name":"HA-WI Kunststoffe: pr\u00e4zise Spritzgussteile aus Bad Laasphe","description":"","publisher":{"@id":"https:\/\/ha-wi.com\/fr\/#organization"},"potentialAction":[{"@type":"SearchAction","target":{"@type":"EntryPoint","urlTemplate":"https:\/\/ha-wi.com\/fr\/?s={search_term_string}"},"query-input":{"@type":"PropertyValueSpecification","valueRequired":true,"valueName":"search_term_string"}}],"inLanguage":"fr-FR"},{"@type":"Organization","@id":"https:\/\/ha-wi.com\/fr\/#organization","name":"HA-WI Kunststoffe GmbH & Co. KG","url":"https:\/\/ha-wi.com\/fr\/","logo":{"@type":"ImageObject","inLanguage":"fr-FR","@id":"https:\/\/ha-wi.com\/fr\/#\/schema\/logo\/image\/","url":"https:\/\/ha-wi.com\/wp-content\/uploads\/2024\/08\/logo-hawi-kunststoffe.svg","contentUrl":"https:\/\/ha-wi.com\/wp-content\/uploads\/2024\/08\/logo-hawi-kunststoffe.svg","width":1,"height":1,"caption":"HA-WI Kunststoffe GmbH & Co. KG"},"image":{"@id":"https:\/\/ha-wi.com\/fr\/#\/schema\/logo\/image\/"}}]}},"_links":{"self":[{"href":"https:\/\/ha-wi.com\/fr\/wp-json\/wp\/v2\/pages\/5942","targetHints":{"allow":["GET"]}}],"collection":[{"href":"https:\/\/ha-wi.com\/fr\/wp-json\/wp\/v2\/pages"}],"about":[{"href":"https:\/\/ha-wi.com\/fr\/wp-json\/wp\/v2\/types\/page"}],"author":[{"embeddable":true,"href":"https:\/\/ha-wi.com\/fr\/wp-json\/wp\/v2\/users\/2"}],"replies":[{"embeddable":true,"href":"https:\/\/ha-wi.com\/fr\/wp-json\/wp\/v2\/comments?post=5942"}],"version-history":[{"count":3,"href":"https:\/\/ha-wi.com\/fr\/wp-json\/wp\/v2\/pages\/5942\/revisions"}],"predecessor-version":[{"id":10798,"href":"https:\/\/ha-wi.com\/fr\/wp-json\/wp\/v2\/pages\/5942\/revisions\/10798"}],"wp:attachment":[{"href":"https:\/\/ha-wi.com\/fr\/wp-json\/wp\/v2\/media?parent=5942"}],"wp:term":[{"taxonomy":"dipi_cpt_category","embeddable":true,"href":"https:\/\/ha-wi.com\/fr\/wp-json\/wp\/v2\/dipi_cpt_category?post=5942"}],"curies":[{"name":"wp","href":"https:\/\/api.w.org\/{rel}","templated":true}]}}