{"id":5230,"date":"2024-08-06T12:59:01","date_gmt":"2024-08-06T10:59:01","guid":{"rendered":"https:\/\/dev.freiwerk.de\/hawi\/societe\/"},"modified":"2025-05-07T09:47:18","modified_gmt":"2025-05-07T07:47:18","slug":"societe","status":"publish","type":"page","link":"https:\/\/ha-wi.com\/fr\/societe\/","title":{"rendered":"Soci\u00e9t\u00e9"},"content":{"rendered":"<p>[et_pb_section fb_built=&#8221;1&#8243; custom_padding_last_edited=&#8221;on|phone&#8221; _builder_version=&#8221;4.27.4&#8243; _module_preset=&#8221;default&#8221; background_color=&#8221;rgba(0,0,0,0.55)&#8221; background_image=&#8221;https:\/\/ha-wi.com\/wp-content\/uploads\/2024\/08\/hawi-bg-3.jpg&#8221; background_blend=&#8221;multiply&#8221; custom_padding=&#8221;6%||6%||true|false&#8221; custom_padding_tablet=&#8221;15%||15%||true|false&#8221; custom_padding_phone=&#8221;20%||20%||true|false&#8221; locked=&#8221;off&#8221; global_colors_info=&#8221;{}&#8221;][et_pb_row custom_padding_last_edited=&#8221;on|phone&#8221; _builder_version=&#8221;4.27.0&#8243; _module_preset=&#8221;default&#8221; width_tablet=&#8221;&#8221; width_phone=&#8221;&#8221; width_last_edited=&#8221;on|desktop&#8221; max_width=&#8221;2000px&#8221; custom_padding=&#8221;3%||3%||false|false&#8221; custom_padding_tablet=&#8221;3%||3%||false|false&#8221; custom_padding_phone=&#8221;15%||3%||false|false&#8221; global_colors_info=&#8221;{}&#8221;][et_pb_column type=&#8221;4_4&#8243; _builder_version=&#8221;4.27.0&#8243; _module_preset=&#8221;default&#8221; global_colors_info=&#8221;{}&#8221;][et_pb_text _builder_version=&#8221;4.27.4&#8243; _module_preset=&#8221;default&#8221; text_text_color=&#8221;#ffffff&#8221; header_font=&#8221;|||on|||||&#8221; header_font_size=&#8221;2.2vw&#8221; header_2_font=&#8221;|||on|||||&#8221; header_2_font_size=&#8221;1.2vw&#8221; width=&#8221;80%&#8221; custom_margin=&#8221;||28px|||&#8221; hover_enabled=&#8221;0&#8243; header_font_size_tablet=&#8221;6vw&#8221; header_font_size_phone=&#8221;7vw&#8221; header_font_size_last_edited=&#8221;on|tablet&#8221; header_2_font_size_tablet=&#8221;3vw&#8221; header_2_font_size_phone=&#8221;4vw&#8221; header_2_font_size_last_edited=&#8221;on|phone&#8221; global_colors_info=&#8221;{}&#8221; width_last_edited=&#8221;on|phone&#8221; sticky_enabled=&#8221;0&#8243; width_tablet=&#8221;100%&#8221; width_phone=&#8221;100%&#8221;]<\/p>\n<h1>La soci\u00e9t\u00e9<\/h1>\n<h2 class=\"p1\">Une comp\u00e9tence historique en mati\u00e8re de plastique<b><\/b><\/h2>\n<p class=\"p2\">Depuis 1998, HA-WI Kunststoffe r\u00e9unit l&#8217;exp\u00e9rience de deux entreprises traditionnelles. Sur le site de Bad Laasphe, nous fabriquons des produits propres de grande qualit\u00e9 et des pi\u00e8ces techniques en plastique &#8211; d\u00e9velopp\u00e9s avec les techniques les plus modernes et les exigences de qualit\u00e9 les plus \u00e9lev\u00e9es. <\/p>\n<p>[\/et_pb_text][et_pb_button button_url=&#8221;#mehr&#8221; button_text=&#8221;En savoir plus&#8221; button_alignment=&#8221;left&#8221; button_alignment_tablet=&#8221;center&#8221; button_alignment_phone=&#8221;center&#8221; button_alignment_last_edited=&#8221;on|tablet&#8221; _builder_version=&#8221;4.27.4&#8243; _module_preset=&#8221;default&#8221; custom_button=&#8221;on&#8221; button_text_size=&#8221;18px&#8221; button_text_color=&#8221;#ffffff&#8221; button_bg_color=&#8221;#E3061A&#8221; button_border_width=&#8221;0px&#8221; button_border_color=&#8221;RGBA(255,255,255,0)&#8221; button_border_radius=&#8221;0px&#8221; button_font=&#8221;|700||on|||||&#8221; button_use_icon=&#8221;off&#8221; custom_css_main_element=&#8221;width: 260px;||text-align: center;&#8221; box_shadow_style=&#8221;preset3&#8243; box_shadow_color=&#8221;rgba(255,255,255,0.3)&#8221; locked=&#8221;off&#8221; global_colors_info=&#8221;{}&#8221; custom_css_main_element_last_edited=&#8221;on|phone&#8221; custom_css_main_element_phone=&#8221;width: 100%;||text-align: center;&#8221; custom_css_main_element_tablet=&#8221;width: 260px;||text-align: center;&#8221; transform_styles__hover_enabled=&#8221;on|hover&#8221; transform_scale__hover_enabled=&#8221;on|hover&#8221; transform_translate__hover_enabled=&#8221;on|desktop&#8221; transform_rotate__hover_enabled=&#8221;on|desktop&#8221; transform_skew__hover_enabled=&#8221;on|desktop&#8221; transform_origin__hover_enabled=&#8221;on|desktop&#8221; transform_scale__hover=&#8221;110%|110%&#8221;][\/et_pb_button][\/et_pb_column][\/et_pb_row][\/et_pb_section][et_pb_section fb_built=&#8221;1&#8243; module_id=&#8221;plus&#8221; _builder_version=&#8221;4.27.4&#8243; _module_preset=&#8221;default&#8221; global_colors_info=&#8221;{}&#8221;][et_pb_row column_structure=&#8221;1_3,2_3&#8243; _builder_version=&#8221;4.27.0&#8243; _module_preset=&#8221;default&#8221; max_width=&#8221;2000px&#8221; custom_padding=&#8221;40px|||||&#8221; global_colors_info=&#8221;{}&#8221;][et_pb_column type=&#8221;1_3&#8243; _builder_version=&#8221;4.27.0&#8243; _module_preset=&#8221;default&#8221; global_colors_info=&#8221;{}&#8221;][et_pb_text _builder_version=&#8221;4.27.0&#8243; _module_preset=&#8221;default&#8221; header_3_font=&#8221;|&#8211;et_global_heading_font_weight||on|||||&#8221; header_3_text_color=&#8221;#000000&#8243; global_colors_info=&#8221;{}&#8221;]<\/p>\n<h3>Historique<\/h3>\n<p>[\/et_pb_text][\/et_pb_column][et_pb_column type=&#8221;2_3&#8243; _builder_version=&#8221;4.27.0&#8243; _module_preset=&#8221;default&#8221; global_colors_info=&#8221;{}&#8221;][et_pb_text _builder_version=&#8221;4.27.4&#8243; _module_preset=&#8221;default&#8221; text_font=&#8221;&#8211;et_global_body_font||||||||&#8221; text_font_size=&#8221;20px&#8221; global_colors_info=&#8221;{}&#8221;]<\/p>\n<p>Le nom HA-WI Kunststoffe est compos\u00e9 des premi\u00e8res lettres des fondateurs de l&#8217;entreprise, Hackler et Wied.<\/p>\n<p>La soci\u00e9t\u00e9 HA-WI Kunststoffe GmbH &amp; Co. KG a \u00e9t\u00e9 cr\u00e9\u00e9e en 1998 par la fusion de la soci\u00e9t\u00e9 KURI Kunststoff Verarbeitungs GmbH, fond\u00e9e en 1959 \u00e0 Bonn, et de la soci\u00e9t\u00e9 HA-WI Kunststoffe GmbH, \u00e9tablie \u00e0 Bad Laasphe depuis 1972, ce qui a permis de regrouper des d\u00e9cennies d&#8217;expertise dans le domaine de la transformation des plastiques. Sur le site de Bad Laasphe, les gammes de produits des deux entreprises ont \u00e9t\u00e9 r\u00e9unies et \u00e9largies en fonction du march\u00e9, tandis que les domaines des articles techniques et de la gamme de catalogues ont \u00e9t\u00e9 continuellement d\u00e9velopp\u00e9s. Parall\u00e8lement \u00e0 l&#8217;\u00e9largissement de la gamme de services, l&#8217;entreprise a investi dans des technologies modernes et a mis en place un syst\u00e8me de gestion de la qualit\u00e9 complet afin de garantir les normes les plus \u00e9lev\u00e9es dans tous les processus de production.  <\/p>\n<p>Le r\u00e9sultat de cette \u00e9volution r\u00e9ussie est l&#8217;entreprise actuelle, avec ses trois principales divisions de produits : programme propre, pi\u00e8ces techniques et syst\u00e8mes de serrage rapide BAKRA\u00ae, qui refl\u00e8tent la comp\u00e9tence polyvalente et la force d&#8217;innovation de HAWI Kunststoffe.<\/p>\n<p>Depuis le 01.03.2024, nous sommes repr\u00e9sent\u00e9s par notre nouveau directeur g\u00e9n\u00e9ral, Henning Afflerbach, qui travaillait d\u00e9j\u00e0 pour la soci\u00e9t\u00e9 HA-WI avant d&#8217;occuper son poste actuel et qui a d\u00e9j\u00e0 fait sa formation chez nous.<\/p>\n<p>[\/et_pb_text][\/et_pb_column][\/et_pb_row][\/et_pb_section][et_pb_section fb_built=&#8221;1&#8243; module_id=&#8221;jobs&#8221; _builder_version=&#8221;4.27.4&#8243; _module_preset=&#8221;default&#8221; background_color=&#8221;rgba(93,93,97,0.07)&#8221; global_colors_info=&#8221;{}&#8221;][et_pb_row column_structure=&#8221;1_3,2_3&#8243; _builder_version=&#8221;4.27.0&#8243; _module_preset=&#8221;default&#8221; max_width=&#8221;2000px&#8221; custom_padding=&#8221;40px|||||&#8221; global_colors_info=&#8221;{}&#8221;][et_pb_column type=&#8221;1_3&#8243; _builder_version=&#8221;4.27.0&#8243; _module_preset=&#8221;default&#8221; global_colors_info=&#8221;{}&#8221;][et_pb_text _builder_version=&#8221;4.27.3&#8243; _module_preset=&#8221;default&#8221; header_3_font=&#8221;|&#8211;et_global_heading_font_weight||on|||||&#8221; header_3_text_color=&#8221;#000000&#8243; global_colors_info=&#8221;{}&#8221;]<\/p>\n<h3>Postes \u00e0 pourvoir<\/h3>\n<p>[\/et_pb_text][\/et_pb_column][et_pb_column type=&#8221;2_3&#8243; _builder_version=&#8221;4.27.0&#8243; _module_preset=&#8221;default&#8221; global_colors_info=&#8221;{}&#8221;][et_pb_text _builder_version=&#8221;4.27.4&#8243; _module_preset=&#8221;default&#8221; text_font=&#8221;&#8211;et_global_body_font||||||||&#8221; text_font_size=&#8221;20px&#8221; global_colors_info=&#8221;{}&#8221;]<\/p>\n<p class=\"p1\"><b>Rejoignez notre \u00e9quipe<\/b><b><\/b><\/p>\n<p class=\"p2\">Vous \u00eates \u00e0 la recherche d&#8217;un nouveau d\u00e9fi professionnel dans une entreprise de taille moyenne qui a de l&#8217;avenir ? Chez HA-WI Kunststoffe, des t\u00e2ches vari\u00e9es, des conditions de travail modernes et un environnement coll\u00e9gial vous attendent. Posez votre candidature d\u00e8s maintenant &#8211; nous nous r\u00e9jouissons de recevoir un renfort engag\u00e9 !  <\/p>\n<p class=\"p1\"><b>Formation chez HA-WI<\/b><b><\/b><\/p>\n<p class=\"p2\">Vous voulez poser la premi\u00e8re pierre de votre avenir professionnel ? Alors commencez votre formation chez HA-WI Kunststoffe ! Nous proposons des formations passionnantes avec des perspectives d&#8217;avenir, un suivi personnalis\u00e9 et la possibilit\u00e9 de participer \u00e0 l&#8217;organisation d\u00e8s le d\u00e9but.  <\/p>\n<p>[\/et_pb_text][\/et_pb_column][\/et_pb_row][et_pb_row admin_label=&#8221;Blog &#8211; Style 06&#8243; _builder_version=&#8221;4.16&#8243; _module_preset=&#8221;_initial&#8221; max_width=&#8221;2000px&#8221; custom_padding=&#8221;40px|||||&#8221; locked=&#8221;off&#8221; global_colors_info=&#8221;{}&#8221;][et_pb_column type=&#8221;4_4&#8243; _builder_version=&#8221;4.16&#8243; _module_preset=&#8221;default&#8221; custom_css_main_element=&#8221;width: 100% !important;&#8221; global_colors_info=&#8221;{}&#8221;][et_pb_blog fullwidth=&#8221;off&#8221; posts_number=&#8221;12&#8243; include_categories=&#8221;all&#8221; use_manual_excerpt=&#8221;off&#8221; excerpt_length=&#8221;170&#8243; show_more=&#8221;on&#8221; show_author=&#8221;off&#8221; show_date=&#8221;off&#8221; show_categories=&#8221;off&#8221; show_excerpt=&#8221;off&#8221; show_pagination=&#8221;off&#8221; module_class=&#8221;blog-style-06&#8243; _builder_version=&#8221;4.27.4&#8243; _module_preset=&#8221;default&#8221; header_font=&#8221;|600||on|||||&#8221; header_text_color=&#8221;#5D5D61&#8243; header_font_size=&#8221;22px&#8221; header_line_height=&#8221;1.2em&#8221; body_font=&#8221;||||||||&#8221; body_text_color=&#8221;#333333&#8243; meta_font=&#8221;||||||||&#8221; read_more_font=&#8221;|600||on|||||&#8221; read_more_text_color=&#8221;#ffffff&#8221; read_more_font_size=&#8221;18px&#8221; pagination_font=&#8221;|||on|||||&#8221; header_font_size_tablet=&#8221;20px&#8221; header_font_size_phone=&#8221;18px&#8221; header_font_size_last_edited=&#8221;on|phone&#8221; header_line_height_last_edited=&#8221;off|desktop&#8221; body_font_size_phone=&#8221;17px&#8221; body_font_size_last_edited=&#8221;off|desktop&#8221; meta_font_size_phone=&#8221;15px&#8221; meta_font_size_last_edited=&#8221;off|phone&#8221; meta_line_height_phone=&#8221;1.3em&#8221; meta_line_height_last_edited=&#8221;off|desktop&#8221; custom_css_title=&#8221;padding-left:15px;||padding-right:15px;||min-height: 120px;&#8221; custom_css_content=&#8221;padding-left:15px;||padding-right:15px;||padding-bottom:15px;&#8221; custom_css_read_more=&#8221;padding: 5px 10px 5px 10px;||margin-top: 30px;||background-color: #e3061a;&#8221; global_colors_info=&#8221;{}&#8221; pagination_letter_spacing__hover=&#8221;0px&#8221; pagination_letter_spacing__hover_enabled=&#8221;on|desktop&#8221; custom_css_main_element_last_edited=&#8221;off|phone&#8221; custom_css_post_meta_last_edited=&#8221;off|desktop&#8221; custom_css_post_meta_phone=&#8221;margin-top:10px;||padding-left: 15px !important;||padding-right: 15px;||font-weight:400;&#8221; custom_css_post_meta_tablet=&#8221;font-weight:400;||padding-left:15px;||padding-right:15px;&#8221; custom_css_read_more__hover_enabled=&#8221;on|desktop&#8221; custom_css_read_more__hover=&#8221;background-color: black;&#8221;][\/et_pb_blog][\/et_pb_column][\/et_pb_row][\/et_pb_section][et_pb_section fb_built=&#8221;1&#8243; _builder_version=&#8221;4.27.0&#8243; _module_preset=&#8221;default&#8221; background_color=&#8221;#000000&#8243; custom_padding=&#8221;50px||50px||true|&#8221; global_module=&#8221;4117&#8243; saved_tabs=&#8221;all&#8221; locked=&#8221;off&#8221; global_colors_info=&#8221;{}&#8221;][et_pb_row column_structure=&#8221;1_3,2_3&#8243; _builder_version=&#8221;4.27.0&#8243; _module_preset=&#8221;default&#8221; max_width=&#8221;2000px&#8221; global_colors_info=&#8221;{}&#8221;][et_pb_column type=&#8221;1_3&#8243; _builder_version=&#8221;4.27.0&#8243; _module_preset=&#8221;default&#8221; global_colors_info=&#8221;{}&#8221;][et_pb_icon font_icon=&#8221;&#xf2b9;||fa||400&#8243; icon_color=&#8221;#ffffff&#8221; _builder_version=&#8221;4.27.0&#8243; _module_preset=&#8221;default&#8221; global_colors_info=&#8221;{}&#8221;][\/et_pb_icon][\/et_pb_column][et_pb_column type=&#8221;2_3&#8243; _builder_version=&#8221;4.27.0&#8243; _module_preset=&#8221;default&#8221; global_colors_info=&#8221;{}&#8221;][et_pb_text _builder_version=&#8221;4.27.4&#8243; _module_preset=&#8221;default&#8221; text_text_color=&#8221;#ffffff&#8221; header_3_font=&#8221;|&#8211;et_global_heading_font_weight||on|||||&#8221; header_4_font=&#8221;|||on|||||&#8221; global_colors_info=&#8221;{}&#8221;]<\/p>\n<h3>Contactez-nous<\/h3>\n<p>[\/et_pb_text][et_pb_text _builder_version=&#8221;4.27.2&#8243; _module_preset=&#8221;default&#8221; text_text_color=&#8221;#ffffff&#8221; text_font_size=&#8221;20px&#8221; text_line_height=&#8221;1.3em&#8221; text_font_size_tablet=&#8221;18px&#8221; text_font_size_phone=&#8221;16px&#8221; text_font_size_last_edited=&#8221;on|desktop&#8221; locked=&#8221;off&#8221; global_colors_info=&#8221;{}&#8221;]<\/p>\n<p><strong>Comment pouvons-nous vous aider ?<\/strong><\/p>\n<p>Vous pouvez nous contacter tr\u00e8s facilement par t\u00e9l\u00e9phone, par e-mail ou via notre formulaire de contact. Nous sommes \u00e0 votre disposition pour r\u00e9pondre \u00e0 toutes vos questions et pr\u00e9occupations. <\/p>\n<p>[\/et_pb_text][et_pb_button button_url=&#8221;@ET-DC@eyJkeW5hbWljIjp0cnVlLCJjb250ZW50IjoicG9zdF9saW5rX3VybF9wYWdlIiwic2V0dGluZ3MiOnsicG9zdF9pZCI6IjMxMyJ9fQ==@&#8221; button_text=&#8221;Aller au formulaire de contact&#8221; _builder_version=&#8221;4.27.0&#8243; _dynamic_attributes=&#8221;button_url&#8221; _module_preset=&#8221;default&#8221; custom_button=&#8221;on&#8221; button_text_size=&#8221;18px&#8221; button_text_color=&#8221;#000000&#8243; button_bg_color=&#8221;#ffffff&#8221; button_border_width=&#8221;0px&#8221; button_border_color=&#8221;RGBA(255,255,255,0)&#8221; button_border_radius=&#8221;0px&#8221; button_font=&#8221;|700||on|||||&#8221; button_use_icon=&#8221;off&#8221; custom_css_main_element=&#8221;width: 260px;||text-align: center;&#8221; global_colors_info=&#8221;{}&#8221; custom_css_main_element_last_edited=&#8221;on|phone&#8221; custom_css_main_element_phone=&#8221;width: 100%;||text-align: center;&#8221; custom_css_main_element_tablet=&#8221;width: 260px;||text-align: center;&#8221;][\/et_pb_button][\/et_pb_column][\/et_pb_row][\/et_pb_section]<\/p>\n","protected":false},"excerpt":{"rendered":"<p>La soci\u00e9t\u00e9 Une comp\u00e9tence historique en mati\u00e8re de plastique Depuis 1998, HA-WI Kunststoffe r\u00e9unit l&#8217;exp\u00e9rience de deux entreprises traditionnelles. Sur le site de Bad Laasphe, nous fabriquons des produits propres de grande qualit\u00e9 et des pi\u00e8ces techniques en plastique &#8211; d\u00e9velopp\u00e9s avec les techniques les plus modernes et les exigences de qualit\u00e9 les plus \u00e9lev\u00e9es. [&hellip;]<\/p>\n","protected":false},"author":2,"featured_media":0,"parent":0,"menu_order":0,"comment_status":"closed","ping_status":"closed","template":"","meta":{"_et_pb_use_builder":"on","_et_pb_old_content":"","_et_gb_content_width":"","footnotes":""},"dipi_cpt_category":[],"class_list":["post-5230","page","type-page","status-publish","hentry"],"yoast_head":"<!-- This site is optimized with the Yoast SEO plugin v27.2 - https:\/\/yoast.com\/product\/yoast-seo-wordpress\/ -->\n<title>HA-WI Kunststoffe - Votre partenaire pour la transformation des mati\u00e8res plastiques<\/title>\n<meta name=\"description\" content=\"Nous sommes une entreprise dirig\u00e9e par son propri\u00e9taire, avec plus de 50 ans d&#039;exp\u00e9rience dans la fabrication de produits en plastique de haute qualit\u00e9.\" \/>\n<meta name=\"robots\" content=\"index, follow, max-snippet:-1, max-image-preview:large, max-video-preview:-1\" \/>\n<link rel=\"canonical\" href=\"https:\/\/ha-wi.com\/fr\/societe\/\" \/>\n<meta property=\"og:locale\" content=\"fr_FR\" \/>\n<meta property=\"og:type\" content=\"article\" \/>\n<meta property=\"og:title\" content=\"HA-WI Kunststoffe - Votre partenaire pour la transformation des mati\u00e8res plastiques\" \/>\n<meta property=\"og:description\" content=\"Nous sommes une entreprise dirig\u00e9e par son propri\u00e9taire, avec plus de 50 ans d&#039;exp\u00e9rience dans la fabrication de produits en plastique de haute qualit\u00e9.\" \/>\n<meta property=\"og:url\" content=\"https:\/\/ha-wi.com\/fr\/societe\/\" \/>\n<meta property=\"og:site_name\" content=\"HA-WI Kunststoffe\" \/>\n<meta property=\"article:modified_time\" content=\"2025-05-07T07:47:18+00:00\" \/>\n<meta name=\"twitter:label1\" content=\"Dur\u00e9e de lecture estim\u00e9e\" \/>\n\t<meta name=\"twitter:data1\" content=\"8 minutes\" \/>\n<script type=\"application\/ld+json\" class=\"yoast-schema-graph\">{\"@context\":\"https:\/\/schema.org\",\"@graph\":[{\"@type\":\"WebPage\",\"@id\":\"https:\/\/ha-wi.com\/fr\/societe\/\",\"url\":\"https:\/\/ha-wi.com\/fr\/societe\/\",\"name\":\"HA-WI Kunststoffe - Votre partenaire pour la transformation des mati\u00e8res plastiques\",\"isPartOf\":{\"@id\":\"https:\/\/ha-wi.com\/fr\/#website\"},\"datePublished\":\"2024-08-06T10:59:01+00:00\",\"dateModified\":\"2025-05-07T07:47:18+00:00\",\"description\":\"Nous sommes une entreprise dirig\u00e9e par son propri\u00e9taire, avec plus de 50 ans d'exp\u00e9rience dans la fabrication de produits en plastique de haute qualit\u00e9.\",\"breadcrumb\":{\"@id\":\"https:\/\/ha-wi.com\/fr\/societe\/#breadcrumb\"},\"inLanguage\":\"fr-FR\",\"potentialAction\":[{\"@type\":\"ReadAction\",\"target\":[\"https:\/\/ha-wi.com\/fr\/societe\/\"]}]},{\"@type\":\"BreadcrumbList\",\"@id\":\"https:\/\/ha-wi.com\/fr\/societe\/#breadcrumb\",\"itemListElement\":[{\"@type\":\"ListItem\",\"position\":1,\"name\":\"Startseite\",\"item\":\"https:\/\/ha-wi.com\/fr\/page-daccueil\/\"},{\"@type\":\"ListItem\",\"position\":2,\"name\":\"Soci\u00e9t\u00e9\"}]},{\"@type\":\"WebSite\",\"@id\":\"https:\/\/ha-wi.com\/fr\/#website\",\"url\":\"https:\/\/ha-wi.com\/fr\/\",\"name\":\"HA-WI Kunststoffe: pr\u00e4zise Spritzgussteile aus Bad Laasphe\",\"description\":\"\",\"publisher\":{\"@id\":\"https:\/\/ha-wi.com\/fr\/#organization\"},\"potentialAction\":[{\"@type\":\"SearchAction\",\"target\":{\"@type\":\"EntryPoint\",\"urlTemplate\":\"https:\/\/ha-wi.com\/fr\/?s={search_term_string}\"},\"query-input\":{\"@type\":\"PropertyValueSpecification\",\"valueRequired\":true,\"valueName\":\"search_term_string\"}}],\"inLanguage\":\"fr-FR\"},{\"@type\":\"Organization\",\"@id\":\"https:\/\/ha-wi.com\/fr\/#organization\",\"name\":\"HA-WI Kunststoffe GmbH & Co. KG\",\"url\":\"https:\/\/ha-wi.com\/fr\/\",\"logo\":{\"@type\":\"ImageObject\",\"inLanguage\":\"fr-FR\",\"@id\":\"https:\/\/ha-wi.com\/fr\/#\/schema\/logo\/image\/\",\"url\":\"https:\/\/ha-wi.com\/wp-content\/uploads\/2024\/08\/logo-hawi-kunststoffe.svg\",\"contentUrl\":\"https:\/\/ha-wi.com\/wp-content\/uploads\/2024\/08\/logo-hawi-kunststoffe.svg\",\"width\":1,\"height\":1,\"caption\":\"HA-WI Kunststoffe GmbH & Co. KG\"},\"image\":{\"@id\":\"https:\/\/ha-wi.com\/fr\/#\/schema\/logo\/image\/\"}}]}<\/script>\n<!-- \/ Yoast SEO plugin. -->","yoast_head_json":{"title":"HA-WI Kunststoffe - Votre partenaire pour la transformation des mati\u00e8res plastiques","description":"Nous sommes une entreprise dirig\u00e9e par son propri\u00e9taire, avec plus de 50 ans d'exp\u00e9rience dans la fabrication de produits en plastique de haute qualit\u00e9.","robots":{"index":"index","follow":"follow","max-snippet":"max-snippet:-1","max-image-preview":"max-image-preview:large","max-video-preview":"max-video-preview:-1"},"canonical":"https:\/\/ha-wi.com\/fr\/societe\/","og_locale":"fr_FR","og_type":"article","og_title":"HA-WI Kunststoffe - Votre partenaire pour la transformation des mati\u00e8res plastiques","og_description":"Nous sommes une entreprise dirig\u00e9e par son propri\u00e9taire, avec plus de 50 ans d'exp\u00e9rience dans la fabrication de produits en plastique de haute qualit\u00e9.","og_url":"https:\/\/ha-wi.com\/fr\/societe\/","og_site_name":"HA-WI Kunststoffe","article_modified_time":"2025-05-07T07:47:18+00:00","twitter_misc":{"Dur\u00e9e de lecture estim\u00e9e":"8 minutes"},"schema":{"@context":"https:\/\/schema.org","@graph":[{"@type":"WebPage","@id":"https:\/\/ha-wi.com\/fr\/societe\/","url":"https:\/\/ha-wi.com\/fr\/societe\/","name":"HA-WI Kunststoffe - Votre partenaire pour la transformation des mati\u00e8res plastiques","isPartOf":{"@id":"https:\/\/ha-wi.com\/fr\/#website"},"datePublished":"2024-08-06T10:59:01+00:00","dateModified":"2025-05-07T07:47:18+00:00","description":"Nous sommes une entreprise dirig\u00e9e par son propri\u00e9taire, avec plus de 50 ans d'exp\u00e9rience dans la fabrication de produits en plastique de haute qualit\u00e9.","breadcrumb":{"@id":"https:\/\/ha-wi.com\/fr\/societe\/#breadcrumb"},"inLanguage":"fr-FR","potentialAction":[{"@type":"ReadAction","target":["https:\/\/ha-wi.com\/fr\/societe\/"]}]},{"@type":"BreadcrumbList","@id":"https:\/\/ha-wi.com\/fr\/societe\/#breadcrumb","itemListElement":[{"@type":"ListItem","position":1,"name":"Startseite","item":"https:\/\/ha-wi.com\/fr\/page-daccueil\/"},{"@type":"ListItem","position":2,"name":"Soci\u00e9t\u00e9"}]},{"@type":"WebSite","@id":"https:\/\/ha-wi.com\/fr\/#website","url":"https:\/\/ha-wi.com\/fr\/","name":"HA-WI Kunststoffe: pr\u00e4zise Spritzgussteile aus Bad Laasphe","description":"","publisher":{"@id":"https:\/\/ha-wi.com\/fr\/#organization"},"potentialAction":[{"@type":"SearchAction","target":{"@type":"EntryPoint","urlTemplate":"https:\/\/ha-wi.com\/fr\/?s={search_term_string}"},"query-input":{"@type":"PropertyValueSpecification","valueRequired":true,"valueName":"search_term_string"}}],"inLanguage":"fr-FR"},{"@type":"Organization","@id":"https:\/\/ha-wi.com\/fr\/#organization","name":"HA-WI Kunststoffe GmbH & Co. KG","url":"https:\/\/ha-wi.com\/fr\/","logo":{"@type":"ImageObject","inLanguage":"fr-FR","@id":"https:\/\/ha-wi.com\/fr\/#\/schema\/logo\/image\/","url":"https:\/\/ha-wi.com\/wp-content\/uploads\/2024\/08\/logo-hawi-kunststoffe.svg","contentUrl":"https:\/\/ha-wi.com\/wp-content\/uploads\/2024\/08\/logo-hawi-kunststoffe.svg","width":1,"height":1,"caption":"HA-WI Kunststoffe GmbH & Co. KG"},"image":{"@id":"https:\/\/ha-wi.com\/fr\/#\/schema\/logo\/image\/"}}]}},"_links":{"self":[{"href":"https:\/\/ha-wi.com\/fr\/wp-json\/wp\/v2\/pages\/5230","targetHints":{"allow":["GET"]}}],"collection":[{"href":"https:\/\/ha-wi.com\/fr\/wp-json\/wp\/v2\/pages"}],"about":[{"href":"https:\/\/ha-wi.com\/fr\/wp-json\/wp\/v2\/types\/page"}],"author":[{"embeddable":true,"href":"https:\/\/ha-wi.com\/fr\/wp-json\/wp\/v2\/users\/2"}],"replies":[{"embeddable":true,"href":"https:\/\/ha-wi.com\/fr\/wp-json\/wp\/v2\/comments?post=5230"}],"version-history":[{"count":3,"href":"https:\/\/ha-wi.com\/fr\/wp-json\/wp\/v2\/pages\/5230\/revisions"}],"predecessor-version":[{"id":10784,"href":"https:\/\/ha-wi.com\/fr\/wp-json\/wp\/v2\/pages\/5230\/revisions\/10784"}],"wp:attachment":[{"href":"https:\/\/ha-wi.com\/fr\/wp-json\/wp\/v2\/media?parent=5230"}],"wp:term":[{"taxonomy":"dipi_cpt_category","embeddable":true,"href":"https:\/\/ha-wi.com\/fr\/wp-json\/wp\/v2\/dipi_cpt_category?post=5230"}],"curies":[{"name":"wp","href":"https:\/\/api.w.org\/{rel}","templated":true}]}}