{"id":5196,"date":"2024-08-06T12:59:27","date_gmt":"2024-08-06T10:59:27","guid":{"rendered":"https:\/\/dev.freiwerk.de\/hawi\/mentions-legales\/"},"modified":"2025-05-02T20:42:58","modified_gmt":"2025-05-02T18:42:58","slug":"mentions-legales","status":"publish","type":"page","link":"https:\/\/ha-wi.com\/fr\/mentions-legales\/","title":{"rendered":"Mentions l\u00e9gales"},"content":{"rendered":"<p>[et_pb_section fb_built=&#8221;1&#8243; _builder_version=&#8221;4.27.4&#8243; _module_preset=&#8221;default&#8221; global_colors_info=&#8221;{}&#8221;][et_pb_row _builder_version=&#8221;4.27.4&#8243; _module_preset=&#8221;default&#8221; global_colors_info=&#8221;{}&#8221;][et_pb_column type=&#8221;4_4&#8243; _builder_version=&#8221;4.27.4&#8243; _module_preset=&#8221;default&#8221; global_colors_info=&#8221;{}&#8221;][et_pb_text _builder_version=&#8221;4.27.4&#8243; _module_preset=&#8221;default&#8221; header_text_color=&#8221;#5D5D61&#8243; header_2_text_color=&#8221;#5D5D61&#8243; header_3_text_color=&#8221;#5D5D61&#8243; header_4_text_color=&#8221;#5D5D61&#8243; header_5_text_color=&#8221;#5D5D61&#8243; header_6_text_color=&#8221;#5D5D61&#8243; global_colors_info=&#8221;{}&#8221;]<\/p>\n<p class=\"p1\"><h1>Impressum<\/h1>\n\n<p>HA-WI Kunststoffe GmbH &amp; Co. KG<br \/>\nObere Espen 2<br \/>\nIndustriegebiet In den Espen<br \/>\n57334 Bad Laasphe<\/p>\n\n<p>Handelsregister: HRA 7158<br \/>\nRegistergericht: Amtsgericht Siegen<\/p>\n\n<p><strong>Vertreten durch:<\/strong><br \/>\nKU-FA Kunststoffe GmbH<\/p>\n\n<p>Diese vertreten durch:<br \/>\nHenning Afflerbach<br \/>\r\nPeter Schulz<\/p>\n\n<p>Handelsregister: HRB 8267<br \/>\nRegistergericht: Amtsgericht Siegen<\/p>\n\n<h2>Kontakt<\/h2>\n<p>Telefon: 02754 3746 - 0<br \/>\nE-Mail: info@ha-wi.com<\/p>\n\n<h2>Umsatzsteuer-ID<\/h2>\n<p>Umsatzsteuer-Identifikationsnummer gem&auml;&szlig; &sect; 27 a Umsatzsteuergesetz:<br \/>\nDE201004643<\/p>\n\n<h2>Verbraucher&shy;streit&shy;beilegung\/Universal&shy;schlichtungs&shy;stelle<\/h2>\n<p>Wir sind nicht bereit oder verpflichtet, an Streitbeilegungsverfahren vor einer Verbraucherschlichtungsstelle teilzunehmen.<\/p><\/p>\n<p>[\/et_pb_text][\/et_pb_column][\/et_pb_row][\/et_pb_section]<\/p>\n","protected":false},"excerpt":{"rendered":"<h1>Impressum<\/h1>\n\n<p>HA-WI Kunststoffe GmbH &amp; Co. KG<br \/>\nObere Espen 2<br \/>\nIndustriegebiet In den Espen<br \/>\n57334 Bad Laasphe<\/p>\n\n<p>Handelsregister: HRA 7158<br \/>\nRegistergericht: Amtsgericht Siegen<\/p>\n\n<p><strong>Vertreten durch:<\/strong><br \/>\nKU-FA Kunststoffe GmbH<\/p>\n\n<p>Diese vertreten durch:<br \/>\nHenning Afflerbach<br \/>\r\nPeter Schulz<\/p>\n\n<p>Handelsregister: HRB 8267<br \/>\nRegistergericht: Amtsgericht Siegen<\/p>\n\n<h2>Kontakt<\/h2>\n<p>Telefon: 02754 3746 - 0<br \/>\nE-Mail: info@ha-wi.com<\/p>\n\n<h2>Umsatzsteuer-ID<\/h2>\n<p>Umsatzsteuer-Identifikationsnummer gem&auml;&szlig; &sect; 27 a Umsatzsteuergesetz:<br \/>\nDE201004643<\/p>\n\n<h2>Verbraucher&shy;streit&shy;beilegung\/Universal&shy;schlichtungs&shy;stelle<\/h2>\n<p>Wir sind nicht bereit oder verpflichtet, an Streitbeilegungsverfahren vor einer Verbraucherschlichtungsstelle teilzunehmen.<\/p>\n","protected":false},"author":2,"featured_media":0,"parent":0,"menu_order":0,"comment_status":"closed","ping_status":"closed","template":"","meta":{"_et_pb_use_builder":"on","_et_pb_old_content":"","_et_gb_content_width":"","footnotes":""},"dipi_cpt_category":[],"class_list":["post-5196","page","type-page","status-publish","hentry"],"yoast_head":"<!-- This site is optimized with the Yoast SEO plugin v27.2 - https:\/\/yoast.com\/product\/yoast-seo-wordpress\/ -->\n<title>Mentions l\u00e9gales de la soci\u00e9t\u00e9 HA-WI Kunststoffe GmbH &amp; Co. KG<\/title>\n<meta name=\"robots\" content=\"index, follow, max-snippet:-1, max-image-preview:large, max-video-preview:-1\" \/>\n<link rel=\"canonical\" href=\"https:\/\/ha-wi.com\/fr\/mentions-legales\/\" \/>\n<meta property=\"og:locale\" content=\"fr_FR\" \/>\n<meta property=\"og:type\" content=\"article\" \/>\n<meta property=\"og:title\" content=\"Mentions l\u00e9gales de la soci\u00e9t\u00e9 HA-WI Kunststoffe GmbH &amp; Co. KG\" \/>\n<meta property=\"og:url\" content=\"https:\/\/ha-wi.com\/fr\/mentions-legales\/\" \/>\n<meta property=\"og:site_name\" content=\"HA-WI Kunststoffe\" \/>\n<meta property=\"article:modified_time\" content=\"2025-05-02T18:42:58+00:00\" \/>\n<script type=\"application\/ld+json\" class=\"yoast-schema-graph\">{\"@context\":\"https:\/\/schema.org\",\"@graph\":[{\"@type\":\"WebPage\",\"@id\":\"https:\/\/ha-wi.com\/fr\/mentions-legales\/\",\"url\":\"https:\/\/ha-wi.com\/fr\/mentions-legales\/\",\"name\":\"Mentions l\u00e9gales de la soci\u00e9t\u00e9 HA-WI Kunststoffe GmbH & Co. KG\",\"isPartOf\":{\"@id\":\"https:\/\/ha-wi.com\/fr\/#website\"},\"datePublished\":\"2024-08-06T10:59:27+00:00\",\"dateModified\":\"2025-05-02T18:42:58+00:00\",\"breadcrumb\":{\"@id\":\"https:\/\/ha-wi.com\/fr\/mentions-legales\/#breadcrumb\"},\"inLanguage\":\"fr-FR\",\"potentialAction\":[{\"@type\":\"ReadAction\",\"target\":[\"https:\/\/ha-wi.com\/fr\/mentions-legales\/\"]}]},{\"@type\":\"BreadcrumbList\",\"@id\":\"https:\/\/ha-wi.com\/fr\/mentions-legales\/#breadcrumb\",\"itemListElement\":[{\"@type\":\"ListItem\",\"position\":1,\"name\":\"Startseite\",\"item\":\"https:\/\/ha-wi.com\/fr\/page-daccueil\/\"},{\"@type\":\"ListItem\",\"position\":2,\"name\":\"Mentions l\u00e9gales\"}]},{\"@type\":\"WebSite\",\"@id\":\"https:\/\/ha-wi.com\/fr\/#website\",\"url\":\"https:\/\/ha-wi.com\/fr\/\",\"name\":\"HA-WI Kunststoffe: pr\u00e4zise Spritzgussteile aus Bad Laasphe\",\"description\":\"\",\"publisher\":{\"@id\":\"https:\/\/ha-wi.com\/fr\/#organization\"},\"potentialAction\":[{\"@type\":\"SearchAction\",\"target\":{\"@type\":\"EntryPoint\",\"urlTemplate\":\"https:\/\/ha-wi.com\/fr\/?s={search_term_string}\"},\"query-input\":{\"@type\":\"PropertyValueSpecification\",\"valueRequired\":true,\"valueName\":\"search_term_string\"}}],\"inLanguage\":\"fr-FR\"},{\"@type\":\"Organization\",\"@id\":\"https:\/\/ha-wi.com\/fr\/#organization\",\"name\":\"HA-WI Kunststoffe GmbH & Co. KG\",\"url\":\"https:\/\/ha-wi.com\/fr\/\",\"logo\":{\"@type\":\"ImageObject\",\"inLanguage\":\"fr-FR\",\"@id\":\"https:\/\/ha-wi.com\/fr\/#\/schema\/logo\/image\/\",\"url\":\"https:\/\/ha-wi.com\/wp-content\/uploads\/2024\/08\/logo-hawi-kunststoffe.svg\",\"contentUrl\":\"https:\/\/ha-wi.com\/wp-content\/uploads\/2024\/08\/logo-hawi-kunststoffe.svg\",\"width\":1,\"height\":1,\"caption\":\"HA-WI Kunststoffe GmbH & Co. KG\"},\"image\":{\"@id\":\"https:\/\/ha-wi.com\/fr\/#\/schema\/logo\/image\/\"}}]}<\/script>\n<!-- \/ Yoast SEO plugin. -->","yoast_head_json":{"title":"Mentions l\u00e9gales de la soci\u00e9t\u00e9 HA-WI Kunststoffe GmbH & Co. KG","robots":{"index":"index","follow":"follow","max-snippet":"max-snippet:-1","max-image-preview":"max-image-preview:large","max-video-preview":"max-video-preview:-1"},"canonical":"https:\/\/ha-wi.com\/fr\/mentions-legales\/","og_locale":"fr_FR","og_type":"article","og_title":"Mentions l\u00e9gales de la soci\u00e9t\u00e9 HA-WI Kunststoffe GmbH & Co. KG","og_url":"https:\/\/ha-wi.com\/fr\/mentions-legales\/","og_site_name":"HA-WI Kunststoffe","article_modified_time":"2025-05-02T18:42:58+00:00","schema":{"@context":"https:\/\/schema.org","@graph":[{"@type":"WebPage","@id":"https:\/\/ha-wi.com\/fr\/mentions-legales\/","url":"https:\/\/ha-wi.com\/fr\/mentions-legales\/","name":"Mentions l\u00e9gales de la soci\u00e9t\u00e9 HA-WI Kunststoffe GmbH & Co. KG","isPartOf":{"@id":"https:\/\/ha-wi.com\/fr\/#website"},"datePublished":"2024-08-06T10:59:27+00:00","dateModified":"2025-05-02T18:42:58+00:00","breadcrumb":{"@id":"https:\/\/ha-wi.com\/fr\/mentions-legales\/#breadcrumb"},"inLanguage":"fr-FR","potentialAction":[{"@type":"ReadAction","target":["https:\/\/ha-wi.com\/fr\/mentions-legales\/"]}]},{"@type":"BreadcrumbList","@id":"https:\/\/ha-wi.com\/fr\/mentions-legales\/#breadcrumb","itemListElement":[{"@type":"ListItem","position":1,"name":"Startseite","item":"https:\/\/ha-wi.com\/fr\/page-daccueil\/"},{"@type":"ListItem","position":2,"name":"Mentions l\u00e9gales"}]},{"@type":"WebSite","@id":"https:\/\/ha-wi.com\/fr\/#website","url":"https:\/\/ha-wi.com\/fr\/","name":"HA-WI Kunststoffe: pr\u00e4zise Spritzgussteile aus Bad Laasphe","description":"","publisher":{"@id":"https:\/\/ha-wi.com\/fr\/#organization"},"potentialAction":[{"@type":"SearchAction","target":{"@type":"EntryPoint","urlTemplate":"https:\/\/ha-wi.com\/fr\/?s={search_term_string}"},"query-input":{"@type":"PropertyValueSpecification","valueRequired":true,"valueName":"search_term_string"}}],"inLanguage":"fr-FR"},{"@type":"Organization","@id":"https:\/\/ha-wi.com\/fr\/#organization","name":"HA-WI Kunststoffe GmbH & Co. KG","url":"https:\/\/ha-wi.com\/fr\/","logo":{"@type":"ImageObject","inLanguage":"fr-FR","@id":"https:\/\/ha-wi.com\/fr\/#\/schema\/logo\/image\/","url":"https:\/\/ha-wi.com\/wp-content\/uploads\/2024\/08\/logo-hawi-kunststoffe.svg","contentUrl":"https:\/\/ha-wi.com\/wp-content\/uploads\/2024\/08\/logo-hawi-kunststoffe.svg","width":1,"height":1,"caption":"HA-WI Kunststoffe GmbH & Co. KG"},"image":{"@id":"https:\/\/ha-wi.com\/fr\/#\/schema\/logo\/image\/"}}]}},"_links":{"self":[{"href":"https:\/\/ha-wi.com\/fr\/wp-json\/wp\/v2\/pages\/5196","targetHints":{"allow":["GET"]}}],"collection":[{"href":"https:\/\/ha-wi.com\/fr\/wp-json\/wp\/v2\/pages"}],"about":[{"href":"https:\/\/ha-wi.com\/fr\/wp-json\/wp\/v2\/types\/page"}],"author":[{"embeddable":true,"href":"https:\/\/ha-wi.com\/fr\/wp-json\/wp\/v2\/users\/2"}],"replies":[{"embeddable":true,"href":"https:\/\/ha-wi.com\/fr\/wp-json\/wp\/v2\/comments?post=5196"}],"version-history":[{"count":3,"href":"https:\/\/ha-wi.com\/fr\/wp-json\/wp\/v2\/pages\/5196\/revisions"}],"predecessor-version":[{"id":10560,"href":"https:\/\/ha-wi.com\/fr\/wp-json\/wp\/v2\/pages\/5196\/revisions\/10560"}],"wp:attachment":[{"href":"https:\/\/ha-wi.com\/fr\/wp-json\/wp\/v2\/media?parent=5196"}],"wp:term":[{"taxonomy":"dipi_cpt_category","embeddable":true,"href":"https:\/\/ha-wi.com\/fr\/wp-json\/wp\/v2\/dipi_cpt_category?post=5196"}],"curies":[{"name":"wp","href":"https:\/\/api.w.org\/{rel}","templated":true}]}}